{"id":533,"date":"2023-10-23T18:36:57","date_gmt":"2023-10-23T10:36:57","guid":{"rendered":"https:\/\/www.goldpiercingfactory.com\/?page_id=533"},"modified":"2025-01-17T17:14:27","modified_gmt":"2025-01-17T09:14:27","slug":"customer-designs","status":"publish","type":"page","link":"https:\/\/www.goldpiercingfactory.com\/es\/customer-designs\/","title":{"rendered":"Dise\u00f1os de clientes"},"content":{"rendered":"<div data-elementor-type=\"wp-page\" data-elementor-id=\"533\" class=\"elementor elementor-533\" data-elementor-post-type=\"page\">\n\t\t\t\t\t\t<section class=\"elementor-section elementor-top-section elementor-element elementor-element-76674cc elementor-section-boxed elementor-section-height-default elementor-section-height-default\" data-id=\"76674cc\" data-element_type=\"section\" data-settings=\"{&quot;background_background&quot;:&quot;classic&quot;}\">\n\t\t\t\t\t\t<div class=\"elementor-container elementor-column-gap-default\">\n\t\t\t\t\t<div class=\"elementor-column elementor-col-50 elementor-top-column elementor-element elementor-element-6d22eef\" data-id=\"6d22eef\" data-element_type=\"column\">\n\t\t\t<div class=\"elementor-widget-wrap elementor-element-populated\">\n\t\t\t\t\t\t<div class=\"elementor-element elementor-element-43acb8b elementor-widget elementor-widget-heading\" data-id=\"43acb8b\" data-element_type=\"widget\" data-widget_type=\"heading.default\">\n\t\t\t\t<div class=\"elementor-widget-container\">\n\t\t\t<style>\/*! elementor - v3.21.0 - 24-04-2024 *\/\n.elementor-heading-title{padding:0;margin:0;line-height:1}.elementor-widget-heading .elementor-heading-title[class*=elementor-size-]>a{color:inherit;font-size:inherit;line-height:inherit}.elementor-widget-heading .elementor-heading-title.elementor-size-small{font-size:15px}.elementor-widget-heading .elementor-heading-title.elementor-size-medium{font-size:19px}.elementor-widget-heading .elementor-heading-title.elementor-size-large{font-size:29px}.elementor-widget-heading .elementor-heading-title.elementor-size-xl{font-size:39px}.elementor-widget-heading .elementor-heading-title.elementor-size-xxl{font-size:59px}<\/style><h1 class=\"elementor-heading-title elementor-size-default\">Dise\u00f1os de clientes<\/h1>\t\t<\/div>\n\t\t\t\t<\/div>\n\t\t\t\t<div class=\"elementor-element elementor-element-8d79c34 elementor-icon-list--layout-inline elementor-align-left elementor-list-item-link-full_width elementor-widget elementor-widget-icon-list\" data-id=\"8d79c34\" data-element_type=\"widget\" data-widget_type=\"icon-list.default\">\n\t\t\t\t<div class=\"elementor-widget-container\">\n\t\t\t<link rel=\"stylesheet\" href=\"https:\/\/www.goldpiercingfactory.com\/wp-content\/uploads\/elementor\/css\/custom-widget-icon-list.min.css?ver=1733820275\">\t\t<ul class=\"elementor-icon-list-items elementor-inline-items\">\n\t\t\t\t\t\t\t<li class=\"elementor-icon-list-item elementor-inline-item\">\n\t\t\t\t\t\t\t\t\t\t<span class=\"elementor-icon-list-text\">Inicio<\/span>\n\t\t\t\t\t\t\t\t\t<\/li>\n\t\t\t\t\t\t\t\t<li class=\"elementor-icon-list-item elementor-inline-item\">\n\t\t\t\t\t\t\t\t\t\t\t<span class=\"elementor-icon-list-icon\">\n\t\t\t\t\t\t\t<i aria-hidden=\"true\" class=\"icon icon-right-arrow\"><\/i>\t\t\t\t\t\t<\/span>\n\t\t\t\t\t\t\t\t\t\t<span class=\"elementor-icon-list-text\">Dise\u00f1os de clientes<\/span>\n\t\t\t\t\t\t\t\t\t<\/li>\n\t\t\t\t\t\t<\/ul>\n\t\t\t\t<\/div>\n\t\t\t\t<\/div>\n\t\t\t\t\t<\/div>\n\t\t<\/div>\n\t\t\t\t<div class=\"elementor-column elementor-col-50 elementor-top-column elementor-element elementor-element-ed40de4\" data-id=\"ed40de4\" data-element_type=\"column\">\n\t\t\t<div class=\"elementor-widget-wrap elementor-element-populated\">\n\t\t\t\t\t\t<div class=\"elementor-element elementor-element-a52cbf8 elementor-widget elementor-widget-image\" data-id=\"a52cbf8\" data-element_type=\"widget\" data-widget_type=\"image.default\">\n\t\t\t\t<div class=\"elementor-widget-container\">\n\t\t\t<style>\/*! elementor - v3.21.0 - 24-04-2024 *\/\n.elementor-widget-image{text-align:center}.elementor-widget-image a{display:inline-block}.elementor-widget-image a img[src$=\".svg\"]{width:48px}.elementor-widget-image img{vertical-align:middle;display:inline-block}<\/style>\t\t\t\t\t\t\t\t\t\t<img fetchpriority=\"high\" decoding=\"async\" width=\"800\" height=\"296\" src=\"https:\/\/www.goldpiercingfactory.com\/wp-content\/uploads\/2024\/01\/2\u7ea7\u9875\u9762-2-1024x379.jpg\" class=\"attachment-large size-large wp-image-3715\"  srcset=\"https:\/\/www.goldpiercingfactory.com\/wp-content\/uploads\/2024\/01\/2\u7ea7\u9875\u9762-2-1024x379.jpg 1024w, https:\/\/www.goldpiercingfactory.com\/wp-content\/uploads\/2024\/01\/2\u7ea7\u9875\u9762-2-1000x370.jpg 1000w, https:\/\/www.goldpiercingfactory.com\/wp-content\/uploads\/2024\/01\/2\u7ea7\u9875\u9762-2-800x296.jpg 800w, https:\/\/www.goldpiercingfactory.com\/wp-content\/uploads\/2024\/01\/2\u7ea7\u9875\u9762-2-768x284.jpg 768w, https:\/\/www.goldpiercingfactory.com\/wp-content\/uploads\/2024\/01\/2\u7ea7\u9875\u9762-2.jpg 1200w\" sizes=\"(max-width: 800px) 100vw, 800px\" title=\"Customer Designs-\" alt=\"Customer Designs-\" \/>\t\t\t\t\t\t\t\t\t\t\t\t\t<\/div>\n\t\t\t\t<\/div>\n\t\t\t\t\t<\/div>\n\t\t<\/div>\n\t\t\t\t\t<\/div>\n\t\t<\/section>\n\t\t\t\t<section class=\"elementor-section elementor-top-section elementor-element elementor-element-e8b14b0 elementor-section-boxed elementor-section-height-default elementor-section-height-default\" data-id=\"e8b14b0\" data-element_type=\"section\">\n\t\t\t\t\t\t<div class=\"elementor-container elementor-column-gap-default\">\n\t\t\t\t\t<div class=\"elementor-column elementor-col-50 elementor-top-column elementor-element elementor-element-04d3bd5\" data-id=\"04d3bd5\" data-element_type=\"column\">\n\t\t\t<div class=\"elementor-widget-wrap elementor-element-populated\">\n\t\t\t\t\t\t<div class=\"elementor-element elementor-element-8b16af1 elementor-widget elementor-widget-heading\" data-id=\"8b16af1\" data-element_type=\"widget\" data-widget_type=\"heading.default\">\n\t\t\t\t<div class=\"elementor-widget-container\">\n\t\t\t<h2 class=\"elementor-heading-title elementor-size-default\">En GPF Jewelry<\/h2>\t\t<\/div>\n\t\t\t\t<\/div>\n\t\t\t\t<div class=\"elementor-element elementor-element-e0ae54d elementor-invisible elementor-widget elementor-widget-heading\" data-id=\"e0ae54d\" data-element_type=\"widget\" data-settings=\"{&quot;_animation&quot;:&quot;zoomIn&quot;}\" data-widget_type=\"heading.default\">\n\t\t\t\t<div class=\"elementor-widget-container\">\n\t\t\t<h2 class=\"elementor-heading-title elementor-size-default\">Dise\u00f1os de clientes<\/h2>\t\t<\/div>\n\t\t\t\t<\/div>\n\t\t\t\t<section class=\"elementor-section elementor-inner-section elementor-element elementor-element-aadc598 elementor-section-boxed elementor-section-height-default elementor-section-height-default\" data-id=\"aadc598\" data-element_type=\"section\">\n\t\t\t\t\t\t<div class=\"elementor-container elementor-column-gap-default\">\n\t\t\t\t\t<div class=\"elementor-column elementor-col-100 elementor-inner-column elementor-element elementor-element-7882e66\" data-id=\"7882e66\" data-element_type=\"column\">\n\t\t\t<div class=\"elementor-widget-wrap elementor-element-populated\">\n\t\t\t\t\t\t<div class=\"elementor-element elementor-element-7805804 elementor-widget elementor-widget-text-editor\" data-id=\"7805804\" data-element_type=\"widget\" data-widget_type=\"text-editor.default\">\n\t\t\t\t<div class=\"elementor-widget-container\">\n\t\t\t<style>\/*! elementor - v3.21.0 - 24-04-2024 *\/\n.elementor-widget-text-editor.elementor-drop-cap-view-stacked .elementor-drop-cap{background-color:#69727d;color:#fff}.elementor-widget-text-editor.elementor-drop-cap-view-framed .elementor-drop-cap{color:#69727d;border:3px solid;background-color:transparent}.elementor-widget-text-editor:not(.elementor-drop-cap-view-default) .elementor-drop-cap{margin-top:8px}.elementor-widget-text-editor:not(.elementor-drop-cap-view-default) .elementor-drop-cap-letter{width:1em;height:1em}.elementor-widget-text-editor .elementor-drop-cap{float:left;text-align:center;line-height:1;font-size:50px}.elementor-widget-text-editor .elementor-drop-cap-letter{display:inline-block}<\/style>\t\t\t\t<p>\u00a0 \u00a0 \u00a0GPF Piercing entiende que los usuarios de joyas para el cuerpo buscan una manera de expresar su originalidad mediante el uso de su propio cuerpo y, sin embargo, la individualidad no es f\u00e1cil cuando se usa las mismas piezas de acero quir\u00fargico que todos los dem\u00e1s. Es por esa raz\u00f3n que GPF. GPF le propone usted, nuestros clientes, para desarrollar sus propios productos, sus propias marcas.<br \/>\u00a0 \u00a0 \u00a0Colocamos a su disposici\u00f3n completa, nuestros equipos de dise\u00f1o y nuestra f\u00e1brica para que puedas darte cuenta de las piezas m\u00e1s incre\u00edbles de joyas para el cuerpo o joyas de moda que el mundo de las joyas tiene para ofrecer.<br \/>\u00a0 \u00a0 \u00a0Si bien algunos de ustedes ya han sido convencidos por la idea de tener los productos de sus sue\u00f1os m\u00e1s salvajes transformados en impresionantes productos de joyer\u00eda \/ joyer\u00eda de joyer\u00eda por parte de nuestro equipo de dise\u00f1o, \u00a1otros tambi\u00e9n requerir\u00e1n, como se entiende, para acceder al sello de calidad perforador de GPF! (Art\u00edculos sin n\u00edquel, alta calidad de plata y superior al 92.5% de contenido de plata, etc.)<br \/><strong>T\u00e9rminos OEM de GPF:<\/strong> Los dise\u00f1os personalizados ahora vienen con una cantidad m\u00ednima de pedido flexible de<strong> 20-50 piezas<\/strong>, adaptado al estilo espec\u00edfico. Esto le permite comenzar a crear productos \u00fanicos con facilidad y asequibilidad. Con nuestro proceso simplificado, convertir las ideas de su marca en realidad nunca ha sido m\u00e1s simple.<\/p>\t\t\t\t\t\t<\/div>\n\t\t\t\t<\/div>\n\t\t\t\t<div class=\"elementor-element elementor-element-8af4140 elementor-widget elementor-widget-image\" data-id=\"8af4140\" data-element_type=\"widget\" data-widget_type=\"image.default\">\n\t\t\t\t<div class=\"elementor-widget-container\">\n\t\t\t\t\t\t\t\t\t\t\t\t\t<img decoding=\"async\" width=\"1200\" height=\"419\" src=\"https:\/\/www.goldpiercingfactory.com\/wp-content\/uploads\/2024\/03\/customer_D_pic.webp\" class=\"attachment-full size-full wp-image-4714\"  srcset=\"https:\/\/www.goldpiercingfactory.com\/wp-content\/uploads\/2024\/03\/customer_D_pic.webp 1200w, https:\/\/www.goldpiercingfactory.com\/wp-content\/uploads\/2024\/03\/customer_D_pic-1000x349.webp 1000w, https:\/\/www.goldpiercingfactory.com\/wp-content\/uploads\/2024\/03\/customer_D_pic-1024x358.webp 1024w, https:\/\/www.goldpiercingfactory.com\/wp-content\/uploads\/2024\/03\/customer_D_pic-800x279.webp 800w, https:\/\/www.goldpiercingfactory.com\/wp-content\/uploads\/2024\/03\/customer_D_pic-768x268.webp 768w\" sizes=\"(max-width: 1200px) 100vw, 1200px\" title=\"Customer Designs-1\" alt=\"Customer Designs-1\" \/>\t\t\t\t\t\t\t\t\t\t\t\t\t<\/div>\n\t\t\t\t<\/div>\n\t\t\t\t\t<\/div>\n\t\t<\/div>\n\t\t\t\t\t<\/div>\n\t\t<\/section>\n\t\t\t\t\t<\/div>\n\t\t<\/div>\n\t\t\t\t<div class=\"elementor-column elementor-col-50 elementor-top-column elementor-element elementor-element-1068bb7\" data-id=\"1068bb7\" data-element_type=\"column\">\n\t\t\t<div class=\"elementor-widget-wrap elementor-element-populated\">\n\t\t\t\t\t\t<div class=\"elementor-element elementor-element-a7fba4c elementor-arrows-position-inside elementor-pagination-position-outside elementor-widget elementor-widget-image-carousel\" data-id=\"a7fba4c\" data-element_type=\"widget\" data-settings=\"{&quot;slides_to_show&quot;:&quot;1&quot;,&quot;navigation&quot;:&quot;both&quot;,&quot;autoplay&quot;:&quot;yes&quot;,&quot;pause_on_hover&quot;:&quot;yes&quot;,&quot;pause_on_interaction&quot;:&quot;yes&quot;,&quot;autoplay_speed&quot;:5000,&quot;infinite&quot;:&quot;yes&quot;,&quot;effect&quot;:&quot;slide&quot;,&quot;speed&quot;:500}\" data-widget_type=\"image-carousel.default\">\n\t\t\t\t<div class=\"elementor-widget-container\">\n\t\t\t<style>\/*! elementor - v3.21.0 - 24-04-2024 *\/\n.elementor-widget-image-carousel .swiper,.elementor-widget-image-carousel .swiper-container{position:static}.elementor-widget-image-carousel .swiper-container .swiper-slide figure,.elementor-widget-image-carousel .swiper .swiper-slide figure{line-height:inherit}.elementor-widget-image-carousel .swiper-slide{text-align:center}.elementor-image-carousel-wrapper:not(.swiper-container-initialized):not(.swiper-initialized) .swiper-slide{max-width:calc(100% \/ var(--e-image-carousel-slides-to-show, 3))}<\/style>\t\t<div class=\"elementor-image-carousel-wrapper swiper\" dir=\"ltr\">\n\t\t\t<div class=\"elementor-image-carousel swiper-wrapper\" aria-live=\"off\">\n\t\t\t\t\t\t\t\t<div class=\"swiper-slide\" role=\"group\" aria-roledescription=\"slide\" aria-label=\"1 de 6\"><figure class=\"swiper-slide-inner\"><img decoding=\"async\" class=\"swiper-slide-image\" src=\"https:\/\/www.goldpiercingfactory.com\/wp-content\/uploads\/2023\/12\/2-10.jpg\" alt=\"2\" title=\"Customer Designs-2\" \/><\/figure><\/div><div class=\"swiper-slide\" role=\"group\" aria-roledescription=\"slide\" aria-label=\"2 de 6\"><figure class=\"swiper-slide-inner\"><img decoding=\"async\" class=\"swiper-slide-image\" src=\"https:\/\/www.goldpiercingfactory.com\/wp-content\/uploads\/2023\/12\/1-23.jpg\" alt=\"1\" title=\"Customer Designs-3\" \/><\/figure><\/div><div class=\"swiper-slide\" role=\"group\" aria-roledescription=\"slide\" aria-label=\"3 de 6\"><figure class=\"swiper-slide-inner\"><img decoding=\"async\" class=\"swiper-slide-image\" src=\"https:\/\/www.goldpiercingfactory.com\/wp-content\/uploads\/2023\/12\/1-30.jpg\" alt=\"1\" title=\"Customer Designs-4\" \/><\/figure><\/div><div class=\"swiper-slide\" role=\"group\" aria-roledescription=\"slide\" aria-label=\"4 de 6\"><figure class=\"swiper-slide-inner\"><img decoding=\"async\" class=\"swiper-slide-image\" src=\"https:\/\/www.goldpiercingfactory.com\/wp-content\/uploads\/2023\/12\/1-27.jpg\" alt=\"1\" title=\"Customer Designs-5\" \/><\/figure><\/div><div class=\"swiper-slide\" role=\"group\" aria-roledescription=\"slide\" aria-label=\"5 de 6\"><figure class=\"swiper-slide-inner\"><img decoding=\"async\" class=\"swiper-slide-image\" src=\"https:\/\/www.goldpiercingfactory.com\/wp-content\/uploads\/2023\/11\/3-14.jpg\" alt=\"3\" title=\"Customer Designs-6\" \/><\/figure><\/div><div class=\"swiper-slide\" role=\"group\" aria-roledescription=\"slide\" aria-label=\"6 de 6\"><figure class=\"swiper-slide-inner\"><img decoding=\"async\" class=\"swiper-slide-image\" src=\"https:\/\/www.goldpiercingfactory.com\/wp-content\/uploads\/2023\/11\/3-15.jpg\" alt=\"3\" title=\"Customer Designs-7\" \/><\/figure><\/div>\t\t\t<\/div>\n\t\t\t\t\t\t\t\t\t\t\t\t<div class=\"elementor-swiper-button elementor-swiper-button-prev\" role=\"button\" tabindex=\"0\">\n\t\t\t\t\t\t<i aria-hidden=\"true\" class=\"eicon-chevron-left\"><\/i>\t\t\t\t\t<\/div>\n\t\t\t\t\t<div class=\"elementor-swiper-button elementor-swiper-button-next\" role=\"button\" tabindex=\"0\">\n\t\t\t\t\t\t<i aria-hidden=\"true\" class=\"eicon-chevron-right\"><\/i>\t\t\t\t\t<\/div>\n\t\t\t\t\n\t\t\t\t\t\t\t\t\t<div class=\"swiper-pagination\"><\/div>\n\t\t\t\t\t\t\t\t\t<\/div>\n\t\t\t\t<\/div>\n\t\t\t\t<\/div>\n\t\t\t\t\t<\/div>\n\t\t<\/div>\n\t\t\t\t\t<\/div>\n\t\t<\/section>\n\t\t\t\t<\/div>","protected":false},"excerpt":{"rendered":"<p>Customer Designs Home Customer Designs At GPF JEWELRY Customer Designs \u00a0 \u00a0 \u00a0GPF Piercing understands that body jewelry users are seeking a way to express their originality through the use of their own body and yet, individuality doesn\u2019t come easy when using the same surgical steel parts as everyone else. It is for that reason [&hellip;]<\/p>","protected":false},"author":1,"featured_media":0,"parent":0,"menu_order":0,"comment_status":"closed","ping_status":"closed","template":"","meta":{"_acf_changed":false,"footnotes":""},"class_list":["post-533","page","type-page","status-publish","hentry"],"acf":[],"_links":{"self":[{"href":"https:\/\/www.goldpiercingfactory.com\/es\/wp-json\/wp\/v2\/pages\/533","targetHints":{"allow":["GET"]}}],"collection":[{"href":"https:\/\/www.goldpiercingfactory.com\/es\/wp-json\/wp\/v2\/pages"}],"about":[{"href":"https:\/\/www.goldpiercingfactory.com\/es\/wp-json\/wp\/v2\/types\/page"}],"author":[{"embeddable":true,"href":"https:\/\/www.goldpiercingfactory.com\/es\/wp-json\/wp\/v2\/users\/1"}],"replies":[{"embeddable":true,"href":"https:\/\/www.goldpiercingfactory.com\/es\/wp-json\/wp\/v2\/comments?post=533"}],"version-history":[{"count":73,"href":"https:\/\/www.goldpiercingfactory.com\/es\/wp-json\/wp\/v2\/pages\/533\/revisions"}],"predecessor-version":[{"id":9012,"href":"https:\/\/www.goldpiercingfactory.com\/es\/wp-json\/wp\/v2\/pages\/533\/revisions\/9012"}],"wp:attachment":[{"href":"https:\/\/www.goldpiercingfactory.com\/es\/wp-json\/wp\/v2\/media?parent=533"}],"curies":[{"name":"wp","href":"https:\/\/api.w.org\/{rel}","templated":true}]}}