{"id":1632,"date":"2023-11-29T13:09:48","date_gmt":"2023-11-29T05:09:48","guid":{"rendered":"https:\/\/www.goldpiercingfactory.com\/?post_type=product&#038;p=1632"},"modified":"2024-06-06T16:06:39","modified_gmt":"2024-06-06T08:06:39","slug":"14k-gold-plain-hoop-earring-ring","status":"publish","type":"product","link":"https:\/\/www.goldpiercingfactory.com\/es\/producto\/14k-gold-plain-hoop-earring-ring\/","title":{"rendered":"Anillo de segmento con bisagras cl\u00e1sico de oro s\u00f3lido de oro s\u00f3lido de 14k"},"content":{"rendered":"<div>\n<p>Una fusi\u00f3n de elegancia y estilo, este anillo de segmento con bisagras de oro amarillo s\u00f3lido de 14k KA02G agrega un encanto infinito a su conjunto. Su dise\u00f1o perfecto y su bisagra f\u00e1cil de operar lo hacen tan pr\u00e1ctico como hermoso. Este anillo de segmento de oro resaltar\u00e1 su sabor \u00fanico, ya sea combinado con vestimenta formal o casual.<\/p>\n<\/div>","protected":false},"excerpt":{"rendered":"<p>Una fusi\u00f3n de elegancia y estilo, este anillo de segmento con bisagras de oro amarillo s\u00f3lido de 14k agrega un encanto infinito a su conjunto.<\/p>","protected":false},"featured_media":4727,"comment_status":"open","ping_status":"closed","template":"","meta":{"_acf_changed":false},"product_cat":[158,152,15,25],"product_tag":[79,187],"class_list":{"0":"post-1632","1":"product","2":"type-product","3":"status-publish","4":"has-post-thumbnail","6":"product_cat-hinged-segment-ring","7":"product_cat-nose-piercing","8":"product_cat-new-item","9":"product_cat-14k-solid-gold","10":"product_tag-hinged-segment-ring","11":"product_tag-nose-piercing","13":"first","14":"instock","15":"shipping-taxable","16":"purchasable","17":"product-type-variable"},"acf":[],"_links":{"self":[{"href":"https:\/\/www.goldpiercingfactory.com\/es\/wp-json\/wp\/v2\/product\/1632","targetHints":{"allow":["GET"]}}],"collection":[{"href":"https:\/\/www.goldpiercingfactory.com\/es\/wp-json\/wp\/v2\/product"}],"about":[{"href":"https:\/\/www.goldpiercingfactory.com\/es\/wp-json\/wp\/v2\/types\/product"}],"replies":[{"embeddable":true,"href":"https:\/\/www.goldpiercingfactory.com\/es\/wp-json\/wp\/v2\/comments?post=1632"}],"wp:featuredmedia":[{"embeddable":true,"href":"https:\/\/www.goldpiercingfactory.com\/es\/wp-json\/wp\/v2\/media\/4727"}],"wp:attachment":[{"href":"https:\/\/www.goldpiercingfactory.com\/es\/wp-json\/wp\/v2\/media?parent=1632"}],"wp:term":[{"taxonomy":"product_cat","embeddable":true,"href":"https:\/\/www.goldpiercingfactory.com\/es\/wp-json\/wp\/v2\/product_cat?post=1632"},{"taxonomy":"product_tag","embeddable":true,"href":"https:\/\/www.goldpiercingfactory.com\/es\/wp-json\/wp\/v2\/product_tag?post=1632"}],"curies":[{"name":"wp","href":"https:\/\/api.w.org\/{rel}","templated":true}]}}