{"id":1669,"date":"2023-11-29T14:05:45","date_gmt":"2023-11-29T06:05:45","guid":{"rendered":"https:\/\/www.goldpiercingfactory.com\/?post_type=product&#038;p=1669"},"modified":"2024-06-06T16:03:51","modified_gmt":"2024-06-06T08:03:51","slug":"14k-solid-gold-septum-ring","status":"publish","type":"product","link":"https:\/\/www.goldpiercingfactory.com\/es\/producto\/14k-solid-gold-septum-ring\/","title":{"rendered":"Anillo de clicker de cart\u00edlago de tabique cl\u00e1sico de oro s\u00f3lido de 14k"},"content":{"rendered":"<div class=\"icroh-caption\">\n<div class=\"icroh-title\">Exuding noble elegance, this 14k solid yellow gold KA02G hinged segment ring stands out with its classic yet modern design. The precision of its hinge technology ensures ease and comfort in wear. This exquisite piece of jewelry is set to be a highlight in your collection.<\/div>\n<div class=\"icroh-text\">\n<div class=\"icroh-caption\">\n<div class=\"icroh-text\">\n<div class=\"icroh-caption\">\n<div class=\"icroh-text\">\n<div class=\"icroh-caption\">\n<div class=\"icroh-text\">\n<div class=\"icroh-caption\">\n<div class=\"icroh-text\"><\/div>\n<\/div>\n<\/div>\n<\/div>\n<\/div>\n<\/div>\n<\/div>\n<\/div>\n<\/div>\n<\/div>","protected":false},"excerpt":{"rendered":"<div class=\"icroh-caption\">\n<div class=\"icroh-title\">The 14k solid yellow gold hinged segment ring is a perfect interpretation of traditional craftsmanship blended with a modern aesthetic<\/div>\n<\/div>","protected":false},"featured_media":5355,"comment_status":"open","ping_status":"closed","template":"","meta":{"_acf_changed":false},"product_cat":[151,158,152,15,25],"product_tag":[125,115,119,116,114,79,118,120,111,117],"class_list":{"0":"post-1669","1":"product","2":"type-product","3":"status-publish","4":"has-post-thumbnail","6":"product_cat-ear-piercing","7":"product_cat-hinged-segment-ring","8":"product_cat-nose-piercing","9":"product_cat-new-item","10":"product_cat-14k-solid-gold","11":"product_tag-clicker-hoop","12":"product_tag-conch-ring","13":"product_tag-daith-ring","14":"product_tag-forward-helix-ring","15":"product_tag-helix-cartilage-ring","16":"product_tag-hinged-segment-ring","17":"product_tag-lobe-ring","18":"product_tag-rook-snug-ring","19":"product_tag-septum-clicker","20":"product_tag-tragus-ring","22":"first","23":"instock","24":"shipping-taxable","25":"purchasable","26":"product-type-variable"},"acf":[],"_links":{"self":[{"href":"https:\/\/www.goldpiercingfactory.com\/es\/wp-json\/wp\/v2\/product\/1669","targetHints":{"allow":["GET"]}}],"collection":[{"href":"https:\/\/www.goldpiercingfactory.com\/es\/wp-json\/wp\/v2\/product"}],"about":[{"href":"https:\/\/www.goldpiercingfactory.com\/es\/wp-json\/wp\/v2\/types\/product"}],"replies":[{"embeddable":true,"href":"https:\/\/www.goldpiercingfactory.com\/es\/wp-json\/wp\/v2\/comments?post=1669"}],"wp:featuredmedia":[{"embeddable":true,"href":"https:\/\/www.goldpiercingfactory.com\/es\/wp-json\/wp\/v2\/media\/5355"}],"wp:attachment":[{"href":"https:\/\/www.goldpiercingfactory.com\/es\/wp-json\/wp\/v2\/media?parent=1669"}],"wp:term":[{"taxonomy":"product_cat","embeddable":true,"href":"https:\/\/www.goldpiercingfactory.com\/es\/wp-json\/wp\/v2\/product_cat?post=1669"},{"taxonomy":"product_tag","embeddable":true,"href":"https:\/\/www.goldpiercingfactory.com\/es\/wp-json\/wp\/v2\/product_tag?post=1669"}],"curies":[{"name":"wp","href":"https:\/\/api.w.org\/{rel}","templated":true}]}}