{"id":1768,"date":"2023-11-29T15:42:40","date_gmt":"2023-11-29T07:42:40","guid":{"rendered":"https:\/\/www.goldpiercingfactory.com\/?post_type=product&#038;p=1768"},"modified":"2024-06-06T16:05:13","modified_gmt":"2024-06-06T08:05:13","slug":"14k-gold-clicker-earring-hoop-ring","status":"publish","type":"product","link":"https:\/\/www.goldpiercingfactory.com\/es\/producto\/14k-gold-clicker-earring-hoop-ring\/","title":{"rendered":"Anillo de segmento con bisagras de oro s\u00f3lido de oro s\u00f3lido de 14k"},"content":{"rendered":"<div class=\"icroh-caption\">\n<div class=\"icroh-title\">Presentamos el KA05G, una obra maestra de sabor refinado. Hecho a mano en oro amarillo s\u00f3lido de 14k y resaltado con piedras radiantes CZ, es una joya vers\u00e1til para el individuo exigente. Su elegancia eleva cualquier conjunto, haciendo que todos los d\u00edas sea extraordinario.<\/div>\n<\/div>","protected":false},"excerpt":{"rendered":"<div class=\"icroh-caption\">\n<div class=\"icroh-title\">Este anillo, exquisitamente elaborado por el oro amarillo s\u00f3lido de 14k, cuenta con una banda de piedras CZ CZE CZ brillantes que atrapan la luz con cada movimiento.<\/div>\n<\/div>","protected":false},"featured_media":4728,"comment_status":"open","ping_status":"closed","template":"","meta":{"_acf_changed":false},"product_cat":[151,158,152,15,25],"product_tag":[115,119,116,114,118,120,111,117],"class_list":{"0":"post-1768","1":"product","2":"type-product","3":"status-publish","4":"has-post-thumbnail","6":"product_cat-ear-piercing","7":"product_cat-hinged-segment-ring","8":"product_cat-nose-piercing","9":"product_cat-new-item","10":"product_cat-14k-solid-gold","11":"product_tag-conch-ring","12":"product_tag-daith-ring","13":"product_tag-forward-helix-ring","14":"product_tag-helix-cartilage-ring","15":"product_tag-lobe-ring","16":"product_tag-rook-snug-ring","17":"product_tag-septum-clicker","18":"product_tag-tragus-ring","20":"first","21":"instock","22":"shipping-taxable","23":"purchasable","24":"product-type-variable"},"acf":[],"_links":{"self":[{"href":"https:\/\/www.goldpiercingfactory.com\/es\/wp-json\/wp\/v2\/product\/1768","targetHints":{"allow":["GET"]}}],"collection":[{"href":"https:\/\/www.goldpiercingfactory.com\/es\/wp-json\/wp\/v2\/product"}],"about":[{"href":"https:\/\/www.goldpiercingfactory.com\/es\/wp-json\/wp\/v2\/types\/product"}],"replies":[{"embeddable":true,"href":"https:\/\/www.goldpiercingfactory.com\/es\/wp-json\/wp\/v2\/comments?post=1768"}],"wp:featuredmedia":[{"embeddable":true,"href":"https:\/\/www.goldpiercingfactory.com\/es\/wp-json\/wp\/v2\/media\/4728"}],"wp:attachment":[{"href":"https:\/\/www.goldpiercingfactory.com\/es\/wp-json\/wp\/v2\/media?parent=1768"}],"wp:term":[{"taxonomy":"product_cat","embeddable":true,"href":"https:\/\/www.goldpiercingfactory.com\/es\/wp-json\/wp\/v2\/product_cat?post=1768"},{"taxonomy":"product_tag","embeddable":true,"href":"https:\/\/www.goldpiercingfactory.com\/es\/wp-json\/wp\/v2\/product_tag?post=1768"}],"curies":[{"name":"wp","href":"https:\/\/api.w.org\/{rel}","templated":true}]}}