{"id":1913,"date":"2023-12-01T09:26:48","date_gmt":"2023-12-01T01:26:48","guid":{"rendered":"https:\/\/www.goldpiercingfactory.com\/?post_type=product&#038;p=1913"},"modified":"2024-06-06T16:06:39","modified_gmt":"2024-06-06T08:06:39","slug":"14-karat-gold-oblong-black-cz-hinged-segment-ring","status":"publish","type":"product","link":"https:\/\/www.goldpiercingfactory.com\/es\/producto\/14-karat-gold-oblong-black-cz-hinged-segment-ring\/","title":{"rendered":"Anillo de segmento de bisagras de color negro de oro s\u00f3lido de 14k"},"content":{"rendered":"<p>Descubra el ep\u00edtome de la elegancia con nuestro anillo de segmento con bisagras KAV01G. Hecho a mano de oro s\u00f3lido de 14k, esta exquisita pieza cuenta con un dise\u00f1o perfecto, perfecto para un aspecto sofisticado. Adornado con circonde c\u00fabico brillante, agrega un toque de lujo a cualquier atuendo. Ideal para el uso diario y las ocasiones especiales, este anillo es una adici\u00f3n atemporal a su colecci\u00f3n de joyas. Experimente la combinaci\u00f3n perfecta de durabilidad y estilo.<\/p>","protected":false},"excerpt":{"rendered":"<p>Descubra el ep\u00edtome de la elegancia con nuestro anillo de segmento con bisagras KAV01G.<\/p>","protected":false},"featured_media":2410,"comment_status":"open","ping_status":"closed","template":"","meta":{"_acf_changed":false},"product_cat":[151,158,152,15,25],"product_tag":[125,115,119,116,114,79,118,120,111,117],"class_list":{"0":"post-1913","1":"product","2":"type-product","3":"status-publish","4":"has-post-thumbnail","6":"product_cat-ear-piercing","7":"product_cat-hinged-segment-ring","8":"product_cat-nose-piercing","9":"product_cat-new-item","10":"product_cat-14k-solid-gold","11":"product_tag-clicker-hoop","12":"product_tag-conch-ring","13":"product_tag-daith-ring","14":"product_tag-forward-helix-ring","15":"product_tag-helix-cartilage-ring","16":"product_tag-hinged-segment-ring","17":"product_tag-lobe-ring","18":"product_tag-rook-snug-ring","19":"product_tag-septum-clicker","20":"product_tag-tragus-ring","22":"first","23":"instock","24":"shipping-taxable","25":"purchasable","26":"product-type-variable"},"acf":[],"_links":{"self":[{"href":"https:\/\/www.goldpiercingfactory.com\/es\/wp-json\/wp\/v2\/product\/1913","targetHints":{"allow":["GET"]}}],"collection":[{"href":"https:\/\/www.goldpiercingfactory.com\/es\/wp-json\/wp\/v2\/product"}],"about":[{"href":"https:\/\/www.goldpiercingfactory.com\/es\/wp-json\/wp\/v2\/types\/product"}],"replies":[{"embeddable":true,"href":"https:\/\/www.goldpiercingfactory.com\/es\/wp-json\/wp\/v2\/comments?post=1913"}],"wp:featuredmedia":[{"embeddable":true,"href":"https:\/\/www.goldpiercingfactory.com\/es\/wp-json\/wp\/v2\/media\/2410"}],"wp:attachment":[{"href":"https:\/\/www.goldpiercingfactory.com\/es\/wp-json\/wp\/v2\/media?parent=1913"}],"wp:term":[{"taxonomy":"product_cat","embeddable":true,"href":"https:\/\/www.goldpiercingfactory.com\/es\/wp-json\/wp\/v2\/product_cat?post=1913"},{"taxonomy":"product_tag","embeddable":true,"href":"https:\/\/www.goldpiercingfactory.com\/es\/wp-json\/wp\/v2\/product_tag?post=1913"}],"curies":[{"name":"wp","href":"https:\/\/api.w.org\/{rel}","templated":true}]}}