{"id":3881,"date":"2024-02-02T10:09:43","date_gmt":"2024-02-02T02:09:43","guid":{"rendered":"https:\/\/www.goldpiercingfactory.com\/?post_type=product&#038;p=3881"},"modified":"2024-06-06T16:06:26","modified_gmt":"2024-06-06T08:06:26","slug":"14k-gold-cz-spider-body-jewelry-belly-ring","status":"publish","type":"product","link":"https:\/\/www.goldpiercingfactory.com\/es\/producto\/14k-gold-cz-spider-body-jewelry-belly-ring\/","title":{"rendered":"14k de oro s\u00f3lido Cz Cami\u00f3n de joyer\u00eda de joyer\u00eda de vientre anillo de vientre"},"content":{"rendered":"<p>The GW31G Navel Ring brings a touch of edgy elegance with its unique spider-shaped design in 14K yellow gold, enhanced with a sparkling cubic zirconia centerpiece. This internally threaded ring is a daring addition to your body jewelry, merging boldness with luxury.<\/p>","protected":false},"excerpt":{"rendered":"<p>The GW31G Navel Ring brings a touch of edgy elegance with its unique spider-shaped design in 14K yellow gold, enhanced with a sparkling cubic zirconia centerpiece. This internally threaded ring is a daring addition to your body jewelry, merging boldness with luxury.<\/p>","protected":false},"featured_media":3882,"comment_status":"open","ping_status":"closed","template":"","meta":{"_acf_changed":false},"product_cat":[160,156,164,15,25],"product_tag":[170,130,112],"class_list":{"0":"post-3881","1":"product","2":"type-product","3":"status-publish","4":"has-post-thumbnail","6":"product_cat-internally-threaded","7":"product_cat-navel-belly-piercing","8":"product_cat-threaded-ends","9":"product_cat-new-item","10":"product_cat-14k-solid-gold","11":"product_tag-14g1-6mm","12":"product_tag-internally-threaded","13":"product_tag-navel-belly-ring","15":"first","16":"instock","17":"shipping-taxable","18":"purchasable","19":"product-type-simple"},"acf":[],"_links":{"self":[{"href":"https:\/\/www.goldpiercingfactory.com\/es\/wp-json\/wp\/v2\/product\/3881","targetHints":{"allow":["GET"]}}],"collection":[{"href":"https:\/\/www.goldpiercingfactory.com\/es\/wp-json\/wp\/v2\/product"}],"about":[{"href":"https:\/\/www.goldpiercingfactory.com\/es\/wp-json\/wp\/v2\/types\/product"}],"replies":[{"embeddable":true,"href":"https:\/\/www.goldpiercingfactory.com\/es\/wp-json\/wp\/v2\/comments?post=3881"}],"wp:featuredmedia":[{"embeddable":true,"href":"https:\/\/www.goldpiercingfactory.com\/es\/wp-json\/wp\/v2\/media\/3882"}],"wp:attachment":[{"href":"https:\/\/www.goldpiercingfactory.com\/es\/wp-json\/wp\/v2\/media?parent=3881"}],"wp:term":[{"taxonomy":"product_cat","embeddable":true,"href":"https:\/\/www.goldpiercingfactory.com\/es\/wp-json\/wp\/v2\/product_cat?post=3881"},{"taxonomy":"product_tag","embeddable":true,"href":"https:\/\/www.goldpiercingfactory.com\/es\/wp-json\/wp\/v2\/product_tag?post=3881"}],"curies":[{"name":"wp","href":"https:\/\/api.w.org\/{rel}","templated":true}]}}