{"id":4056,"date":"2024-02-18T10:07:26","date_gmt":"2024-02-18T02:07:26","guid":{"rendered":"https:\/\/www.goldpiercingfactory.com\/?post_type=product&#038;p=4056"},"modified":"2024-06-06T16:06:49","modified_gmt":"2024-06-06T08:06:49","slug":"14k-gold-white-cz-hand-inlay-hinged-segment-ring","status":"publish","type":"product","link":"https:\/\/www.goldpiercingfactory.com\/es\/producto\/14k-gold-white-cz-hand-inlay-hinged-segment-ring\/","title":{"rendered":"Anillo de segmento con bisagras de incrustaci\u00f3n de mano s\u00f3lida de oro s\u00f3lido de 14k"},"content":{"rendered":"<p>Step into a world of luxury with the GZ83G Hinged Segment Ring. A full circle of sophistication in 14K solid gold, adorned with the fire of cubic zirconia, this piece offers a flawless fusion of strength and sparkle for your body jewelry collection. Its hinged design ensures ease of wear without compromising on elegance.<\/p>","protected":false},"excerpt":{"rendered":"<p>Step into a world of luxury with the GZ83G Hinged Segment Ring. A full circle of sophistication in 14K solid gold, adorned with the fire of cubic zirconia, this piece offers a flawless fusion of strength and sparkle for your body jewelry collection.<\/p>","protected":false},"featured_media":4059,"comment_status":"open","ping_status":"closed","template":"","meta":{"_acf_changed":false},"product_cat":[151,158,152,15,25],"product_tag":[169,125,115,119,116,114,79,118,120,111,117],"class_list":{"0":"post-4056","1":"product","2":"type-product","3":"status-publish","4":"has-post-thumbnail","6":"product_cat-ear-piercing","7":"product_cat-hinged-segment-ring","8":"product_cat-nose-piercing","9":"product_cat-new-item","10":"product_cat-14k-solid-gold","11":"product_tag-16g1-2mm","12":"product_tag-clicker-hoop","13":"product_tag-conch-ring","14":"product_tag-daith-ring","15":"product_tag-forward-helix-ring","16":"product_tag-helix-cartilage-ring","17":"product_tag-hinged-segment-ring","18":"product_tag-lobe-ring","19":"product_tag-rook-snug-ring","20":"product_tag-septum-clicker","21":"product_tag-tragus-ring","23":"first","24":"instock","25":"shipping-taxable","26":"purchasable","27":"product-type-simple"},"acf":[],"_links":{"self":[{"href":"https:\/\/www.goldpiercingfactory.com\/es\/wp-json\/wp\/v2\/product\/4056","targetHints":{"allow":["GET"]}}],"collection":[{"href":"https:\/\/www.goldpiercingfactory.com\/es\/wp-json\/wp\/v2\/product"}],"about":[{"href":"https:\/\/www.goldpiercingfactory.com\/es\/wp-json\/wp\/v2\/types\/product"}],"replies":[{"embeddable":true,"href":"https:\/\/www.goldpiercingfactory.com\/es\/wp-json\/wp\/v2\/comments?post=4056"}],"wp:featuredmedia":[{"embeddable":true,"href":"https:\/\/www.goldpiercingfactory.com\/es\/wp-json\/wp\/v2\/media\/4059"}],"wp:attachment":[{"href":"https:\/\/www.goldpiercingfactory.com\/es\/wp-json\/wp\/v2\/media?parent=4056"}],"wp:term":[{"taxonomy":"product_cat","embeddable":true,"href":"https:\/\/www.goldpiercingfactory.com\/es\/wp-json\/wp\/v2\/product_cat?post=4056"},{"taxonomy":"product_tag","embeddable":true,"href":"https:\/\/www.goldpiercingfactory.com\/es\/wp-json\/wp\/v2\/product_tag?post=4056"}],"curies":[{"name":"wp","href":"https:\/\/api.w.org\/{rel}","templated":true}]}}