{"id":5493,"date":"2024-04-09T10:21:49","date_gmt":"2024-04-09T02:21:49","guid":{"rendered":"https:\/\/www.goldpiercingfactory.com\/?post_type=product&#038;p=5493"},"modified":"2024-06-06T16:09:14","modified_gmt":"2024-06-06T08:09:14","slug":"14k-solid-gold-internally-threaded-navel-ring-with-encircled-cubic-zircon","status":"publish","type":"product","link":"https:\/\/www.goldpiercingfactory.com\/es\/producto\/14k-solid-gold-internally-threaded-navel-ring-with-encircled-cubic-zircon\/","title":{"rendered":"Anillo de ombligo de oro s\u00f3lido de oro s\u00f3lido de 14k con circ\u00f3n c\u00fabico rodeado"},"content":{"rendered":"<p>Adorn your navel with the GW24G-1410, a 14K yellow gold ring that glistens with a halo of cubic zircon. Its internal threading ensures a comfortable fit for a piece that\u2019s both stunning and secure.<\/p>","protected":false},"excerpt":{"rendered":"<p>Adorn your navel with the GW24G-1410, a 14K yellow gold ring that glistens with a halo of cubic zircon. Its internal threading ensures a comfortable fit for a piece that\u2019s both stunning and secure.<\/p>","protected":false},"featured_media":5495,"comment_status":"open","ping_status":"closed","template":"","meta":{"_acf_changed":false},"product_cat":[160,156,15,25],"product_tag":[],"class_list":{"0":"post-5493","1":"product","2":"type-product","3":"status-publish","4":"has-post-thumbnail","6":"product_cat-internally-threaded","7":"product_cat-navel-belly-piercing","8":"product_cat-new-item","9":"product_cat-14k-solid-gold","11":"first","12":"instock","13":"shipping-taxable","14":"purchasable","15":"product-type-variable","16":"has-default-attributes"},"acf":[],"_links":{"self":[{"href":"https:\/\/www.goldpiercingfactory.com\/es\/wp-json\/wp\/v2\/product\/5493","targetHints":{"allow":["GET"]}}],"collection":[{"href":"https:\/\/www.goldpiercingfactory.com\/es\/wp-json\/wp\/v2\/product"}],"about":[{"href":"https:\/\/www.goldpiercingfactory.com\/es\/wp-json\/wp\/v2\/types\/product"}],"replies":[{"embeddable":true,"href":"https:\/\/www.goldpiercingfactory.com\/es\/wp-json\/wp\/v2\/comments?post=5493"}],"wp:featuredmedia":[{"embeddable":true,"href":"https:\/\/www.goldpiercingfactory.com\/es\/wp-json\/wp\/v2\/media\/5495"}],"wp:attachment":[{"href":"https:\/\/www.goldpiercingfactory.com\/es\/wp-json\/wp\/v2\/media?parent=5493"}],"wp:term":[{"taxonomy":"product_cat","embeddable":true,"href":"https:\/\/www.goldpiercingfactory.com\/es\/wp-json\/wp\/v2\/product_cat?post=5493"},{"taxonomy":"product_tag","embeddable":true,"href":"https:\/\/www.goldpiercingfactory.com\/es\/wp-json\/wp\/v2\/product_tag?post=5493"}],"curies":[{"name":"wp","href":"https:\/\/api.w.org\/{rel}","templated":true}]}}