{"id":5514,"date":"2024-04-10T09:58:36","date_gmt":"2024-04-10T01:58:36","guid":{"rendered":"https:\/\/www.goldpiercingfactory.com\/?post_type=product&#038;p=5514"},"modified":"2024-06-06T16:09:14","modified_gmt":"2024-06-06T08:09:14","slug":"14k-solid-gold-threadless-paw-shape-nipple-barbell","status":"publish","type":"product","link":"https:\/\/www.goldpiercingfactory.com\/es\/producto\/14k-solid-gold-threadless-paw-shape-nipple-barbell\/","title":{"rendered":"Barbilla de pez\u00f3n de pata de pata s\u00f3lida de oro s\u00f3lido de 14k"},"content":{"rendered":"<p>GXH30409G es un lujoso anillo de pez\u00f3n sin rosca de oro s\u00f3lido de 14k, adornado con piedras CZ transparentes y un pasador de acero duradero. Su dise\u00f1o de la pata agrega un toque l\u00fadico pero opulento al adorno de su cuerpo.<\/p>","protected":false},"excerpt":{"rendered":"<p>GXH30409G es un lujoso anillo de pez\u00f3n sin rosca de oro s\u00f3lido de 14k, adornado con piedras CZ transparentes y un pasador de acero duradero. Su dise\u00f1o de la pata agrega un toque l\u00fadico pero opulento al adorno de su cuerpo.<\/p>","protected":false},"featured_media":5516,"comment_status":"open","ping_status":"closed","template":"","meta":{"_acf_changed":false},"product_cat":[155,162,15,25],"product_tag":[],"class_list":{"0":"post-5514","1":"product","2":"type-product","3":"status-publish","4":"has-post-thumbnail","6":"product_cat-nipple-piercing","7":"product_cat-threadless-ends","8":"product_cat-new-item","9":"product_cat-14k-solid-gold","11":"first","12":"instock","13":"shipping-taxable","14":"purchasable","15":"product-type-variable","16":"has-default-attributes"},"acf":[],"_links":{"self":[{"href":"https:\/\/www.goldpiercingfactory.com\/es\/wp-json\/wp\/v2\/product\/5514","targetHints":{"allow":["GET"]}}],"collection":[{"href":"https:\/\/www.goldpiercingfactory.com\/es\/wp-json\/wp\/v2\/product"}],"about":[{"href":"https:\/\/www.goldpiercingfactory.com\/es\/wp-json\/wp\/v2\/types\/product"}],"replies":[{"embeddable":true,"href":"https:\/\/www.goldpiercingfactory.com\/es\/wp-json\/wp\/v2\/comments?post=5514"}],"wp:featuredmedia":[{"embeddable":true,"href":"https:\/\/www.goldpiercingfactory.com\/es\/wp-json\/wp\/v2\/media\/5516"}],"wp:attachment":[{"href":"https:\/\/www.goldpiercingfactory.com\/es\/wp-json\/wp\/v2\/media?parent=5514"}],"wp:term":[{"taxonomy":"product_cat","embeddable":true,"href":"https:\/\/www.goldpiercingfactory.com\/es\/wp-json\/wp\/v2\/product_cat?post=5514"},{"taxonomy":"product_tag","embeddable":true,"href":"https:\/\/www.goldpiercingfactory.com\/es\/wp-json\/wp\/v2\/product_tag?post=5514"}],"curies":[{"name":"wp","href":"https:\/\/api.w.org\/{rel}","templated":true}]}}