{"id":5592,"date":"2024-04-15T10:00:46","date_gmt":"2024-04-15T02:00:46","guid":{"rendered":"https:\/\/www.goldpiercingfactory.com\/?post_type=product&#038;p=5592"},"modified":"2024-06-06T16:09:15","modified_gmt":"2024-06-06T08:09:15","slug":"14k-solid-gold-internally-threaded-navel-ring-with-round-cz-top-and-heart-shaped-cz-with-3-round-cz-cluster","status":"publish","type":"product","link":"https:\/\/www.goldpiercingfactory.com\/es\/producto\/14k-solid-gold-internally-threaded-navel-ring-with-round-cz-top-and-heart-shaped-cz-with-3-round-cz-cluster\/","title":{"rendered":"Anillo de ombligo de oro s\u00f3lido de oro s\u00f3lido de 14k con CZ redonda CZ y CZ en forma de coraz\u00f3n con 3 redondo CZ Cluster"},"content":{"rendered":"<p>GWE3052G is an enchanting 14K yellow gold navel ring, internally threaded for comfort. Its design features a top cubic zircon, adding a touch of brilliance to your style.1.6*10mm\uff1bTR 5.0*1 RD\uff1a2.25*3 RD\uff1a4.0*1<\/p>","protected":false},"excerpt":{"rendered":"<p>GWE3052G is an enchanting 14K yellow gold navel ring, internally threaded for comfort. Its design features a top cubic zircon, adding a touch of brilliance to your style.1.6*10mm\uff1bTR 5.0*1 RD\uff1a2.25*3 RD\uff1a4.0*1<\/p>","protected":false},"featured_media":5594,"comment_status":"open","ping_status":"closed","template":"","meta":{"_acf_changed":false},"product_cat":[156,15,25],"product_tag":[],"class_list":{"0":"post-5592","1":"product","2":"type-product","3":"status-publish","4":"has-post-thumbnail","6":"product_cat-navel-belly-piercing","7":"product_cat-new-item","8":"product_cat-14k-solid-gold","10":"first","11":"instock","12":"shipping-taxable","13":"purchasable","14":"product-type-variable","15":"has-default-attributes"},"acf":[],"_links":{"self":[{"href":"https:\/\/www.goldpiercingfactory.com\/es\/wp-json\/wp\/v2\/product\/5592","targetHints":{"allow":["GET"]}}],"collection":[{"href":"https:\/\/www.goldpiercingfactory.com\/es\/wp-json\/wp\/v2\/product"}],"about":[{"href":"https:\/\/www.goldpiercingfactory.com\/es\/wp-json\/wp\/v2\/types\/product"}],"replies":[{"embeddable":true,"href":"https:\/\/www.goldpiercingfactory.com\/es\/wp-json\/wp\/v2\/comments?post=5592"}],"wp:featuredmedia":[{"embeddable":true,"href":"https:\/\/www.goldpiercingfactory.com\/es\/wp-json\/wp\/v2\/media\/5594"}],"wp:attachment":[{"href":"https:\/\/www.goldpiercingfactory.com\/es\/wp-json\/wp\/v2\/media?parent=5592"}],"wp:term":[{"taxonomy":"product_cat","embeddable":true,"href":"https:\/\/www.goldpiercingfactory.com\/es\/wp-json\/wp\/v2\/product_cat?post=5592"},{"taxonomy":"product_tag","embeddable":true,"href":"https:\/\/www.goldpiercingfactory.com\/es\/wp-json\/wp\/v2\/product_tag?post=5592"}],"curies":[{"name":"wp","href":"https:\/\/api.w.org\/{rel}","templated":true}]}}