{"id":7392,"date":"2024-07-19T10:00:19","date_gmt":"2024-07-19T02:00:19","guid":{"rendered":"https:\/\/www.goldpiercingfactory.com\/?post_type=product&#038;p=7392"},"modified":"2024-07-18T11:35:56","modified_gmt":"2024-07-18T03:35:56","slug":"14k-solid-gold-twisted-design-seamless-ring-with-cz-stone","status":"publish","type":"product","link":"https:\/\/www.goldpiercingfactory.com\/es\/producto\/14k-solid-gold-twisted-design-seamless-ring-with-cz-stone\/","title":{"rendered":"Dise\u00f1o sinuoso de oro s\u00f3lido de 14k anillo sin costuras con piedra CZ"},"content":{"rendered":"<p>Introducci\u00f3n de GY27G: Eleve su colecci\u00f3n de joyas penetrantes con este anillo sin costuras de oro s\u00f3lido de 14k, con un impresionante dise\u00f1o retorcido adornado con c\u00e1lculos brillantes CZ. Esta elegante pieza agrega un toque de lujo y sofisticaci\u00f3n a su estilo. 0.8*8 mm<\/p>","protected":false},"excerpt":{"rendered":"<p>Introducci\u00f3n de GY27G: Eleve su colecci\u00f3n de joyas penetrantes con este anillo sin costuras de oro s\u00f3lido de 14k, con un impresionante dise\u00f1o retorcido adornado con c\u00e1lculos brillantes CZ. Esta elegante pieza agrega un toque de lujo y sofisticaci\u00f3n a su estilo. 0.8*8 mm<\/p>","protected":false},"featured_media":7395,"comment_status":"open","ping_status":"closed","template":"","meta":{"_acf_changed":false},"product_cat":[151,154,152,159,15,25],"product_tag":[],"class_list":{"0":"post-7392","1":"product","2":"type-product","3":"status-publish","4":"has-post-thumbnail","6":"product_cat-ear-piercing","7":"product_cat-lip-piercing","8":"product_cat-nose-piercing","9":"product_cat-seamless-ring","10":"product_cat-new-item","11":"product_cat-14k-solid-gold","13":"first","14":"instock","15":"shipping-taxable","16":"purchasable","17":"product-type-variable"},"acf":[],"_links":{"self":[{"href":"https:\/\/www.goldpiercingfactory.com\/es\/wp-json\/wp\/v2\/product\/7392","targetHints":{"allow":["GET"]}}],"collection":[{"href":"https:\/\/www.goldpiercingfactory.com\/es\/wp-json\/wp\/v2\/product"}],"about":[{"href":"https:\/\/www.goldpiercingfactory.com\/es\/wp-json\/wp\/v2\/types\/product"}],"replies":[{"embeddable":true,"href":"https:\/\/www.goldpiercingfactory.com\/es\/wp-json\/wp\/v2\/comments?post=7392"}],"wp:featuredmedia":[{"embeddable":true,"href":"https:\/\/www.goldpiercingfactory.com\/es\/wp-json\/wp\/v2\/media\/7395"}],"wp:attachment":[{"href":"https:\/\/www.goldpiercingfactory.com\/es\/wp-json\/wp\/v2\/media?parent=7392"}],"wp:term":[{"taxonomy":"product_cat","embeddable":true,"href":"https:\/\/www.goldpiercingfactory.com\/es\/wp-json\/wp\/v2\/product_cat?post=7392"},{"taxonomy":"product_tag","embeddable":true,"href":"https:\/\/www.goldpiercingfactory.com\/es\/wp-json\/wp\/v2\/product_tag?post=7392"}],"curies":[{"name":"wp","href":"https:\/\/api.w.org\/{rel}","templated":true}]}}