{"id":8155,"date":"2024-10-13T10:00:52","date_gmt":"2024-10-13T02:00:52","guid":{"rendered":"https:\/\/www.goldpiercingfactory.com\/?post_type=product&#038;p=8155"},"modified":"2024-10-14T10:01:04","modified_gmt":"2024-10-14T02:01:04","slug":"14k-solid-gold-threadless-labret-stud-with-triple-cz-stones","status":"publish","type":"product","link":"https:\/\/www.goldpiercingfactory.com\/es\/producto\/14k-solid-gold-threadless-labret-stud-with-triple-cz-stones\/","title":{"rendered":"14k Solid Gold Labret Labret con piedras triple CZ"},"content":{"rendered":"<p>Introducci\u00f3n de GU07G: un semental Labret sin hilos de oro s\u00f3lido de 14k con tres piedras CZ brillantes. Este dise\u00f1o elegante y seguro es perfecto para cualquier entusiasta de la perforaci\u00f3n del cuerpo, que ofrece un aspecto sofisticado con la facilidad de un pasador de acero. Mejora tu colecci\u00f3n con esta elegante pieza.<\/p>","protected":false},"excerpt":{"rendered":"<p>Introducci\u00f3n de GU07G: un semental Labret sin hilos de oro s\u00f3lido de 14k con tres piedras CZ brillantes. Este dise\u00f1o elegante y seguro es perfecto para cualquier entusiasta de la perforaci\u00f3n del cuerpo, que ofrece un aspecto sofisticado con la facilidad de un pasador de acero. Mejora tu colecci\u00f3n con esta elegante pieza.<\/p>","protected":false},"featured_media":8162,"comment_status":"open","ping_status":"closed","template":"","meta":{"_acf_changed":false},"product_cat":[151,178,154,152,162,15,25],"product_tag":[],"class_list":{"0":"post-8155","1":"product","2":"type-product","3":"status-publish","4":"has-post-thumbnail","6":"product_cat-ear-piercing","7":"product_cat-labret-flat-back-stud","8":"product_cat-lip-piercing","9":"product_cat-nose-piercing","10":"product_cat-threadless-ends","11":"product_cat-new-item","12":"product_cat-14k-solid-gold","14":"first","15":"instock","16":"shipping-taxable","17":"purchasable","18":"product-type-variable"},"acf":[],"_links":{"self":[{"href":"https:\/\/www.goldpiercingfactory.com\/es\/wp-json\/wp\/v2\/product\/8155","targetHints":{"allow":["GET"]}}],"collection":[{"href":"https:\/\/www.goldpiercingfactory.com\/es\/wp-json\/wp\/v2\/product"}],"about":[{"href":"https:\/\/www.goldpiercingfactory.com\/es\/wp-json\/wp\/v2\/types\/product"}],"replies":[{"embeddable":true,"href":"https:\/\/www.goldpiercingfactory.com\/es\/wp-json\/wp\/v2\/comments?post=8155"}],"wp:featuredmedia":[{"embeddable":true,"href":"https:\/\/www.goldpiercingfactory.com\/es\/wp-json\/wp\/v2\/media\/8162"}],"wp:attachment":[{"href":"https:\/\/www.goldpiercingfactory.com\/es\/wp-json\/wp\/v2\/media?parent=8155"}],"wp:term":[{"taxonomy":"product_cat","embeddable":true,"href":"https:\/\/www.goldpiercingfactory.com\/es\/wp-json\/wp\/v2\/product_cat?post=8155"},{"taxonomy":"product_tag","embeddable":true,"href":"https:\/\/www.goldpiercingfactory.com\/es\/wp-json\/wp\/v2\/product_tag?post=8155"}],"curies":[{"name":"wp","href":"https:\/\/api.w.org\/{rel}","templated":true}]}}