{"id":8906,"date":"2025-01-09T10:00:48","date_gmt":"2025-01-09T02:00:48","guid":{"rendered":"https:\/\/www.goldpiercingfactory.com\/?post_type=product&#038;p=8906"},"modified":"2025-01-09T11:27:27","modified_gmt":"2025-01-09T03:27:27","slug":"14k-solid-gold-threadless-labret-stud-with-emerald-cut-green-cz-and-round-cz-accents","status":"publish","type":"product","link":"https:\/\/www.goldpiercingfactory.com\/es\/producto\/14k-solid-gold-threadless-labret-stud-with-emerald-cut-green-cz-and-round-cz-accents\/","title":{"rendered":"Broche de oro macizo de 14 quilates sin rosca con circonita verde esmeralda y circonita redonda"},"content":{"rendered":"<p>Presentamos el GUE403118G, un lujoso semental Labret sin hilo de oro s\u00f3lido de 14k con una piedra CZ verde con corte de esmeralda enmarcada por seis acentos CZ redondos brillantes. Este audaz dise\u00f1o geom\u00e9trico exuda elegancia y modernidad. Perfecto para cart\u00edlagos, tragos o piercings de labios, su mecanismo de pinzones de empuje de acero asegura un desgaste seguro y c\u00f3modo.<\/p>","protected":false},"excerpt":{"rendered":"<p>Presentamos el GUE403118G, un lujoso semental Labret sin hilo de oro s\u00f3lido de 14k con una piedra CZ verde con corte de esmeralda enmarcada por seis acentos CZ redondos brillantes. Este audaz dise\u00f1o geom\u00e9trico exuda elegancia y modernidad. Perfecto para cart\u00edlagos, tragos o piercings de labios, su mecanismo de pinzones de empuje de acero asegura un desgaste seguro y c\u00f3modo.<\/p>","protected":false},"featured_media":8931,"comment_status":"open","ping_status":"closed","template":"","meta":{"_acf_changed":false},"product_cat":[151,178,154,162,15,25],"product_tag":[],"class_list":{"0":"post-8906","1":"product","2":"type-product","3":"status-publish","4":"has-post-thumbnail","6":"product_cat-ear-piercing","7":"product_cat-labret-flat-back-stud","8":"product_cat-lip-piercing","9":"product_cat-threadless-ends","10":"product_cat-new-item","11":"product_cat-14k-solid-gold","13":"first","14":"instock","15":"shipping-taxable","16":"purchasable","17":"product-type-variable"},"acf":[],"_links":{"self":[{"href":"https:\/\/www.goldpiercingfactory.com\/es\/wp-json\/wp\/v2\/product\/8906","targetHints":{"allow":["GET"]}}],"collection":[{"href":"https:\/\/www.goldpiercingfactory.com\/es\/wp-json\/wp\/v2\/product"}],"about":[{"href":"https:\/\/www.goldpiercingfactory.com\/es\/wp-json\/wp\/v2\/types\/product"}],"replies":[{"embeddable":true,"href":"https:\/\/www.goldpiercingfactory.com\/es\/wp-json\/wp\/v2\/comments?post=8906"}],"wp:featuredmedia":[{"embeddable":true,"href":"https:\/\/www.goldpiercingfactory.com\/es\/wp-json\/wp\/v2\/media\/8931"}],"wp:attachment":[{"href":"https:\/\/www.goldpiercingfactory.com\/es\/wp-json\/wp\/v2\/media?parent=8906"}],"wp:term":[{"taxonomy":"product_cat","embeddable":true,"href":"https:\/\/www.goldpiercingfactory.com\/es\/wp-json\/wp\/v2\/product_cat?post=8906"},{"taxonomy":"product_tag","embeddable":true,"href":"https:\/\/www.goldpiercingfactory.com\/es\/wp-json\/wp\/v2\/product_tag?post=8906"}],"curies":[{"name":"wp","href":"https:\/\/api.w.org\/{rel}","templated":true}]}}