{"id":9153,"date":"2025-01-31T10:00:33","date_gmt":"2025-01-31T02:00:33","guid":{"rendered":"https:\/\/www.goldpiercingfactory.com\/?post_type=product&#038;p=9153"},"modified":"2025-01-26T09:37:56","modified_gmt":"2025-01-26T01:37:56","slug":"14k-solid-gold-threadless-labret-stud-with-angel-wing-design","status":"publish","type":"product","link":"https:\/\/www.goldpiercingfactory.com\/es\/producto\/14k-solid-gold-threadless-labret-stud-with-angel-wing-design\/","title":{"rendered":"Perno labial sin rosca de oro macizo de 14 quilates con dise\u00f1o de alas de \u00e1ngel"},"content":{"rendered":"<p>Presentando el GU40426G, un elegante semental Labret de pilos de oro s\u00f3lido de 14k inspirado en las alas de \u00e1ngel. Este dise\u00f1o de ala intrincadamente detallado captura una sensaci\u00f3n de libertad y elegancia, perfecta para cart\u00edlago, trago o piercings de labios. El mecanismo de pines de empuje de acero garantiza un desgaste seguro y c\u00f3modo, combinando la belleza con practicidad.<\/p>","protected":false},"excerpt":{"rendered":"<p>Presentando el GU40426G, un elegante semental Labret de pilos de oro s\u00f3lido de 14k inspirado en las alas de \u00e1ngel. Este dise\u00f1o de ala intrincadamente detallado captura una sensaci\u00f3n de libertad y elegancia, perfecta para cart\u00edlago, trago o piercings de labios. El mecanismo de pines de empuje de acero garantiza un desgaste seguro y c\u00f3modo, combinando la belleza con practicidad.<\/p>","protected":false},"featured_media":9157,"comment_status":"open","ping_status":"closed","template":"","meta":{"_acf_changed":false},"product_cat":[151,178,163,162,15,25],"product_tag":[],"class_list":{"0":"post-9153","1":"product","2":"type-product","3":"status-publish","4":"has-post-thumbnail","6":"product_cat-ear-piercing","7":"product_cat-labret-flat-back-stud","8":"product_cat-labret-flat-back-studs","9":"product_cat-threadless-ends","10":"product_cat-new-item","11":"product_cat-14k-solid-gold","13":"first","14":"instock","15":"shipping-taxable","16":"purchasable","17":"product-type-variable"},"acf":[],"_links":{"self":[{"href":"https:\/\/www.goldpiercingfactory.com\/es\/wp-json\/wp\/v2\/product\/9153","targetHints":{"allow":["GET"]}}],"collection":[{"href":"https:\/\/www.goldpiercingfactory.com\/es\/wp-json\/wp\/v2\/product"}],"about":[{"href":"https:\/\/www.goldpiercingfactory.com\/es\/wp-json\/wp\/v2\/types\/product"}],"replies":[{"embeddable":true,"href":"https:\/\/www.goldpiercingfactory.com\/es\/wp-json\/wp\/v2\/comments?post=9153"}],"wp:featuredmedia":[{"embeddable":true,"href":"https:\/\/www.goldpiercingfactory.com\/es\/wp-json\/wp\/v2\/media\/9157"}],"wp:attachment":[{"href":"https:\/\/www.goldpiercingfactory.com\/es\/wp-json\/wp\/v2\/media?parent=9153"}],"wp:term":[{"taxonomy":"product_cat","embeddable":true,"href":"https:\/\/www.goldpiercingfactory.com\/es\/wp-json\/wp\/v2\/product_cat?post=9153"},{"taxonomy":"product_tag","embeddable":true,"href":"https:\/\/www.goldpiercingfactory.com\/es\/wp-json\/wp\/v2\/product_tag?post=9153"}],"curies":[{"name":"wp","href":"https:\/\/api.w.org\/{rel}","templated":true}]}}