{"id":452,"date":"2023-10-20T17:24:39","date_gmt":"2023-10-20T09:24:39","guid":{"rendered":"https:\/\/www.goldpiercingfactory.com\/?page_id=452"},"modified":"2025-01-17T17:17:41","modified_gmt":"2025-01-17T09:17:41","slug":"shipping-information","status":"publish","type":"page","link":"https:\/\/www.goldpiercingfactory.com\/fr\/shipping-information\/","title":{"rendered":"Shipping Information"},"content":{"rendered":"<div data-elementor-type=\"wp-page\" data-elementor-id=\"452\" class=\"elementor elementor-452\" data-elementor-post-type=\"page\">\n\t\t\t\t\t\t<section class=\"elementor-section elementor-top-section elementor-element elementor-element-609ea27 elementor-section-boxed elementor-section-height-default elementor-section-height-default\" data-id=\"609ea27\" data-element_type=\"section\" data-settings=\"{&quot;background_background&quot;:&quot;classic&quot;}\">\n\t\t\t\t\t\t<div class=\"elementor-container elementor-column-gap-default\">\n\t\t\t\t\t<div class=\"elementor-column elementor-col-50 elementor-top-column elementor-element elementor-element-8824d1d\" data-id=\"8824d1d\" data-element_type=\"column\">\n\t\t\t<div class=\"elementor-widget-wrap elementor-element-populated\">\n\t\t\t\t\t\t<div class=\"elementor-element elementor-element-77b5a73 elementor-widget elementor-widget-heading\" data-id=\"77b5a73\" data-element_type=\"widget\" data-widget_type=\"heading.default\">\n\t\t\t\t<div class=\"elementor-widget-container\">\n\t\t\t<style>\/*! elementor - v3.21.0 - 24-04-2024 *\/\n.elementor-heading-title{padding:0;margin:0;line-height:1}.elementor-widget-heading .elementor-heading-title[class*=elementor-size-]>a{color:inherit;font-size:inherit;line-height:inherit}.elementor-widget-heading .elementor-heading-title.elementor-size-small{font-size:15px}.elementor-widget-heading .elementor-heading-title.elementor-size-medium{font-size:19px}.elementor-widget-heading .elementor-heading-title.elementor-size-large{font-size:29px}.elementor-widget-heading .elementor-heading-title.elementor-size-xl{font-size:39px}.elementor-widget-heading .elementor-heading-title.elementor-size-xxl{font-size:59px}<\/style><h1 class=\"elementor-heading-title elementor-size-default\">Shipping Information<\/h1>\t\t<\/div>\n\t\t\t\t<\/div>\n\t\t\t\t<div class=\"elementor-element elementor-element-7740b34 elementor-icon-list--layout-inline elementor-align-left elementor-list-item-link-full_width elementor-widget elementor-widget-icon-list\" data-id=\"7740b34\" data-element_type=\"widget\" data-widget_type=\"icon-list.default\">\n\t\t\t\t<div class=\"elementor-widget-container\">\n\t\t\t<link rel=\"stylesheet\" href=\"https:\/\/www.goldpiercingfactory.com\/wp-content\/uploads\/elementor\/css\/custom-widget-icon-list.min.css?ver=1733820275\">\t\t<ul class=\"elementor-icon-list-items elementor-inline-items\">\n\t\t\t\t\t\t\t<li class=\"elementor-icon-list-item elementor-inline-item\">\n\t\t\t\t\t\t\t\t\t\t<span class=\"elementor-icon-list-text\">Accueil<\/span>\n\t\t\t\t\t\t\t\t\t<\/li>\n\t\t\t\t\t\t\t\t<li class=\"elementor-icon-list-item elementor-inline-item\">\n\t\t\t\t\t\t\t\t\t\t\t<span class=\"elementor-icon-list-icon\">\n\t\t\t\t\t\t\t<i aria-hidden=\"true\" class=\"icon icon-right-arrow\"><\/i>\t\t\t\t\t\t<\/span>\n\t\t\t\t\t\t\t\t\t\t<span class=\"elementor-icon-list-text\">Shipping Information<\/span>\n\t\t\t\t\t\t\t\t\t<\/li>\n\t\t\t\t\t\t<\/ul>\n\t\t\t\t<\/div>\n\t\t\t\t<\/div>\n\t\t\t\t\t<\/div>\n\t\t<\/div>\n\t\t\t\t<div class=\"elementor-column elementor-col-50 elementor-top-column elementor-element elementor-element-72c9693\" data-id=\"72c9693\" data-element_type=\"column\">\n\t\t\t<div class=\"elementor-widget-wrap elementor-element-populated\">\n\t\t\t\t\t\t<div class=\"elementor-element elementor-element-fef8d02 elementor-widget elementor-widget-image\" data-id=\"fef8d02\" data-element_type=\"widget\" data-widget_type=\"image.default\">\n\t\t\t\t<div class=\"elementor-widget-container\">\n\t\t\t<style>\/*! elementor - v3.21.0 - 24-04-2024 *\/\n.elementor-widget-image{text-align:center}.elementor-widget-image a{display:inline-block}.elementor-widget-image a img[src$=\".svg\"]{width:48px}.elementor-widget-image img{vertical-align:middle;display:inline-block}<\/style>\t\t\t\t\t\t\t\t\t\t<img fetchpriority=\"high\" decoding=\"async\" width=\"1200\" height=\"444\" src=\"https:\/\/www.goldpiercingfactory.com\/wp-content\/uploads\/2024\/01\/2\u7ea7\u9875\u9762-5.jpg\" class=\"attachment-full size-full wp-image-3716\"  srcset=\"https:\/\/www.goldpiercingfactory.com\/wp-content\/uploads\/2024\/01\/2\u7ea7\u9875\u9762-5.jpg 1200w, https:\/\/www.goldpiercingfactory.com\/wp-content\/uploads\/2024\/01\/2\u7ea7\u9875\u9762-5-1000x370.jpg 1000w, https:\/\/www.goldpiercingfactory.com\/wp-content\/uploads\/2024\/01\/2\u7ea7\u9875\u9762-5-1024x379.jpg 1024w, https:\/\/www.goldpiercingfactory.com\/wp-content\/uploads\/2024\/01\/2\u7ea7\u9875\u9762-5-800x296.jpg 800w, https:\/\/www.goldpiercingfactory.com\/wp-content\/uploads\/2024\/01\/2\u7ea7\u9875\u9762-5-768x284.jpg 768w\" sizes=\"(max-width: 1200px) 100vw, 1200px\" title=\"Shipping Information-\" alt=\"Shipping Information-\" \/>\t\t\t\t\t\t\t\t\t\t\t\t\t<\/div>\n\t\t\t\t<\/div>\n\t\t\t\t\t<\/div>\n\t\t<\/div>\n\t\t\t\t\t<\/div>\n\t\t<\/section>\n\t\t\t\t<section class=\"elementor-section elementor-top-section elementor-element elementor-element-74ac57b elementor-section-boxed elementor-section-height-default elementor-section-height-default\" data-id=\"74ac57b\" data-element_type=\"section\">\n\t\t\t\t\t\t<div class=\"elementor-container elementor-column-gap-default\">\n\t\t\t\t\t<div class=\"elementor-column elementor-col-100 elementor-top-column elementor-element elementor-element-ebbc541\" data-id=\"ebbc541\" data-element_type=\"column\">\n\t\t\t<div class=\"elementor-widget-wrap elementor-element-populated\">\n\t\t\t\t\t\t<div class=\"elementor-element elementor-element-3d8d508 elementor-widget elementor-widget-heading\" data-id=\"3d8d508\" data-element_type=\"widget\" data-widget_type=\"heading.default\">\n\t\t\t\t<div class=\"elementor-widget-container\">\n\t\t\t<h2 class=\"elementor-heading-title elementor-size-default\">\u00c0 GPF Jewelry<\/h2>\t\t<\/div>\n\t\t\t\t<\/div>\n\t\t\t\t<div class=\"elementor-element elementor-element-4a88653 elementor-invisible elementor-widget elementor-widget-heading\" data-id=\"4a88653\" data-element_type=\"widget\" data-settings=\"{&quot;_animation&quot;:&quot;zoomIn&quot;}\" data-widget_type=\"heading.default\">\n\t\t\t\t<div class=\"elementor-widget-container\">\n\t\t\t<h2 class=\"elementor-heading-title elementor-size-default\">Shipping Information<\/h2>\t\t<\/div>\n\t\t\t\t<\/div>\n\t\t\t\t<section class=\"elementor-section elementor-inner-section elementor-element elementor-element-a3f539a elementor-section-boxed elementor-section-height-default elementor-section-height-default\" data-id=\"a3f539a\" data-element_type=\"section\">\n\t\t\t\t\t\t<div class=\"elementor-container elementor-column-gap-default\">\n\t\t\t\t\t<div class=\"elementor-column elementor-col-100 elementor-inner-column elementor-element elementor-element-bb05815\" data-id=\"bb05815\" data-element_type=\"column\">\n\t\t\t<div class=\"elementor-widget-wrap elementor-element-populated\">\n\t\t\t\t\t\t<section class=\"elementor-section elementor-inner-section elementor-element elementor-element-11ee61e elementor-section-full_width elementor-section-height-default elementor-section-height-default\" data-id=\"11ee61e\" data-element_type=\"section\">\n\t\t\t\t\t\t<div class=\"elementor-container elementor-column-gap-default\">\n\t\t\t\t\t<div class=\"elementor-column elementor-col-100 elementor-inner-column elementor-element elementor-element-34c4e5c\" data-id=\"34c4e5c\" data-element_type=\"column\">\n\t\t\t<div class=\"elementor-widget-wrap elementor-element-populated\">\n\t\t\t\t\t\t<div class=\"elementor-element elementor-element-62f92c4 elementor-widget elementor-widget-text-editor\" data-id=\"62f92c4\" data-element_type=\"widget\" data-widget_type=\"text-editor.default\">\n\t\t\t\t<div class=\"elementor-widget-container\">\n\t\t\t<style>\/*! elementor - v3.21.0 - 24-04-2024 *\/\n.elementor-widget-text-editor.elementor-drop-cap-view-stacked .elementor-drop-cap{background-color:#69727d;color:#fff}.elementor-widget-text-editor.elementor-drop-cap-view-framed .elementor-drop-cap{color:#69727d;border:3px solid;background-color:transparent}.elementor-widget-text-editor:not(.elementor-drop-cap-view-default) .elementor-drop-cap{margin-top:8px}.elementor-widget-text-editor:not(.elementor-drop-cap-view-default) .elementor-drop-cap-letter{width:1em;height:1em}.elementor-widget-text-editor .elementor-drop-cap{float:left;text-align:center;line-height:1;font-size:50px}.elementor-widget-text-editor .elementor-drop-cap-letter{display:inline-block}<\/style>\t\t\t\t<p style=\"font-weight: 300;\">Chez GPF Piercing, nous appr\u00e9cions le temps du client et nous nous engageons donc \u00e0 exp\u00e9dier les marchandises du monde entier d\u00e8s que possible.<\/p><p style=\"font-weight: 300;\">Quant aux variations sans fin per\u00e7antes (couleur de pierre, taille des pi\u00e8ces, option de placage, coloration de l\\'\u00e9mail, oxydation et autres), nous avons besoin de temps pour pr\u00e9parer tout pour \u00eatre livr\u00e9 et, par cons\u00e9quent, nous donnerons les meilleurs efforts pour rencontrer les d\u00e9lais suivants:<\/p><p>100 $ \u00e0 199 $ Commande, livraison dans les 2 jours ouvrables.<br \/>200 $ - commande de 499 $, livraison dans les 5 jours ouvrables.<br \/>500 $ - commande de 999 $, livraison dans les 8 jours ouvrables.<br \/>1000 $ et plus de commande, livraison jusqu\\'\u00e0 14 jours ouvrables.<\/p><p>Il s\\'agit de notre proc\u00e9dure d\\'exp\u00e9dition normale pour les clients en ligne qui est soumis \u00e0 un changement en cas de catastrophe et de vacances nationales en Chine.<\/p><p>Dans le cas des ordres du week-end, le temps sera calcul\u00e9 \u00e0 partir du lundi matin suivant.<\/p><p style=\"font-weight: 300;\"><b><strong><u>Nous proposons 2 m\u00e9thodes d\\'exp\u00e9dition internationales:<\/u><\/strong><\/b><\/p><p style=\"font-weight: 300;\"><b><strong>Mail a\u00e9rien enregistr\u00e9 (courrier mondial)<\/strong><\/b>\u00a0- L\\'heure d\\'arriv\u00e9e est de 14 \u00e0 21 jours (parfois elle peut s\\'\u00e9tendre jusqu\\'\u00e0 28 jours). Il s\\'agit d\\'une m\u00e9thode d\\'exp\u00e9dition s\u00fbre, mais introuvable en ligne, par cons\u00e9quent, nous ne recommandons pas d\\'utiliser cette m\u00e9thode, cette option est disponible pour les commandes jusqu\\'\u00e0 300 $.<\/p><p style=\"font-weight: 300;\"><b><strong>EMS<\/strong><\/b>,<b><strong>\u00a0DHL ou UPS -<\/strong><\/b>\u00a0Le d\u00e9lai de livraison est de 2 \u00e0 4 jours, les frais d\\'exp\u00e9dition seront d\u00e9tenus par le poids de la commande totale. (C\\'est la m\u00e9thode d\\'exp\u00e9dition la plus rapide et la plus fiable disponible, tra\u00e7able en ligne).<\/p><p>Nous exp\u00e9dions nos produits dans tous les pays du monde, notamment les \u00c9tats-Unis, le Japon, l\\'Australie, le Canada, l\\'Allemagne et le Royaume-Uni.<\/p><p>D\u00e8s que votre commande part de notre campus, nous vous informerons par e-mail et vous fournirons le num\u00e9ro de suivi afin que vous puissiez suivre la commande et d\u00e9couvrir votre \u00e9tat de transaction.<\/p><p style=\"font-weight: 300;\">Cependant, GPF Piercing n\\'a aucune responsabilit\u00e9 pour les dommages caus\u00e9s pendant le processus d\\'exp\u00e9dition, car il s\\'est produit apr\u00e8s que les produits ont quitt\u00e9 les locaux de notre entreprise, en outre, <b><strong>Des frais de d\u00e9douanement suppl\u00e9mentaires pourraient \u00eatre appliqu\u00e9s par le pays de destination.<br \/><\/strong><\/b><br \/>Nous n\\'avons \u00e9galement aucune responsabilit\u00e9 concernant la livraison erron\u00e9e en fonction des informations incorrectes fournies par les clients.<\/p>\t\t\t\t\t\t<\/div>\n\t\t\t\t<\/div>\n\t\t\t\t\t<\/div>\n\t\t<\/div>\n\t\t\t\t\t<\/div>\n\t\t<\/section>\n\t\t\t\t<section class=\"elementor-section elementor-inner-section elementor-element elementor-element-a6c93c9 elementor-section-boxed elementor-section-height-default elementor-section-height-default\" data-id=\"a6c93c9\" data-element_type=\"section\">\n\t\t\t\t\t\t<div class=\"elementor-container elementor-column-gap-default\">\n\t\t\t\t\t<div class=\"elementor-column elementor-col-50 elementor-inner-column elementor-element elementor-element-c604c3f\" data-id=\"c604c3f\" data-element_type=\"column\">\n\t\t\t<div class=\"elementor-widget-wrap elementor-element-populated\">\n\t\t\t\t\t\t<div class=\"elementor-element elementor-element-66ae51a elementor-widget elementor-widget-image\" data-id=\"66ae51a\" data-element_type=\"widget\" data-widget_type=\"image.default\">\n\t\t\t\t<div class=\"elementor-widget-container\">\n\t\t\t\t\t\t\t\t\t\t\t\t\t<img decoding=\"async\" width=\"300\" height=\"95\" src=\"https:\/\/www.goldpiercingfactory.com\/wp-content\/uploads\/2023\/10\/DHLlogo.webp\" class=\"attachment-full size-full wp-image-467\" title=\"Shipping Information-1\" alt=\"Shipping Information-1\" \/>\t\t\t\t\t\t\t\t\t\t\t\t\t<\/div>\n\t\t\t\t<\/div>\n\t\t\t\t\t<\/div>\n\t\t<\/div>\n\t\t\t\t<div class=\"elementor-column elementor-col-50 elementor-inner-column elementor-element elementor-element-d1c5ae5\" data-id=\"d1c5ae5\" data-element_type=\"column\">\n\t\t\t<div class=\"elementor-widget-wrap elementor-element-populated\">\n\t\t\t\t\t\t<div class=\"elementor-element elementor-element-82d25c4 elementor-widget elementor-widget-heading\" data-id=\"82d25c4\" data-element_type=\"widget\" data-widget_type=\"heading.default\">\n\t\t\t\t<div class=\"elementor-widget-container\">\n\t\t\t<h2 class=\"elementor-heading-title elementor-size-default\">http:\/\/www.dhl.co.th<\/h2>\t\t<\/div>\n\t\t\t\t<\/div>\n\t\t\t\t\t<\/div>\n\t\t<\/div>\n\t\t\t\t\t<\/div>\n\t\t<\/section>\n\t\t\t\t<section class=\"elementor-section elementor-inner-section elementor-element elementor-element-b7710b4 elementor-section-boxed elementor-section-height-default elementor-section-height-default\" data-id=\"b7710b4\" data-element_type=\"section\">\n\t\t\t\t\t\t<div class=\"elementor-container elementor-column-gap-default\">\n\t\t\t\t\t<div class=\"elementor-column elementor-col-50 elementor-inner-column elementor-element elementor-element-48dd373\" data-id=\"48dd373\" data-element_type=\"column\">\n\t\t\t<div class=\"elementor-widget-wrap elementor-element-populated\">\n\t\t\t\t\t\t<div class=\"elementor-element elementor-element-66cc053 elementor-widget elementor-widget-image\" data-id=\"66cc053\" data-element_type=\"widget\" data-widget_type=\"image.default\">\n\t\t\t\t<div class=\"elementor-widget-container\">\n\t\t\t\t\t\t\t\t\t\t\t\t\t<img decoding=\"async\" width=\"300\" height=\"95\" src=\"https:\/\/www.goldpiercingfactory.com\/wp-content\/uploads\/2023\/10\/UPSlogo.webp\" class=\"attachment-full size-full wp-image-468\" title=\"Shipping Information-2\" alt=\"Shipping Information-2\" \/>\t\t\t\t\t\t\t\t\t\t\t\t\t<\/div>\n\t\t\t\t<\/div>\n\t\t\t\t\t<\/div>\n\t\t<\/div>\n\t\t\t\t<div class=\"elementor-column elementor-col-50 elementor-inner-column elementor-element elementor-element-bcc3dd2\" data-id=\"bcc3dd2\" data-element_type=\"column\">\n\t\t\t<div class=\"elementor-widget-wrap elementor-element-populated\">\n\t\t\t\t\t\t<div class=\"elementor-element elementor-element-3e057fc elementor-widget elementor-widget-heading\" data-id=\"3e057fc\" data-element_type=\"widget\" data-widget_type=\"heading.default\">\n\t\t\t\t<div class=\"elementor-widget-container\">\n\t\t\t<h2 class=\"elementor-heading-title elementor-size-default\">http:\/\/www.ups.com<\/h2>\t\t<\/div>\n\t\t\t\t<\/div>\n\t\t\t\t\t<\/div>\n\t\t<\/div>\n\t\t\t\t\t<\/div>\n\t\t<\/section>\n\t\t\t\t<section class=\"elementor-section elementor-inner-section elementor-element elementor-element-6895cf4 elementor-section-boxed elementor-section-height-default elementor-section-height-default\" data-id=\"6895cf4\" data-element_type=\"section\">\n\t\t\t\t\t\t<div class=\"elementor-container elementor-column-gap-default\">\n\t\t\t\t\t<div class=\"elementor-column elementor-col-50 elementor-inner-column elementor-element elementor-element-45cd97b\" data-id=\"45cd97b\" data-element_type=\"column\">\n\t\t\t<div class=\"elementor-widget-wrap elementor-element-populated\">\n\t\t\t\t\t\t<div class=\"elementor-element elementor-element-a083ed1 elementor-widget elementor-widget-image\" data-id=\"a083ed1\" data-element_type=\"widget\" data-widget_type=\"image.default\">\n\t\t\t\t<div class=\"elementor-widget-container\">\n\t\t\t\t\t\t\t\t\t\t\t\t\t<img loading=\"lazy\" decoding=\"async\" width=\"300\" height=\"95\" src=\"https:\/\/www.goldpiercingfactory.com\/wp-content\/uploads\/2023\/10\/EMSlogo.webp\" class=\"attachment-full size-full wp-image-469\" title=\"Shipping Information-3\" alt=\"Shipping Information-3\" \/>\t\t\t\t\t\t\t\t\t\t\t\t\t<\/div>\n\t\t\t\t<\/div>\n\t\t\t\t\t<\/div>\n\t\t<\/div>\n\t\t\t\t<div class=\"elementor-column elementor-col-50 elementor-inner-column elementor-element elementor-element-6e51571\" data-id=\"6e51571\" data-element_type=\"column\">\n\t\t\t<div class=\"elementor-widget-wrap elementor-element-populated\">\n\t\t\t\t\t\t<div class=\"elementor-element elementor-element-df11142 elementor-widget elementor-widget-heading\" data-id=\"df11142\" data-element_type=\"widget\" data-widget_type=\"heading.default\">\n\t\t\t\t<div class=\"elementor-widget-container\">\n\t\t\t<h2 class=\"elementor-heading-title elementor-size-default\">http:\/\/track.thailandpost.co.th<\/h2>\t\t<\/div>\n\t\t\t\t<\/div>\n\t\t\t\t\t<\/div>\n\t\t<\/div>\n\t\t\t\t\t<\/div>\n\t\t<\/section>\n\t\t\t\t\t<\/div>\n\t\t<\/div>\n\t\t\t\t\t<\/div>\n\t\t<\/section>\n\t\t\t\t\t<\/div>\n\t\t<\/div>\n\t\t\t\t\t<\/div>\n\t\t<\/section>\n\t\t\t\t<\/div>","protected":false},"excerpt":{"rendered":"<p>Shipping Information Home Shipping Information At GPF JEWELRY Shipping Information At GPF Piercing we value customer time and therefore we are committed to shipping the goods worldwide\u00a0as soon as possible. As for the piercing endless variations (Stone color, Part size, Plating option, Enamel coloring, Oxidation and others) we do need some time to prepare it [&hellip;]<\/p>","protected":false},"author":1,"featured_media":0,"parent":0,"menu_order":0,"comment_status":"closed","ping_status":"closed","template":"elementor_header_footer","meta":{"_acf_changed":false,"footnotes":""},"class_list":["post-452","page","type-page","status-publish","hentry"],"acf":[],"_links":{"self":[{"href":"https:\/\/www.goldpiercingfactory.com\/fr\/wp-json\/wp\/v2\/pages\/452","targetHints":{"allow":["GET"]}}],"collection":[{"href":"https:\/\/www.goldpiercingfactory.com\/fr\/wp-json\/wp\/v2\/pages"}],"about":[{"href":"https:\/\/www.goldpiercingfactory.com\/fr\/wp-json\/wp\/v2\/types\/page"}],"author":[{"embeddable":true,"href":"https:\/\/www.goldpiercingfactory.com\/fr\/wp-json\/wp\/v2\/users\/1"}],"replies":[{"embeddable":true,"href":"https:\/\/www.goldpiercingfactory.com\/fr\/wp-json\/wp\/v2\/comments?post=452"}],"version-history":[{"count":55,"href":"https:\/\/www.goldpiercingfactory.com\/fr\/wp-json\/wp\/v2\/pages\/452\/revisions"}],"predecessor-version":[{"id":9015,"href":"https:\/\/www.goldpiercingfactory.com\/fr\/wp-json\/wp\/v2\/pages\/452\/revisions\/9015"}],"wp:attachment":[{"href":"https:\/\/www.goldpiercingfactory.com\/fr\/wp-json\/wp\/v2\/media?parent=452"}],"curies":[{"name":"wp","href":"https:\/\/api.w.org\/{rel}","templated":true}]}}