{"id":1632,"date":"2023-11-29T13:09:48","date_gmt":"2023-11-29T05:09:48","guid":{"rendered":"https:\/\/www.goldpiercingfactory.com\/?post_type=product&#038;p=1632"},"modified":"2024-06-06T16:06:39","modified_gmt":"2024-06-06T08:06:39","slug":"14k-gold-plain-hoop-earring-ring","status":"publish","type":"product","link":"https:\/\/www.goldpiercingfactory.com\/fr\/produit\/14k-gold-plain-hoop-earring-ring\/","title":{"rendered":"Anneau de segment \u00e0 charni\u00e8re classique \u00e0 base de cerceau en or solide 14K"},"content":{"rendered":"<div>\n<p>Une fusion d\\\\\\'\u00e9l\u00e9gance et de style, cette bague de segment \u00e0 charni\u00e8re en or jaune solide 14K KA02G ajoute un charme infini \u00e0 votre ensemble. Sa conception transparente et sa charni\u00e8re facile \u00e0 op\u00e9rer le rendent aussi pratique que belle. Cette bague de segment d\\\\\\'or mettra en \u00e9vidence votre go\u00fbt unique, que ce soit associ\u00e9 \u00e0 une tenue formelle ou d\u00e9contract\u00e9e.<\/p>\n<\/div>","protected":false},"excerpt":{"rendered":"<p>Une fusion d\\\\\\'\u00e9l\u00e9gance et de style, cet anneau de segment \u00e0 charni\u00e8re en or jaune solide 14K ajoute un charme infini \u00e0 votre ensemble.<\/p>","protected":false},"featured_media":4727,"comment_status":"open","ping_status":"closed","template":"","meta":{"_acf_changed":false},"product_cat":[158,152,15,25],"product_tag":[79,187],"class_list":{"0":"post-1632","1":"product","2":"type-product","3":"status-publish","4":"has-post-thumbnail","6":"product_cat-hinged-segment-ring","7":"product_cat-nose-piercing","8":"product_cat-new-item","9":"product_cat-14k-solid-gold","10":"product_tag-hinged-segment-ring","11":"product_tag-nose-piercing","13":"first","14":"instock","15":"shipping-taxable","16":"purchasable","17":"product-type-variable"},"acf":[],"_links":{"self":[{"href":"https:\/\/www.goldpiercingfactory.com\/fr\/wp-json\/wp\/v2\/product\/1632","targetHints":{"allow":["GET"]}}],"collection":[{"href":"https:\/\/www.goldpiercingfactory.com\/fr\/wp-json\/wp\/v2\/product"}],"about":[{"href":"https:\/\/www.goldpiercingfactory.com\/fr\/wp-json\/wp\/v2\/types\/product"}],"replies":[{"embeddable":true,"href":"https:\/\/www.goldpiercingfactory.com\/fr\/wp-json\/wp\/v2\/comments?post=1632"}],"wp:featuredmedia":[{"embeddable":true,"href":"https:\/\/www.goldpiercingfactory.com\/fr\/wp-json\/wp\/v2\/media\/4727"}],"wp:attachment":[{"href":"https:\/\/www.goldpiercingfactory.com\/fr\/wp-json\/wp\/v2\/media?parent=1632"}],"wp:term":[{"taxonomy":"product_cat","embeddable":true,"href":"https:\/\/www.goldpiercingfactory.com\/fr\/wp-json\/wp\/v2\/product_cat?post=1632"},{"taxonomy":"product_tag","embeddable":true,"href":"https:\/\/www.goldpiercingfactory.com\/fr\/wp-json\/wp\/v2\/product_tag?post=1632"}],"curies":[{"name":"wp","href":"https:\/\/api.w.org\/{rel}","templated":true}]}}