{"id":1850,"date":"2023-11-30T10:42:31","date_gmt":"2023-11-30T02:42:31","guid":{"rendered":"https:\/\/www.goldpiercingfactory.com\/?post_type=product&#038;p=1850"},"modified":"2024-06-06T16:04:21","modified_gmt":"2024-06-06T08:04:21","slug":"14k-gold-texturized-hinged-segment-ring","status":"publish","type":"product","link":"https:\/\/www.goldpiercingfactory.com\/fr\/produit\/14k-gold-texturized-hinged-segment-ring\/","title":{"rendered":"Anneau de segment \u00e0 charni\u00e8re textur\u00e9 en or solide 14K"},"content":{"rendered":"<p>Unleash Bold \u00c9l\u00e9gance avec l\\\\\\'anneau de segment \u00e0 charni\u00e8re KA38G-1608, une version audacieuse du luxe en or solide 14K. Cet accessoire per\u00e7ant se d\u00e9marque avec son design \u00e0 pointes distinctif, offrant un look audacieux mais sophistiqu\u00e9. Parfait pour ceux qui osent faire une d\u00e9claration.<\/p>","protected":false},"excerpt":{"rendered":"<p>Unleash Bold \u00c9l\u00e9gance avec l\\\\\\'anneau de segment \u00e0 charni\u00e8re KA38G-1608, une version audacieuse du luxe en or solide 14K.<\/p>","protected":false},"featured_media":1851,"comment_status":"open","ping_status":"closed","template":"","meta":{"_acf_changed":false},"product_cat":[151,158,152,15,25],"product_tag":[169,125,115,119,116,114,79,118,120,111,117],"class_list":{"0":"post-1850","1":"product","2":"type-product","3":"status-publish","4":"has-post-thumbnail","6":"product_cat-ear-piercing","7":"product_cat-hinged-segment-ring","8":"product_cat-nose-piercing","9":"product_cat-new-item","10":"product_cat-14k-solid-gold","11":"product_tag-16g1-2mm","12":"product_tag-clicker-hoop","13":"product_tag-conch-ring","14":"product_tag-daith-ring","15":"product_tag-forward-helix-ring","16":"product_tag-helix-cartilage-ring","17":"product_tag-hinged-segment-ring","18":"product_tag-lobe-ring","19":"product_tag-rook-snug-ring","20":"product_tag-septum-clicker","21":"product_tag-tragus-ring","23":"first","24":"instock","25":"shipping-taxable","26":"purchasable","27":"product-type-simple"},"acf":[],"_links":{"self":[{"href":"https:\/\/www.goldpiercingfactory.com\/fr\/wp-json\/wp\/v2\/product\/1850","targetHints":{"allow":["GET"]}}],"collection":[{"href":"https:\/\/www.goldpiercingfactory.com\/fr\/wp-json\/wp\/v2\/product"}],"about":[{"href":"https:\/\/www.goldpiercingfactory.com\/fr\/wp-json\/wp\/v2\/types\/product"}],"replies":[{"embeddable":true,"href":"https:\/\/www.goldpiercingfactory.com\/fr\/wp-json\/wp\/v2\/comments?post=1850"}],"wp:featuredmedia":[{"embeddable":true,"href":"https:\/\/www.goldpiercingfactory.com\/fr\/wp-json\/wp\/v2\/media\/1851"}],"wp:attachment":[{"href":"https:\/\/www.goldpiercingfactory.com\/fr\/wp-json\/wp\/v2\/media?parent=1850"}],"wp:term":[{"taxonomy":"product_cat","embeddable":true,"href":"https:\/\/www.goldpiercingfactory.com\/fr\/wp-json\/wp\/v2\/product_cat?post=1850"},{"taxonomy":"product_tag","embeddable":true,"href":"https:\/\/www.goldpiercingfactory.com\/fr\/wp-json\/wp\/v2\/product_tag?post=1850"}],"curies":[{"name":"wp","href":"https:\/\/api.w.org\/{rel}","templated":true}]}}