{"id":2558,"date":"2023-12-09T11:07:24","date_gmt":"2023-12-09T03:07:24","guid":{"rendered":"https:\/\/www.goldpiercingfactory.com\/?post_type=product&#038;p=2558"},"modified":"2024-06-06T16:05:12","modified_gmt":"2024-06-06T08:05:12","slug":"14k-gold-square-prong-set-gem-nose-ring","status":"publish","type":"product","link":"https:\/\/www.goldpiercingfactory.com\/fr\/produit\/14k-gold-square-prong-set-gem-nose-ring\/","title":{"rendered":"14K Solid Gold Square Cz \u00e0 brochet Set Gem Nasing Anneau"},"content":{"rendered":"<p>L\\'anneau de nez KKV33G-2006 associe la chaleur de 14 carats en or jaune avec l\\'\u00e9clat de la zircone cubique, cr\u00e9ant une touche de glamour directement \u00e0 bout de temps.<\/p>","protected":false},"excerpt":{"rendered":"<p>L\\'anneau de nez KKV33G-2006 associe la chaleur de 14 carats en or jaune avec l\\'\u00e9clat de la zircone cubique, cr\u00e9ant une touche de glamour directement \u00e0 bout de temps.<\/p>","protected":false},"featured_media":2555,"comment_status":"open","ping_status":"closed","template":"","meta":{"_acf_changed":false},"product_cat":[152,15,25],"product_tag":[171,96,140],"class_list":{"0":"post-2558","1":"product","2":"type-product","3":"status-publish","4":"has-post-thumbnail","6":"product_cat-nose-piercing","7":"product_cat-new-item","8":"product_cat-14k-solid-gold","9":"product_tag-20g0-8mm","10":"product_tag-nose-ring","11":"product_tag-nose-twist-ring","13":"first","14":"instock","15":"shipping-taxable","16":"purchasable","17":"product-type-simple"},"acf":[],"_links":{"self":[{"href":"https:\/\/www.goldpiercingfactory.com\/fr\/wp-json\/wp\/v2\/product\/2558","targetHints":{"allow":["GET"]}}],"collection":[{"href":"https:\/\/www.goldpiercingfactory.com\/fr\/wp-json\/wp\/v2\/product"}],"about":[{"href":"https:\/\/www.goldpiercingfactory.com\/fr\/wp-json\/wp\/v2\/types\/product"}],"replies":[{"embeddable":true,"href":"https:\/\/www.goldpiercingfactory.com\/fr\/wp-json\/wp\/v2\/comments?post=2558"}],"wp:featuredmedia":[{"embeddable":true,"href":"https:\/\/www.goldpiercingfactory.com\/fr\/wp-json\/wp\/v2\/media\/2555"}],"wp:attachment":[{"href":"https:\/\/www.goldpiercingfactory.com\/fr\/wp-json\/wp\/v2\/media?parent=2558"}],"wp:term":[{"taxonomy":"product_cat","embeddable":true,"href":"https:\/\/www.goldpiercingfactory.com\/fr\/wp-json\/wp\/v2\/product_cat?post=2558"},{"taxonomy":"product_tag","embeddable":true,"href":"https:\/\/www.goldpiercingfactory.com\/fr\/wp-json\/wp\/v2\/product_tag?post=2558"}],"curies":[{"name":"wp","href":"https:\/\/api.w.org\/{rel}","templated":true}]}}