{"id":3264,"date":"2023-12-25T11:50:53","date_gmt":"2023-12-25T03:50:53","guid":{"rendered":"https:\/\/www.goldpiercingfactory.com\/?post_type=product&#038;p=3264"},"modified":"2024-06-06T16:06:50","modified_gmt":"2024-06-06T08:06:50","slug":"14k-gold-solid-threadless-flat-back-cartilage-studs","status":"publish","type":"product","link":"https:\/\/www.goldpiercingfactory.com\/fr\/produit\/14k-gold-solid-threadless-flat-back-cartilage-studs\/","title":{"rendered":"Stud cartilage de balles solide \u00e0 balle solide en or solide 14K"},"content":{"rendered":"<p>Pr\u00e9sentation de l'anneau Tragus \u00abGolden Orb Trio\u00bb, mod\u00e8le KRS00G, une symphonie de minimalisme fabriqu\u00e9e \u00e0 partir d'or solide 14K.<\/p>","protected":false},"excerpt":{"rendered":"<p>Pr\u00e9sentation de l'anneau Tragus \u00abGolden Orb Trio\u00bb, mod\u00e8le KRS00G, une symphonie de minimalisme fabriqu\u00e9e \u00e0 partir d'or solide 14K.<\/p>","protected":false},"featured_media":3198,"comment_status":"open","ping_status":"closed","template":"","meta":{"_acf_changed":false},"product_cat":[151,162,15,25],"product_tag":[175,179,176,182,131,177],"class_list":{"0":"post-3264","1":"product","2":"type-product","3":"status-publish","4":"has-post-thumbnail","6":"product_cat-ear-piercing","7":"product_cat-threadless-ends","8":"product_cat-new-item","9":"product_cat-14k-solid-gold","10":"product_tag-conch-stud","11":"product_tag-forward-helix-stud","12":"product_tag-helix-cartilage-stud","13":"product_tag-lobe-stud","14":"product_tag-threadless-ends","15":"product_tag-tragus-stud","17":"first","18":"instock","19":"shipping-taxable","20":"purchasable","21":"product-type-variable"},"acf":[],"_links":{"self":[{"href":"https:\/\/www.goldpiercingfactory.com\/fr\/wp-json\/wp\/v2\/product\/3264","targetHints":{"allow":["GET"]}}],"collection":[{"href":"https:\/\/www.goldpiercingfactory.com\/fr\/wp-json\/wp\/v2\/product"}],"about":[{"href":"https:\/\/www.goldpiercingfactory.com\/fr\/wp-json\/wp\/v2\/types\/product"}],"replies":[{"embeddable":true,"href":"https:\/\/www.goldpiercingfactory.com\/fr\/wp-json\/wp\/v2\/comments?post=3264"}],"wp:featuredmedia":[{"embeddable":true,"href":"https:\/\/www.goldpiercingfactory.com\/fr\/wp-json\/wp\/v2\/media\/3198"}],"wp:attachment":[{"href":"https:\/\/www.goldpiercingfactory.com\/fr\/wp-json\/wp\/v2\/media?parent=3264"}],"wp:term":[{"taxonomy":"product_cat","embeddable":true,"href":"https:\/\/www.goldpiercingfactory.com\/fr\/wp-json\/wp\/v2\/product_cat?post=3264"},{"taxonomy":"product_tag","embeddable":true,"href":"https:\/\/www.goldpiercingfactory.com\/fr\/wp-json\/wp\/v2\/product_tag?post=3264"}],"curies":[{"name":"wp","href":"https:\/\/api.w.org\/{rel}","templated":true}]}}