{"id":3290,"date":"2023-12-28T13:37:45","date_gmt":"2023-12-28T05:37:45","guid":{"rendered":"https:\/\/www.goldpiercingfactory.com\/?post_type=product&#038;p=3290"},"modified":"2024-06-06T16:06:27","modified_gmt":"2024-06-06T08:06:27","slug":"14k-gold-cz-arrow-shape-threadless-labret-nose-studs","status":"publish","type":"product","link":"https:\/\/www.goldpiercingfactory.com\/fr\/produit\/14k-gold-cz-arrow-shape-threadless-labret-nose-studs\/","title":{"rendered":"Fl\u00e8che de fl\u00e8che en or solide 14K Forme de fl\u00e8che"},"content":{"rendered":"<p>Elevate your look with the KLSV70 Labret stud, where 14K yellow gold meets the sparkle of cubic zirconia. These threadless stud are designed for effortless elegance, featuring a V-shaped constellation that hugs the curve of your lip with a comfortable, secure fit<\/p>","protected":false},"excerpt":{"rendered":"<p>Elevate your look with the KLSV70 Labret stud, where 14K yellow gold meets the sparkle of cubic zirconia. These threadless stud are designed for effortless elegance, featuring a V-shaped constellation that hugs the curve of your lip with a comfortable, secure fit<\/p>","protected":false},"featured_media":4735,"comment_status":"open","ping_status":"closed","template":"","meta":{"_acf_changed":false},"product_cat":[151,178,154,162,15,25],"product_tag":[175,179,176,180,181,182,183,184,131,177],"class_list":{"0":"post-3290","1":"product","2":"type-product","3":"status-publish","4":"has-post-thumbnail","6":"product_cat-ear-piercing","7":"product_cat-labret-flat-back-stud","8":"product_cat-lip-piercing","9":"product_cat-threadless-ends","10":"product_cat-new-item","11":"product_cat-14k-solid-gold","12":"product_tag-conch-stud","13":"product_tag-forward-helix-stud","14":"product_tag-helix-cartilage-stud","15":"product_tag-labret-flat-back-stud","16":"product_tag-lip-stud","17":"product_tag-lobe-stud","18":"product_tag-medusa-piercing-stud","19":"product_tag-monroe-piercing-stud","20":"product_tag-threadless-ends","21":"product_tag-tragus-stud","23":"first","24":"instock","25":"shipping-taxable","26":"purchasable","27":"product-type-variable"},"acf":[],"_links":{"self":[{"href":"https:\/\/www.goldpiercingfactory.com\/fr\/wp-json\/wp\/v2\/product\/3290","targetHints":{"allow":["GET"]}}],"collection":[{"href":"https:\/\/www.goldpiercingfactory.com\/fr\/wp-json\/wp\/v2\/product"}],"about":[{"href":"https:\/\/www.goldpiercingfactory.com\/fr\/wp-json\/wp\/v2\/types\/product"}],"replies":[{"embeddable":true,"href":"https:\/\/www.goldpiercingfactory.com\/fr\/wp-json\/wp\/v2\/comments?post=3290"}],"wp:featuredmedia":[{"embeddable":true,"href":"https:\/\/www.goldpiercingfactory.com\/fr\/wp-json\/wp\/v2\/media\/4735"}],"wp:attachment":[{"href":"https:\/\/www.goldpiercingfactory.com\/fr\/wp-json\/wp\/v2\/media?parent=3290"}],"wp:term":[{"taxonomy":"product_cat","embeddable":true,"href":"https:\/\/www.goldpiercingfactory.com\/fr\/wp-json\/wp\/v2\/product_cat?post=3290"},{"taxonomy":"product_tag","embeddable":true,"href":"https:\/\/www.goldpiercingfactory.com\/fr\/wp-json\/wp\/v2\/product_tag?post=3290"}],"curies":[{"name":"wp","href":"https:\/\/api.w.org\/{rel}","templated":true}]}}