{"id":5569,"date":"2024-04-13T10:00:39","date_gmt":"2024-04-13T02:00:39","guid":{"rendered":"https:\/\/www.goldpiercingfactory.com\/?post_type=product&#038;p=5569"},"modified":"2024-06-06T16:09:15","modified_gmt":"2024-06-06T08:09:15","slug":"14k-solid-gold-heart-shaped-hinged-segment-with-cz-stone","status":"publish","type":"product","link":"https:\/\/www.goldpiercingfactory.com\/fr\/produit\/14k-solid-gold-heart-shaped-hinged-segment-with-cz-stone\/","title":{"rendered":"Segment \u00e0 charni\u00e8re en forme de c\u0153ur en or solide 14K avec pierre CZ"},"content":{"rendered":"<p>The GZ81G-1608 is a resplendent hinged segment ring, marrying 14k solid gold with the sparkle of cubic zircon. Its heart design speaks volumes, making it a perfect emblem of love for your body jewelry selection. 1.2*8mm\uff1bRD\uff1a 1.0*11<\/p>","protected":false},"excerpt":{"rendered":"<p>The GZ81G-1608 is a resplendent hinged segment ring, marrying 14k solid gold with the sparkle of cubic zircon. Its heart design speaks volumes, making it a perfect emblem of love for your body jewelry selection. 1.2*8mm\uff1bRD 1.0=11<\/p>","protected":false},"featured_media":5572,"comment_status":"open","ping_status":"closed","template":"","meta":{"_acf_changed":false},"product_cat":[151,158,154,152,15,25],"product_tag":[],"class_list":{"0":"post-5569","1":"product","2":"type-product","3":"status-publish","4":"has-post-thumbnail","6":"product_cat-ear-piercing","7":"product_cat-hinged-segment-ring","8":"product_cat-lip-piercing","9":"product_cat-nose-piercing","10":"product_cat-new-item","11":"product_cat-14k-solid-gold","13":"first","14":"instock","15":"shipping-taxable","16":"purchasable","17":"product-type-variable"},"acf":[],"_links":{"self":[{"href":"https:\/\/www.goldpiercingfactory.com\/fr\/wp-json\/wp\/v2\/product\/5569","targetHints":{"allow":["GET"]}}],"collection":[{"href":"https:\/\/www.goldpiercingfactory.com\/fr\/wp-json\/wp\/v2\/product"}],"about":[{"href":"https:\/\/www.goldpiercingfactory.com\/fr\/wp-json\/wp\/v2\/types\/product"}],"replies":[{"embeddable":true,"href":"https:\/\/www.goldpiercingfactory.com\/fr\/wp-json\/wp\/v2\/comments?post=5569"}],"wp:featuredmedia":[{"embeddable":true,"href":"https:\/\/www.goldpiercingfactory.com\/fr\/wp-json\/wp\/v2\/media\/5572"}],"wp:attachment":[{"href":"https:\/\/www.goldpiercingfactory.com\/fr\/wp-json\/wp\/v2\/media?parent=5569"}],"wp:term":[{"taxonomy":"product_cat","embeddable":true,"href":"https:\/\/www.goldpiercingfactory.com\/fr\/wp-json\/wp\/v2\/product_cat?post=5569"},{"taxonomy":"product_tag","embeddable":true,"href":"https:\/\/www.goldpiercingfactory.com\/fr\/wp-json\/wp\/v2\/product_tag?post=5569"}],"curies":[{"name":"wp","href":"https:\/\/api.w.org\/{rel}","templated":true}]}}