{"id":7294,"date":"2024-07-12T10:00:02","date_gmt":"2024-07-12T02:00:02","guid":{"rendered":"https:\/\/www.goldpiercingfactory.com\/?post_type=product&#038;p=7294"},"modified":"2024-07-11T11:05:10","modified_gmt":"2024-07-11T03:05:10","slug":"14k-solid-gold-hinged-segment-ring-with-sleek-cz-inlay","status":"publish","type":"product","link":"https:\/\/www.goldpiercingfactory.com\/fr\/produit\/14k-solid-gold-hinged-segment-ring-with-sleek-cz-inlay\/","title":{"rendered":"Anneau de segment \u00e0 charni\u00e8re en or solide 14K avec incrustation CZ \u00e9l\u00e9gante"},"content":{"rendered":"<p>Embrace minimalism with &#8220;GZ24G&#8221; 14K solid gold hinged segment ring, featuring a sleek CZ inlay. This refined accessory adds a subtle sparkle to your everyday style. 1.2*8mm<\/p>","protected":false},"excerpt":{"rendered":"<p>Embrace minimalism with &#8220;GZ24G&#8221; 14K solid gold hinged segment ring, featuring a sleek CZ inlay. This refined accessory adds a subtle sparkle to your everyday style. 1.2*8mm<\/p>","protected":false},"featured_media":7296,"comment_status":"open","ping_status":"closed","template":"","meta":{"_acf_changed":false},"product_cat":[151,158,154,152,15,25],"product_tag":[],"class_list":{"0":"post-7294","1":"product","2":"type-product","3":"status-publish","4":"has-post-thumbnail","6":"product_cat-ear-piercing","7":"product_cat-hinged-segment-ring","8":"product_cat-lip-piercing","9":"product_cat-nose-piercing","10":"product_cat-new-item","11":"product_cat-14k-solid-gold","13":"first","14":"instock","15":"shipping-taxable","16":"purchasable","17":"product-type-variable"},"acf":[],"_links":{"self":[{"href":"https:\/\/www.goldpiercingfactory.com\/fr\/wp-json\/wp\/v2\/product\/7294","targetHints":{"allow":["GET"]}}],"collection":[{"href":"https:\/\/www.goldpiercingfactory.com\/fr\/wp-json\/wp\/v2\/product"}],"about":[{"href":"https:\/\/www.goldpiercingfactory.com\/fr\/wp-json\/wp\/v2\/types\/product"}],"replies":[{"embeddable":true,"href":"https:\/\/www.goldpiercingfactory.com\/fr\/wp-json\/wp\/v2\/comments?post=7294"}],"wp:featuredmedia":[{"embeddable":true,"href":"https:\/\/www.goldpiercingfactory.com\/fr\/wp-json\/wp\/v2\/media\/7296"}],"wp:attachment":[{"href":"https:\/\/www.goldpiercingfactory.com\/fr\/wp-json\/wp\/v2\/media?parent=7294"}],"wp:term":[{"taxonomy":"product_cat","embeddable":true,"href":"https:\/\/www.goldpiercingfactory.com\/fr\/wp-json\/wp\/v2\/product_cat?post=7294"},{"taxonomy":"product_tag","embeddable":true,"href":"https:\/\/www.goldpiercingfactory.com\/fr\/wp-json\/wp\/v2\/product_tag?post=7294"}],"curies":[{"name":"wp","href":"https:\/\/api.w.org\/{rel}","templated":true}]}}