{"id":7323,"date":"2024-07-15T10:00:45","date_gmt":"2024-07-15T02:00:45","guid":{"rendered":"https:\/\/www.goldpiercingfactory.com\/?post_type=product&#038;p=7323"},"modified":"2024-07-13T09:37:36","modified_gmt":"2024-07-13T01:37:36","slug":"14k-solid-gold-hinged-segment-ring-with-twisted-design","status":"publish","type":"product","link":"https:\/\/www.goldpiercingfactory.com\/fr\/produit\/14k-solid-gold-hinged-segment-ring-with-twisted-design\/","title":{"rendered":"Anneau de segment \u00e0 charni\u00e8re en or solide 14K avec design torsad\u00e9"},"content":{"rendered":"<p>Ajoutez une torsion \u00e0 votre style avec l'anneau de segment \u00e0 charni\u00e8re en or solide 14K \u00abGZ27G\u00bb, avec un design torsad\u00e9 complexe.<\/p>","protected":false},"excerpt":{"rendered":"<p>Ajoutez une torsion \u00e0 votre style avec l'anneau de segment \u00e0 charni\u00e8re en or solide 14K \u00abGZ27G\u00bb, avec un design torsad\u00e9 complexe.<\/p>","protected":false},"featured_media":7325,"comment_status":"open","ping_status":"closed","template":"","meta":{"_acf_changed":false},"product_cat":[151,158,152,15,25],"product_tag":[],"class_list":{"0":"post-7323","1":"product","2":"type-product","3":"status-publish","4":"has-post-thumbnail","6":"product_cat-ear-piercing","7":"product_cat-hinged-segment-ring","8":"product_cat-nose-piercing","9":"product_cat-new-item","10":"product_cat-14k-solid-gold","12":"first","13":"instock","14":"shipping-taxable","15":"purchasable","16":"product-type-variable"},"acf":[],"_links":{"self":[{"href":"https:\/\/www.goldpiercingfactory.com\/fr\/wp-json\/wp\/v2\/product\/7323","targetHints":{"allow":["GET"]}}],"collection":[{"href":"https:\/\/www.goldpiercingfactory.com\/fr\/wp-json\/wp\/v2\/product"}],"about":[{"href":"https:\/\/www.goldpiercingfactory.com\/fr\/wp-json\/wp\/v2\/types\/product"}],"replies":[{"embeddable":true,"href":"https:\/\/www.goldpiercingfactory.com\/fr\/wp-json\/wp\/v2\/comments?post=7323"}],"wp:featuredmedia":[{"embeddable":true,"href":"https:\/\/www.goldpiercingfactory.com\/fr\/wp-json\/wp\/v2\/media\/7325"}],"wp:attachment":[{"href":"https:\/\/www.goldpiercingfactory.com\/fr\/wp-json\/wp\/v2\/media?parent=7323"}],"wp:term":[{"taxonomy":"product_cat","embeddable":true,"href":"https:\/\/www.goldpiercingfactory.com\/fr\/wp-json\/wp\/v2\/product_cat?post=7323"},{"taxonomy":"product_tag","embeddable":true,"href":"https:\/\/www.goldpiercingfactory.com\/fr\/wp-json\/wp\/v2\/product_tag?post=7323"}],"curies":[{"name":"wp","href":"https:\/\/api.w.org\/{rel}","templated":true}]}}