{"id":7892,"date":"2024-09-07T10:00:58","date_gmt":"2024-09-07T02:00:58","guid":{"rendered":"https:\/\/www.goldpiercingfactory.com\/?post_type=product&#038;p=7892"},"modified":"2024-09-07T10:18:06","modified_gmt":"2024-09-07T02:18:06","slug":"14k-solid-gold-externally-threaded-belly-ring-with-heart-shaped-cz-stone","status":"publish","type":"product","link":"https:\/\/www.goldpiercingfactory.com\/fr\/produit\/14k-solid-gold-externally-threaded-belly-ring-with-heart-shaped-cz-stone\/","title":{"rendered":"Anneau de ventre filet\u00e9 \u00e0 l\\\\\\'or massif de 14k avec pierre CZ en forme de c\u0153ur"},"content":{"rendered":"<p>Pr\u00e9sentation de GWV01G, un anneau de ventre filet\u00e9 en or solide 14K avec une \u00e9tonnante pierre CZ en forme de c\u0153ur. Cette pi\u00e8ce \u00e9l\u00e9gante ajoute une touche de romance et de sophistication \u00e0 votre collection de bijoux, parfaite pour toute occasion.<\/p>","protected":false},"excerpt":{"rendered":"<p>Pr\u00e9sentation de GWV01G, un anneau de ventre filet\u00e9 en or solide 14K avec une \u00e9tonnante pierre CZ en forme de c\u0153ur. Cette pi\u00e8ce \u00e9l\u00e9gante ajoute une touche de romance et de sophistication \u00e0 votre collection de bijoux, parfaite pour toute occasion.<\/p>","protected":false},"featured_media":7894,"comment_status":"open","ping_status":"closed","template":"","meta":{"_acf_changed":false},"product_cat":[161,156,15,25],"product_tag":[],"class_list":{"0":"post-7892","1":"product","2":"type-product","3":"status-publish","4":"has-post-thumbnail","6":"product_cat-externally-threaded","7":"product_cat-navel-belly-piercing","8":"product_cat-new-item","9":"product_cat-14k-solid-gold","11":"first","12":"instock","13":"shipping-taxable","14":"purchasable","15":"product-type-variable"},"acf":[],"_links":{"self":[{"href":"https:\/\/www.goldpiercingfactory.com\/fr\/wp-json\/wp\/v2\/product\/7892","targetHints":{"allow":["GET"]}}],"collection":[{"href":"https:\/\/www.goldpiercingfactory.com\/fr\/wp-json\/wp\/v2\/product"}],"about":[{"href":"https:\/\/www.goldpiercingfactory.com\/fr\/wp-json\/wp\/v2\/types\/product"}],"replies":[{"embeddable":true,"href":"https:\/\/www.goldpiercingfactory.com\/fr\/wp-json\/wp\/v2\/comments?post=7892"}],"wp:featuredmedia":[{"embeddable":true,"href":"https:\/\/www.goldpiercingfactory.com\/fr\/wp-json\/wp\/v2\/media\/7894"}],"wp:attachment":[{"href":"https:\/\/www.goldpiercingfactory.com\/fr\/wp-json\/wp\/v2\/media?parent=7892"}],"wp:term":[{"taxonomy":"product_cat","embeddable":true,"href":"https:\/\/www.goldpiercingfactory.com\/fr\/wp-json\/wp\/v2\/product_cat?post=7892"},{"taxonomy":"product_tag","embeddable":true,"href":"https:\/\/www.goldpiercingfactory.com\/fr\/wp-json\/wp\/v2\/product_tag?post=7892"}],"curies":[{"name":"wp","href":"https:\/\/api.w.org\/{rel}","templated":true}]}}