{"id":8240,"date":"2024-10-23T10:00:04","date_gmt":"2024-10-23T02:00:04","guid":{"rendered":"https:\/\/www.goldpiercingfactory.com\/?post_type=product&#038;p=8240"},"modified":"2025-01-09T13:02:05","modified_gmt":"2025-01-09T05:02:05","slug":"14k-solid-gold-internally-threaded-single-marquise-cz-flat-back-labret-stud","status":"publish","type":"product","link":"https:\/\/www.goldpiercingfactory.com\/fr\/produit\/14k-solid-gold-internally-threaded-single-marquise-cz-flat-back-labret-stud\/","title":{"rendered":"14K Solid Gol"},"content":{"rendered":"<p>\u00c9levez votre \u00e9l\u00e9gance avec le goujon Labret Goub237150G-CL. Fabriqu\u00e9 \u00e0 partir d\\\\\\'or jaune 14 carats et orn\u00e9 d\\\\\\'une zircone cubique \u00e9tincelante, cette pi\u00e8ce de labret filet\u00e9e en interne offre un charme intemporel et une gr\u00e2ce sans effort. Parfait pour le style polyvalent, c\\\\\\'est un ajout classique \u00e0 toute collection de bijoux.<\/p>","protected":false},"excerpt":{"rendered":"<p>\u00c9levez votre \u00e9l\u00e9gance avec le goujon Labret Goub237150G-CL. Fabriqu\u00e9 \u00e0 partir d\\\\\\'or jaune 14 carats et orn\u00e9 d\\\\\\'une zircone cubique \u00e9tincelante, cette pi\u00e8ce de labret filet\u00e9e en interne offre un charme intemporel et une gr\u00e2ce sans effort. Parfait pour le style polyvalent, c\\\\\\'est un ajout classique \u00e0 toute collection de bijoux.<\/p>","protected":false},"featured_media":8244,"comment_status":"open","ping_status":"closed","template":"","meta":{"_acf_changed":false},"product_cat":[151,160,178,154,152,15,25],"product_tag":[],"class_list":{"0":"post-8240","1":"product","2":"type-product","3":"status-publish","4":"has-post-thumbnail","6":"product_cat-ear-piercing","7":"product_cat-internally-threaded","8":"product_cat-labret-flat-back-stud","9":"product_cat-lip-piercing","10":"product_cat-nose-piercing","11":"product_cat-new-item","12":"product_cat-14k-solid-gold","14":"first","15":"instock","16":"shipping-taxable","17":"purchasable","18":"product-type-variable"},"acf":[],"_links":{"self":[{"href":"https:\/\/www.goldpiercingfactory.com\/fr\/wp-json\/wp\/v2\/product\/8240","targetHints":{"allow":["GET"]}}],"collection":[{"href":"https:\/\/www.goldpiercingfactory.com\/fr\/wp-json\/wp\/v2\/product"}],"about":[{"href":"https:\/\/www.goldpiercingfactory.com\/fr\/wp-json\/wp\/v2\/types\/product"}],"replies":[{"embeddable":true,"href":"https:\/\/www.goldpiercingfactory.com\/fr\/wp-json\/wp\/v2\/comments?post=8240"}],"wp:featuredmedia":[{"embeddable":true,"href":"https:\/\/www.goldpiercingfactory.com\/fr\/wp-json\/wp\/v2\/media\/8244"}],"wp:attachment":[{"href":"https:\/\/www.goldpiercingfactory.com\/fr\/wp-json\/wp\/v2\/media?parent=8240"}],"wp:term":[{"taxonomy":"product_cat","embeddable":true,"href":"https:\/\/www.goldpiercingfactory.com\/fr\/wp-json\/wp\/v2\/product_cat?post=8240"},{"taxonomy":"product_tag","embeddable":true,"href":"https:\/\/www.goldpiercingfactory.com\/fr\/wp-json\/wp\/v2\/product_tag?post=8240"}],"curies":[{"name":"wp","href":"https:\/\/api.w.org\/{rel}","templated":true}]}}