{"id":8614,"date":"2024-11-30T10:00:06","date_gmt":"2024-11-30T02:00:06","guid":{"rendered":"https:\/\/www.goldpiercingfactory.com\/?post_type=product&#038;p=8614"},"modified":"2024-11-29T11:13:35","modified_gmt":"2024-11-29T03:13:35","slug":"14k-solid-gold-internally-threaded-labret-stud-with-cz-stone-beaded-sun-design","status":"publish","type":"product","link":"https:\/\/www.goldpiercingfactory.com\/fr\/produit\/14k-solid-gold-internally-threaded-labret-stud-with-cz-stone-beaded-sun-design\/","title":{"rendered":"Stuj \u00e0 labret filet\u00e9 en or solide 14K avec pierre CZ - conception du soleil perl\u00e9"},"content":{"rendered":"<p>Introducing GV96G: This 14K solid gold internally threaded labret stud features a radiant beaded sun design with a sparkling CZ stone at its center. The intricate detailing of the beaded edges creates a charming, celestial look, while the internally threaded feature ensures secure and comfortable wear. A perfect piece for adding a bright, unique touch to any piercing.<\/p>","protected":false},"excerpt":{"rendered":"<p>Introducing GV96G: This 14K solid gold internally threaded labret stud features a radiant beaded sun design with a sparkling CZ stone at its center. The intricate detailing of the beaded edges creates a charming, celestial look, while the internally threaded feature ensures secure and comfortable wear. A perfect piece for adding a bright, unique touch to any piercing.<\/p>","protected":false},"featured_media":8621,"comment_status":"open","ping_status":"closed","template":"","meta":{"_acf_changed":false},"product_cat":[151,160,178,163,15,25],"product_tag":[],"class_list":{"0":"post-8614","1":"product","2":"type-product","3":"status-publish","4":"has-post-thumbnail","6":"product_cat-ear-piercing","7":"product_cat-internally-threaded","8":"product_cat-labret-flat-back-stud","9":"product_cat-labret-flat-back-studs","10":"product_cat-new-item","11":"product_cat-14k-solid-gold","13":"first","14":"instock","15":"shipping-taxable","16":"purchasable","17":"product-type-variable"},"acf":[],"_links":{"self":[{"href":"https:\/\/www.goldpiercingfactory.com\/fr\/wp-json\/wp\/v2\/product\/8614","targetHints":{"allow":["GET"]}}],"collection":[{"href":"https:\/\/www.goldpiercingfactory.com\/fr\/wp-json\/wp\/v2\/product"}],"about":[{"href":"https:\/\/www.goldpiercingfactory.com\/fr\/wp-json\/wp\/v2\/types\/product"}],"replies":[{"embeddable":true,"href":"https:\/\/www.goldpiercingfactory.com\/fr\/wp-json\/wp\/v2\/comments?post=8614"}],"wp:featuredmedia":[{"embeddable":true,"href":"https:\/\/www.goldpiercingfactory.com\/fr\/wp-json\/wp\/v2\/media\/8621"}],"wp:attachment":[{"href":"https:\/\/www.goldpiercingfactory.com\/fr\/wp-json\/wp\/v2\/media?parent=8614"}],"wp:term":[{"taxonomy":"product_cat","embeddable":true,"href":"https:\/\/www.goldpiercingfactory.com\/fr\/wp-json\/wp\/v2\/product_cat?post=8614"},{"taxonomy":"product_tag","embeddable":true,"href":"https:\/\/www.goldpiercingfactory.com\/fr\/wp-json\/wp\/v2\/product_tag?post=8614"}],"curies":[{"name":"wp","href":"https:\/\/api.w.org\/{rel}","templated":true}]}}