{"id":8949,"date":"2025-01-14T10:00:06","date_gmt":"2025-01-14T02:00:06","guid":{"rendered":"https:\/\/www.goldpiercingfactory.com\/?post_type=product&#038;p=8949"},"modified":"2025-01-13T11:34:27","modified_gmt":"2025-01-13T03:34:27","slug":"14k-solid-gold-threadless-labret-stud-with-double-black-cz-design","status":"publish","type":"product","link":"https:\/\/www.goldpiercingfactory.com\/fr\/produit\/14k-solid-gold-threadless-labret-stud-with-double-black-cz-design\/","title":{"rendered":"STAD LABRET DE LA LABRET DE TIRESE SOLIDE 14K avec Double Black CZ Design"},"content":{"rendered":"<p>Pr\u00e9sentation du GUB43282G, un \u00e9talon sophistiqu\u00e9 de Labret enrif\u00e8res en or solide 14K avec un design CZ double noir frappant. La poire et les pierres de coupe ronde cr\u00e9ent une silhouette en couches et \u00e9l\u00e9gantes. Parfait pour le cartilage, le tragus ou les piercings \u00e0 l\u00e8vres, son m\u00e9canisme en acier \u00e0 \u00e9pingle assure une usure s\u00e9curis\u00e9e et confortable.<\/p>","protected":false},"excerpt":{"rendered":"<p>Pr\u00e9sentation du GUB43282G, un \u00e9talon sophistiqu\u00e9 de Labret enrif\u00e8res en or solide 14K avec un design CZ double noir frappant. La poire et les pierres de coupe ronde cr\u00e9ent une silhouette en couches et \u00e9l\u00e9gantes. Parfait pour le cartilage, le tragus ou les piercings \u00e0 l\u00e8vres, son m\u00e9canisme en acier \u00e0 \u00e9pingle assure une usure s\u00e9curis\u00e9e et confortable.<\/p>","protected":false},"featured_media":8953,"comment_status":"open","ping_status":"closed","template":"","meta":{"_acf_changed":false},"product_cat":[151,178,163,154,162,15,25],"product_tag":[],"class_list":{"0":"post-8949","1":"product","2":"type-product","3":"status-publish","4":"has-post-thumbnail","6":"product_cat-ear-piercing","7":"product_cat-labret-flat-back-stud","8":"product_cat-labret-flat-back-studs","9":"product_cat-lip-piercing","10":"product_cat-threadless-ends","11":"product_cat-new-item","12":"product_cat-14k-solid-gold","14":"first","15":"instock","16":"shipping-taxable","17":"purchasable","18":"product-type-variable"},"acf":[],"_links":{"self":[{"href":"https:\/\/www.goldpiercingfactory.com\/fr\/wp-json\/wp\/v2\/product\/8949","targetHints":{"allow":["GET"]}}],"collection":[{"href":"https:\/\/www.goldpiercingfactory.com\/fr\/wp-json\/wp\/v2\/product"}],"about":[{"href":"https:\/\/www.goldpiercingfactory.com\/fr\/wp-json\/wp\/v2\/types\/product"}],"replies":[{"embeddable":true,"href":"https:\/\/www.goldpiercingfactory.com\/fr\/wp-json\/wp\/v2\/comments?post=8949"}],"wp:featuredmedia":[{"embeddable":true,"href":"https:\/\/www.goldpiercingfactory.com\/fr\/wp-json\/wp\/v2\/media\/8953"}],"wp:attachment":[{"href":"https:\/\/www.goldpiercingfactory.com\/fr\/wp-json\/wp\/v2\/media?parent=8949"}],"wp:term":[{"taxonomy":"product_cat","embeddable":true,"href":"https:\/\/www.goldpiercingfactory.com\/fr\/wp-json\/wp\/v2\/product_cat?post=8949"},{"taxonomy":"product_tag","embeddable":true,"href":"https:\/\/www.goldpiercingfactory.com\/fr\/wp-json\/wp\/v2\/product_tag?post=8949"}],"curies":[{"name":"wp","href":"https:\/\/api.w.org\/{rel}","templated":true}]}}