{"id":9024,"date":"2025-01-21T10:00:47","date_gmt":"2025-01-21T02:00:47","guid":{"rendered":"https:\/\/www.goldpiercingfactory.com\/?post_type=product&#038;p=9024"},"modified":"2025-01-20T11:25:03","modified_gmt":"2025-01-20T03:25:03","slug":"14k-solid-gold-threadless-labret-stud-with-cz-flower-petal-design","status":"publish","type":"product","link":"https:\/\/www.goldpiercingfactory.com\/fr\/produit\/14k-solid-gold-threadless-labret-stud-with-cz-flower-petal-design\/","title":{"rendered":"Carte de labret sans filetage en or solide 14K avec conception de p\u00e9tales de fleur CZ"},"content":{"rendered":"<p>Pr\u00e9sentation du GUE40438G, un superbe \u00e9talon de labret sans filetage en or solide 14K avec une d\u00e9licate conception de fleurs \u00e0 six p\u00e9tenles. Chaque p\u00e9tale est orn\u00e9 d\\\\\\'une pierre CZ rond \u00e9tincelante, cr\u00e9ant un look rayonnant et f\u00e9minin. Le m\u00e9canisme en acier \u00e0 \u00e9pingle assure une usure s\u00e9curis\u00e9e et confortable, parfait pour le cartilage, le tragus ou les piercings \u00e0 l\u00e8vres.<\/p>","protected":false},"excerpt":{"rendered":"<p>Pr\u00e9sentation du GUE40438G, un superbe \u00e9talon de labret sans filetage en or solide 14K avec une d\u00e9licate conception de fleurs \u00e0 six p\u00e9tenles. Chaque p\u00e9tale est orn\u00e9 d\\\\\\'une pierre CZ rond \u00e9tincelante, cr\u00e9ant un look rayonnant et f\u00e9minin. Le m\u00e9canisme en acier \u00e0 \u00e9pingle assure une usure s\u00e9curis\u00e9e et confortable, parfait pour le cartilage, le tragus ou les piercings \u00e0 l\u00e8vres.<\/p>","protected":false},"featured_media":9030,"comment_status":"open","ping_status":"closed","template":"","meta":{"_acf_changed":false},"product_cat":[151,178,163,162,15,25],"product_tag":[],"class_list":{"0":"post-9024","1":"product","2":"type-product","3":"status-publish","4":"has-post-thumbnail","6":"product_cat-ear-piercing","7":"product_cat-labret-flat-back-stud","8":"product_cat-labret-flat-back-studs","9":"product_cat-threadless-ends","10":"product_cat-new-item","11":"product_cat-14k-solid-gold","13":"first","14":"instock","15":"shipping-taxable","16":"purchasable","17":"product-type-variable"},"acf":[],"_links":{"self":[{"href":"https:\/\/www.goldpiercingfactory.com\/fr\/wp-json\/wp\/v2\/product\/9024","targetHints":{"allow":["GET"]}}],"collection":[{"href":"https:\/\/www.goldpiercingfactory.com\/fr\/wp-json\/wp\/v2\/product"}],"about":[{"href":"https:\/\/www.goldpiercingfactory.com\/fr\/wp-json\/wp\/v2\/types\/product"}],"replies":[{"embeddable":true,"href":"https:\/\/www.goldpiercingfactory.com\/fr\/wp-json\/wp\/v2\/comments?post=9024"}],"wp:featuredmedia":[{"embeddable":true,"href":"https:\/\/www.goldpiercingfactory.com\/fr\/wp-json\/wp\/v2\/media\/9030"}],"wp:attachment":[{"href":"https:\/\/www.goldpiercingfactory.com\/fr\/wp-json\/wp\/v2\/media?parent=9024"}],"wp:term":[{"taxonomy":"product_cat","embeddable":true,"href":"https:\/\/www.goldpiercingfactory.com\/fr\/wp-json\/wp\/v2\/product_cat?post=9024"},{"taxonomy":"product_tag","embeddable":true,"href":"https:\/\/www.goldpiercingfactory.com\/fr\/wp-json\/wp\/v2\/product_tag?post=9024"}],"curies":[{"name":"wp","href":"https:\/\/api.w.org\/{rel}","templated":true}]}}