{"id":1825,"date":"2023-11-29T17:16:12","date_gmt":"2023-11-29T09:16:12","guid":{"rendered":"https:\/\/www.goldpiercingfactory.com\/?post_type=product&#038;p=1825"},"modified":"2024-06-06T16:04:20","modified_gmt":"2024-06-06T08:04:20","slug":"14-karat-brilliant-sparkle-double-loop-seamless-clicker-ring","status":"publish","type":"product","link":"https:\/\/www.goldpiercingfactory.com\/pt\/produto\/14-karat-brilliant-sparkle-double-loop-seamless-clicker-ring\/","title":{"rendered":"14k Gold Soll Brilliant Sparkle CZ Clicker Ring"},"content":{"rendered":"<p>Apresentando nossa obra-prima de j\u00f3ias penetrantes, o anel de segmento de articula\u00e7\u00e3o KA14G-1608. Criado a partir do melhor ouro de 14k, esta pe\u00e7a elegante \u00e9 adornada com o brilho puro da clara zirc\u00f4nia c\u00fabica. Meticulosamente projetado para oferecer conforto e estilo, \u00e9 uma mistura perfeita de luxo e requinte. Perfeito para quem aprecia o brilho sutil e o apelo atemporal, este anel n\u00e3o \u00e9 apenas j\u00f3ias; \u00c9 uma declara\u00e7\u00e3o de eleg\u00e2ncia que se destaca a cada olhar. Experimente a harmonia perfeita de durabilidade e delicadeza com nossa \u00faltima cole\u00e7\u00e3o, onde cada pe\u00e7a promete adicionar um toque exclusivo ao seu estilo pessoal.<\/p>","protected":false},"excerpt":{"rendered":"<p>Apresentando nossa obra-prima de j\u00f3ias penetrantes, o anel de segmento de articula\u00e7\u00e3o KA14G-1608. Criado a partir do melhor ouro de 14k, esta pe\u00e7a elegante \u00e9 adornada com o brilho puro da clara zirc\u00f4nia c\u00fabica.<\/p>","protected":false},"featured_media":1827,"comment_status":"open","ping_status":"closed","template":"","meta":{"_acf_changed":false},"product_cat":[151,158,152,15,25],"product_tag":[169,125,115,119,116,114,79,118,120,111,117],"class_list":{"0":"post-1825","1":"product","2":"type-product","3":"status-publish","4":"has-post-thumbnail","6":"product_cat-ear-piercing","7":"product_cat-hinged-segment-ring","8":"product_cat-nose-piercing","9":"product_cat-new-item","10":"product_cat-14k-solid-gold","11":"product_tag-16g1-2mm","12":"product_tag-clicker-hoop","13":"product_tag-conch-ring","14":"product_tag-daith-ring","15":"product_tag-forward-helix-ring","16":"product_tag-helix-cartilage-ring","17":"product_tag-hinged-segment-ring","18":"product_tag-lobe-ring","19":"product_tag-rook-snug-ring","20":"product_tag-septum-clicker","21":"product_tag-tragus-ring","23":"first","24":"instock","25":"shipping-taxable","26":"purchasable","27":"product-type-simple"},"acf":[],"_links":{"self":[{"href":"https:\/\/www.goldpiercingfactory.com\/pt\/wp-json\/wp\/v2\/product\/1825","targetHints":{"allow":["GET"]}}],"collection":[{"href":"https:\/\/www.goldpiercingfactory.com\/pt\/wp-json\/wp\/v2\/product"}],"about":[{"href":"https:\/\/www.goldpiercingfactory.com\/pt\/wp-json\/wp\/v2\/types\/product"}],"replies":[{"embeddable":true,"href":"https:\/\/www.goldpiercingfactory.com\/pt\/wp-json\/wp\/v2\/comments?post=1825"}],"wp:featuredmedia":[{"embeddable":true,"href":"https:\/\/www.goldpiercingfactory.com\/pt\/wp-json\/wp\/v2\/media\/1827"}],"wp:attachment":[{"href":"https:\/\/www.goldpiercingfactory.com\/pt\/wp-json\/wp\/v2\/media?parent=1825"}],"wp:term":[{"taxonomy":"product_cat","embeddable":true,"href":"https:\/\/www.goldpiercingfactory.com\/pt\/wp-json\/wp\/v2\/product_cat?post=1825"},{"taxonomy":"product_tag","embeddable":true,"href":"https:\/\/www.goldpiercingfactory.com\/pt\/wp-json\/wp\/v2\/product_tag?post=1825"}],"curies":[{"name":"wp","href":"https:\/\/api.w.org\/{rel}","templated":true}]}}