{"id":1838,"date":"2023-11-30T10:01:46","date_gmt":"2023-11-30T02:01:46","guid":{"rendered":"https:\/\/www.goldpiercingfactory.com\/?post_type=product&#038;p=1838"},"modified":"2024-07-04T10:53:28","modified_gmt":"2024-07-04T02:53:28","slug":"14k-gold-helix-conch-hoop-clear-cz-earrings","status":"publish","type":"product","link":"https:\/\/www.goldpiercingfactory.com\/pt\/produto\/14k-gold-helix-conch-hoop-clear-cz-earrings\/","title":{"rendered":"14K Soll Gold CZ H\u00e9lice Conch arco de arco de arco de arco de arco"},"content":{"rendered":"<p>Descubra o fasc\u00ednio da precis\u00e3o com nosso anel de segmento de ouro maci\u00e7o de 14k Ka28G, uma pe\u00e7a de joalheria penetrante que incorpora a eleg\u00e2ncia. Adornado com zirc\u00f4nia c\u00fabica brilhante, esta pe\u00e7a oferece uma sofistica\u00e7\u00e3o sem esfor\u00e7o ao seu estilo. O design impec\u00e1vel garante uma inser\u00e7\u00e3o f\u00e1cil e um ajuste confort\u00e1vel para o desgaste di\u00e1rio. Eleve sua cole\u00e7\u00e3o de piercing com esta declara\u00e7\u00e3o atemporal de luxo.<\/p>","protected":false},"excerpt":{"rendered":"<p>Descubra o fasc\u00ednio da precis\u00e3o com nosso anel de segmento de ouro maci\u00e7o de 14k Ka28G, uma pe\u00e7a de joalheria penetrante que incorpora a eleg\u00e2ncia.<\/p>","protected":false},"featured_media":7195,"comment_status":"open","ping_status":"closed","template":"","meta":{"_acf_changed":false},"product_cat":[151,158,152,15,25],"product_tag":[169,125,115,119,116,114,79,118,120,111,117],"class_list":{"0":"post-1838","1":"product","2":"type-product","3":"status-publish","4":"has-post-thumbnail","6":"product_cat-ear-piercing","7":"product_cat-hinged-segment-ring","8":"product_cat-nose-piercing","9":"product_cat-new-item","10":"product_cat-14k-solid-gold","11":"product_tag-16g1-2mm","12":"product_tag-clicker-hoop","13":"product_tag-conch-ring","14":"product_tag-daith-ring","15":"product_tag-forward-helix-ring","16":"product_tag-helix-cartilage-ring","17":"product_tag-hinged-segment-ring","18":"product_tag-lobe-ring","19":"product_tag-rook-snug-ring","20":"product_tag-septum-clicker","21":"product_tag-tragus-ring","23":"first","24":"instock","25":"shipping-taxable","26":"purchasable","27":"product-type-simple"},"acf":[],"_links":{"self":[{"href":"https:\/\/www.goldpiercingfactory.com\/pt\/wp-json\/wp\/v2\/product\/1838","targetHints":{"allow":["GET"]}}],"collection":[{"href":"https:\/\/www.goldpiercingfactory.com\/pt\/wp-json\/wp\/v2\/product"}],"about":[{"href":"https:\/\/www.goldpiercingfactory.com\/pt\/wp-json\/wp\/v2\/types\/product"}],"replies":[{"embeddable":true,"href":"https:\/\/www.goldpiercingfactory.com\/pt\/wp-json\/wp\/v2\/comments?post=1838"}],"wp:featuredmedia":[{"embeddable":true,"href":"https:\/\/www.goldpiercingfactory.com\/pt\/wp-json\/wp\/v2\/media\/7195"}],"wp:attachment":[{"href":"https:\/\/www.goldpiercingfactory.com\/pt\/wp-json\/wp\/v2\/media?parent=1838"}],"wp:term":[{"taxonomy":"product_cat","embeddable":true,"href":"https:\/\/www.goldpiercingfactory.com\/pt\/wp-json\/wp\/v2\/product_cat?post=1838"},{"taxonomy":"product_tag","embeddable":true,"href":"https:\/\/www.goldpiercingfactory.com\/pt\/wp-json\/wp\/v2\/product_tag?post=1838"}],"curies":[{"name":"wp","href":"https:\/\/api.w.org\/{rel}","templated":true}]}}