{"id":1840,"date":"2023-11-30T10:19:42","date_gmt":"2023-11-30T02:19:42","guid":{"rendered":"https:\/\/www.goldpiercingfactory.com\/?post_type=product&#038;p=1840"},"modified":"2024-06-06T16:06:39","modified_gmt":"2024-06-06T08:06:39","slug":"14k-cz-helix-conch-16g-hoop-earrings","status":"publish","type":"product","link":"https:\/\/www.goldpiercingfactory.com\/pt\/produto\/14k-cz-helix-conch-16g-hoop-earrings\/","title":{"rendered":"14K Sold Gold Cz Body Body Piercing H\u00e9lice Conch Hoop Ring"},"content":{"rendered":"<p>Eleve sua arte corporal com o anel de segmento Ka30g, uma vis\u00e3o de eleg\u00e2ncia em ouro s\u00f3lido 14k. Esta j\u00f3ia penetrante \u00e9 uma sinfonia de estilo e simplicidade, com pedras CZ claras que oferecem um brilho sutil, mas impressionante. Projetado para conforto e trabalhado para durabilidade, este anel \u00e9 a quintess\u00eancia da moda de luxo.<\/p>","protected":false},"excerpt":{"rendered":"<p>Eleve sua arte corporal com o anel de segmento Ka30g, uma vis\u00e3o de eleg\u00e2ncia em ouro s\u00f3lido 14k.<\/p>","protected":false},"featured_media":2750,"comment_status":"open","ping_status":"closed","template":"","meta":{"_acf_changed":false},"product_cat":[151,158,152,15,25],"product_tag":[125,115,119,116,114,79,118,120,111,117],"class_list":{"0":"post-1840","1":"product","2":"type-product","3":"status-publish","4":"has-post-thumbnail","6":"product_cat-ear-piercing","7":"product_cat-hinged-segment-ring","8":"product_cat-nose-piercing","9":"product_cat-new-item","10":"product_cat-14k-solid-gold","11":"product_tag-clicker-hoop","12":"product_tag-conch-ring","13":"product_tag-daith-ring","14":"product_tag-forward-helix-ring","15":"product_tag-helix-cartilage-ring","16":"product_tag-hinged-segment-ring","17":"product_tag-lobe-ring","18":"product_tag-rook-snug-ring","19":"product_tag-septum-clicker","20":"product_tag-tragus-ring","22":"first","23":"instock","24":"shipping-taxable","25":"purchasable","26":"product-type-variable","27":"has-default-attributes"},"acf":[],"_links":{"self":[{"href":"https:\/\/www.goldpiercingfactory.com\/pt\/wp-json\/wp\/v2\/product\/1840","targetHints":{"allow":["GET"]}}],"collection":[{"href":"https:\/\/www.goldpiercingfactory.com\/pt\/wp-json\/wp\/v2\/product"}],"about":[{"href":"https:\/\/www.goldpiercingfactory.com\/pt\/wp-json\/wp\/v2\/types\/product"}],"replies":[{"embeddable":true,"href":"https:\/\/www.goldpiercingfactory.com\/pt\/wp-json\/wp\/v2\/comments?post=1840"}],"wp:featuredmedia":[{"embeddable":true,"href":"https:\/\/www.goldpiercingfactory.com\/pt\/wp-json\/wp\/v2\/media\/2750"}],"wp:attachment":[{"href":"https:\/\/www.goldpiercingfactory.com\/pt\/wp-json\/wp\/v2\/media?parent=1840"}],"wp:term":[{"taxonomy":"product_cat","embeddable":true,"href":"https:\/\/www.goldpiercingfactory.com\/pt\/wp-json\/wp\/v2\/product_cat?post=1840"},{"taxonomy":"product_tag","embeddable":true,"href":"https:\/\/www.goldpiercingfactory.com\/pt\/wp-json\/wp\/v2\/product_tag?post=1840"}],"curies":[{"name":"wp","href":"https:\/\/api.w.org\/{rel}","templated":true}]}}