{"id":2023,"date":"2023-12-01T13:30:01","date_gmt":"2023-12-01T05:30:01","guid":{"rendered":"https:\/\/www.goldpiercingfactory.com\/?post_type=product&#038;p=2023"},"modified":"2024-06-06T16:04:32","modified_gmt":"2024-06-06T08:04:32","slug":"14-karat-gold-sparkles-heart-bendable-hoop-ring","status":"publish","type":"product","link":"https:\/\/www.goldpiercingfactory.com\/pt\/produto\/14-karat-gold-sparkles-heart-bendable-hoop-ring\/","title":{"rendered":"14K Gold Sparkles Heart Heart Cz Bendable Hoop Ring"},"content":{"rendered":"<p>Criado com precis\u00e3o, o KB01G-1610 n\u00e3o \u00e9 apenas j\u00f3ias penetrantes; \u00c9 uma revolu\u00e7\u00e3o no design. Em forma de cora\u00e7\u00e3o, ele mostra um fluxo ininterrupto de ouro s\u00f3lido 14k, aumentando sua silhueta. Incorporado a pedras CZ claras, lan\u00e7a uma variedade deslumbrante de reflex\u00f5es.<\/p>","protected":false},"excerpt":{"rendered":"<p>Criado com precis\u00e3o, o KB01G-1610 n\u00e3o \u00e9 apenas j\u00f3ias penetrantes; \u00c9 uma revolu\u00e7\u00e3o no design.<\/p>","protected":false},"featured_media":2534,"comment_status":"open","ping_status":"closed","template":"","meta":{"_acf_changed":false},"product_cat":[151,153,154,152,159,15,25],"product_tag":[169,115,119,113,116,114,129,118,110,120,126,127,117],"class_list":{"0":"post-2023","1":"product","2":"type-product","3":"status-publish","4":"has-post-thumbnail","6":"product_cat-ear-piercing","7":"product_cat-eyebrow-piercing","8":"product_cat-lip-piercing","9":"product_cat-nose-piercing","10":"product_cat-seamless-ring","11":"product_cat-new-item","12":"product_cat-14k-solid-gold","13":"product_tag-16g1-2mm","14":"product_tag-conch-ring","15":"product_tag-daith-ring","16":"product_tag-eyebrow-ring","17":"product_tag-forward-helix-ring","18":"product_tag-helix-cartilage-ring","19":"product_tag-lip-ring","20":"product_tag-lobe-ring","21":"product_tag-nipple-ring","22":"product_tag-rook-snug-ring","23":"product_tag-seamless-ring","24":"product_tag-septum-ring","25":"product_tag-tragus-ring","27":"first","28":"instock","29":"shipping-taxable","30":"purchasable","31":"product-type-simple"},"acf":[],"_links":{"self":[{"href":"https:\/\/www.goldpiercingfactory.com\/pt\/wp-json\/wp\/v2\/product\/2023","targetHints":{"allow":["GET"]}}],"collection":[{"href":"https:\/\/www.goldpiercingfactory.com\/pt\/wp-json\/wp\/v2\/product"}],"about":[{"href":"https:\/\/www.goldpiercingfactory.com\/pt\/wp-json\/wp\/v2\/types\/product"}],"replies":[{"embeddable":true,"href":"https:\/\/www.goldpiercingfactory.com\/pt\/wp-json\/wp\/v2\/comments?post=2023"}],"wp:featuredmedia":[{"embeddable":true,"href":"https:\/\/www.goldpiercingfactory.com\/pt\/wp-json\/wp\/v2\/media\/2534"}],"wp:attachment":[{"href":"https:\/\/www.goldpiercingfactory.com\/pt\/wp-json\/wp\/v2\/media?parent=2023"}],"wp:term":[{"taxonomy":"product_cat","embeddable":true,"href":"https:\/\/www.goldpiercingfactory.com\/pt\/wp-json\/wp\/v2\/product_cat?post=2023"},{"taxonomy":"product_tag","embeddable":true,"href":"https:\/\/www.goldpiercingfactory.com\/pt\/wp-json\/wp\/v2\/product_tag?post=2023"}],"curies":[{"name":"wp","href":"https:\/\/api.w.org\/{rel}","templated":true}]}}