{"id":3188,"date":"2023-12-21T16:02:07","date_gmt":"2023-12-21T08:02:07","guid":{"rendered":"https:\/\/www.goldpiercingfactory.com\/?post_type=product&#038;p=3188"},"modified":"2024-06-06T16:06:12","modified_gmt":"2024-06-06T08:06:12","slug":"14k-gold-l-shape-heart-nose-stud","status":"publish","type":"product","link":"https:\/\/www.goldpiercingfactory.com\/pt\/produto\/14k-gold-l-shape-heart-nose-stud\/","title":{"rendered":"14K Gold Solid Gold L-Shape Heart Nariz Stud"},"content":{"rendered":"<p>Abrace a simplicidade com um toque de amor no anel do nariz KK04G-2006. Esta pe\u00e7a de ouro maci\u00e7o de 14k foi projetada com uma silhueta em forma de cora\u00e7\u00e3o, oferecendo uma declara\u00e7\u00e3o sutil, mas encantadora, para a eleg\u00e2ncia di\u00e1ria.<\/p>","protected":false},"excerpt":{"rendered":"<p>Abrace a simplicidade com um toque de amor no anel do nariz KK04G-2006. Esta pe\u00e7a de ouro maci\u00e7o de 14k foi projetada com uma silhueta em forma de cora\u00e7\u00e3o, oferecendo uma declara\u00e7\u00e3o sutil, mas encantadora, para a eleg\u00e2ncia di\u00e1ria.<\/p>","protected":false},"featured_media":3204,"comment_status":"open","ping_status":"closed","template":"","meta":{"_acf_changed":false},"product_cat":[152,15,25],"product_tag":[171,173,174],"class_list":{"0":"post-3188","1":"product","2":"type-product","3":"status-publish","4":"has-post-thumbnail","6":"product_cat-nose-piercing","7":"product_cat-new-item","8":"product_cat-14k-solid-gold","9":"product_tag-20g0-8mm","10":"product_tag-l-shaped-stud","11":"product_tag-nose-stud","13":"first","14":"instock","15":"shipping-taxable","16":"purchasable","17":"product-type-simple"},"acf":[],"_links":{"self":[{"href":"https:\/\/www.goldpiercingfactory.com\/pt\/wp-json\/wp\/v2\/product\/3188","targetHints":{"allow":["GET"]}}],"collection":[{"href":"https:\/\/www.goldpiercingfactory.com\/pt\/wp-json\/wp\/v2\/product"}],"about":[{"href":"https:\/\/www.goldpiercingfactory.com\/pt\/wp-json\/wp\/v2\/types\/product"}],"replies":[{"embeddable":true,"href":"https:\/\/www.goldpiercingfactory.com\/pt\/wp-json\/wp\/v2\/comments?post=3188"}],"wp:featuredmedia":[{"embeddable":true,"href":"https:\/\/www.goldpiercingfactory.com\/pt\/wp-json\/wp\/v2\/media\/3204"}],"wp:attachment":[{"href":"https:\/\/www.goldpiercingfactory.com\/pt\/wp-json\/wp\/v2\/media?parent=3188"}],"wp:term":[{"taxonomy":"product_cat","embeddable":true,"href":"https:\/\/www.goldpiercingfactory.com\/pt\/wp-json\/wp\/v2\/product_cat?post=3188"},{"taxonomy":"product_tag","embeddable":true,"href":"https:\/\/www.goldpiercingfactory.com\/pt\/wp-json\/wp\/v2\/product_tag?post=3188"}],"curies":[{"name":"wp","href":"https:\/\/api.w.org\/{rel}","templated":true}]}}