{"id":4197,"date":"2024-02-21T10:30:09","date_gmt":"2024-02-21T02:30:09","guid":{"rendered":"https:\/\/www.goldpiercingfactory.com\/?post_type=product&#038;p=4197"},"modified":"2024-08-21T15:44:46","modified_gmt":"2024-08-21T07:44:46","slug":"14k-gold-cz-snake-shape-clicker-ring-body-jewelry","status":"publish","type":"product","link":"https:\/\/www.goldpiercingfactory.com\/pt\/produto\/14k-gold-cz-snake-shape-clicker-ring-body-jewelry\/","title":{"rendered":"14K Gold Solid Cz Snake Shape Clicker Ring Jewelry"},"content":{"rendered":"<p>Adorne seu estilo com o anel de segmento de segmento de serpente GZ16G, uma pe\u00e7a de j\u00f3ias de piercing de ouro de 14k, com olhos de zirc\u00e3o verde g\u00eameo que irradiam m\u00edstica.<\/p>","protected":false},"excerpt":{"rendered":"<p>Adorne seu estilo com o anel de segmento de segmento de serpente GZ16G, uma pe\u00e7a de j\u00f3ias de piercing de ouro de 14k, com olhos de zirc\u00e3o verde g\u00eameo que irradiam m\u00edstica.<\/p>","protected":false},"featured_media":4202,"comment_status":"open","ping_status":"closed","template":"","meta":{"_acf_changed":false},"product_cat":[151,158,152,15,25],"product_tag":[125,115,119,116,114,79,118,120,111,117],"class_list":{"0":"post-4197","1":"product","2":"type-product","3":"status-publish","4":"has-post-thumbnail","6":"product_cat-ear-piercing","7":"product_cat-hinged-segment-ring","8":"product_cat-nose-piercing","9":"product_cat-new-item","10":"product_cat-14k-solid-gold","11":"product_tag-clicker-hoop","12":"product_tag-conch-ring","13":"product_tag-daith-ring","14":"product_tag-forward-helix-ring","15":"product_tag-helix-cartilage-ring","16":"product_tag-hinged-segment-ring","17":"product_tag-lobe-ring","18":"product_tag-rook-snug-ring","19":"product_tag-septum-clicker","20":"product_tag-tragus-ring","22":"first","23":"instock","24":"shipping-taxable","25":"purchasable","26":"product-type-variable"},"acf":[],"_links":{"self":[{"href":"https:\/\/www.goldpiercingfactory.com\/pt\/wp-json\/wp\/v2\/product\/4197","targetHints":{"allow":["GET"]}}],"collection":[{"href":"https:\/\/www.goldpiercingfactory.com\/pt\/wp-json\/wp\/v2\/product"}],"about":[{"href":"https:\/\/www.goldpiercingfactory.com\/pt\/wp-json\/wp\/v2\/types\/product"}],"replies":[{"embeddable":true,"href":"https:\/\/www.goldpiercingfactory.com\/pt\/wp-json\/wp\/v2\/comments?post=4197"}],"wp:featuredmedia":[{"embeddable":true,"href":"https:\/\/www.goldpiercingfactory.com\/pt\/wp-json\/wp\/v2\/media\/4202"}],"wp:attachment":[{"href":"https:\/\/www.goldpiercingfactory.com\/pt\/wp-json\/wp\/v2\/media?parent=4197"}],"wp:term":[{"taxonomy":"product_cat","embeddable":true,"href":"https:\/\/www.goldpiercingfactory.com\/pt\/wp-json\/wp\/v2\/product_cat?post=4197"},{"taxonomy":"product_tag","embeddable":true,"href":"https:\/\/www.goldpiercingfactory.com\/pt\/wp-json\/wp\/v2\/product_tag?post=4197"}],"curies":[{"name":"wp","href":"https:\/\/api.w.org\/{rel}","templated":true}]}}