{"id":4641,"date":"2024-03-05T10:50:11","date_gmt":"2024-03-05T02:50:11","guid":{"rendered":"https:\/\/www.goldpiercingfactory.com\/?post_type=product&#038;p=4641"},"modified":"2024-06-06T16:07:38","modified_gmt":"2024-06-06T08:07:38","slug":"14k-gold-cute-little-bee-internally-threaded-tops-labret-studs","status":"publish","type":"product","link":"https:\/\/www.goldpiercingfactory.com\/pt\/produto\/14k-gold-cute-little-bee-internally-threaded-tops-labret-studs\/","title":{"rendered":"14K Gold Solid Cuttle Little abelha internamente rosqueada Labret Stud"},"content":{"rendered":"<p>Apresentando nossas j\u00f3ias de piercing GV240G 14K GV240G 14K, uma pe\u00e7a caprichosa em forma de uma abelha pequena. Esse adorno delicioso \u00e9 criado com ouro s\u00f3lido de 14k, seu corpo acentuado com a\u00e7o inoxid\u00e1vel e zirc\u00f4nia c\u00fabica brilhante para imitar o brilho encantador das asas delicadas de uma abelha. Seu design rosqueado internamente garante um desgaste confort\u00e1vel e seguro, tornando -o um complemento perfeito para a cole\u00e7\u00e3o de j\u00f3ias do corpo.<\/p>","protected":false},"excerpt":{"rendered":"<p>Apresentando nossas j\u00f3ias de piercing GV240G 14K GV240G 14K, uma pe\u00e7a caprichosa em forma de uma abelha pequena. Esse adorno delicioso \u00e9 criado com ouro s\u00f3lido de 14k, seu corpo acentuado com a\u00e7o inoxid\u00e1vel e zirc\u00f4nia c\u00fabica brilhante para imitar o brilho encantador das asas delicadas de uma abelha.<\/p>","protected":false},"featured_media":4646,"comment_status":"open","ping_status":"closed","template":"","meta":{"_acf_changed":false},"product_cat":[151,160,178,154,164,15,25],"product_tag":[175,179,176,180,181,182,183,184,131,177],"class_list":{"0":"post-4641","1":"product","2":"type-product","3":"status-publish","4":"has-post-thumbnail","6":"product_cat-ear-piercing","7":"product_cat-internally-threaded","8":"product_cat-labret-flat-back-stud","9":"product_cat-lip-piercing","10":"product_cat-threaded-ends","11":"product_cat-new-item","12":"product_cat-14k-solid-gold","13":"product_tag-conch-stud","14":"product_tag-forward-helix-stud","15":"product_tag-helix-cartilage-stud","16":"product_tag-labret-flat-back-stud","17":"product_tag-lip-stud","18":"product_tag-lobe-stud","19":"product_tag-medusa-piercing-stud","20":"product_tag-monroe-piercing-stud","21":"product_tag-threadless-ends","22":"product_tag-tragus-stud","24":"first","25":"instock","26":"shipping-taxable","27":"purchasable","28":"product-type-variable"},"acf":[],"_links":{"self":[{"href":"https:\/\/www.goldpiercingfactory.com\/pt\/wp-json\/wp\/v2\/product\/4641","targetHints":{"allow":["GET"]}}],"collection":[{"href":"https:\/\/www.goldpiercingfactory.com\/pt\/wp-json\/wp\/v2\/product"}],"about":[{"href":"https:\/\/www.goldpiercingfactory.com\/pt\/wp-json\/wp\/v2\/types\/product"}],"replies":[{"embeddable":true,"href":"https:\/\/www.goldpiercingfactory.com\/pt\/wp-json\/wp\/v2\/comments?post=4641"}],"wp:featuredmedia":[{"embeddable":true,"href":"https:\/\/www.goldpiercingfactory.com\/pt\/wp-json\/wp\/v2\/media\/4646"}],"wp:attachment":[{"href":"https:\/\/www.goldpiercingfactory.com\/pt\/wp-json\/wp\/v2\/media?parent=4641"}],"wp:term":[{"taxonomy":"product_cat","embeddable":true,"href":"https:\/\/www.goldpiercingfactory.com\/pt\/wp-json\/wp\/v2\/product_cat?post=4641"},{"taxonomy":"product_tag","embeddable":true,"href":"https:\/\/www.goldpiercingfactory.com\/pt\/wp-json\/wp\/v2\/product_tag?post=4641"}],"curies":[{"name":"wp","href":"https:\/\/api.w.org\/{rel}","templated":true}]}}