{"id":5049,"date":"2024-03-19T09:37:24","date_gmt":"2024-03-19T01:37:24","guid":{"rendered":"https:\/\/www.goldpiercingfactory.com\/?post_type=product&#038;p=5049"},"modified":"2024-06-06T16:08:13","modified_gmt":"2024-06-06T08:08:13","slug":"14k-solid-gold-cz-anchor-shape-internally-threaded-labret-stud","status":"publish","type":"product","link":"https:\/\/www.goldpiercingfactory.com\/pt\/produto\/14k-solid-gold-cz-anchor-shape-internally-threaded-labret-stud\/","title":{"rendered":"14K Solid Gold CZ Anchor Shape Freed Labret Stud"},"content":{"rendered":"<p>Apresentando o GV104G, uma sinfonia em ouro s\u00f3lido 14k com um brilho de pedras CZ. Esta j\u00f3ia corporal rosqueada internamente possui um pino rosqueado de a\u00e7o para durabilidade, coroado com uma parte superior rosqueada que irradia sofistica\u00e7\u00e3o. \u00c9 uma pe\u00e7a atemporal que oferece estilo e subst\u00e2ncia.<\/p>","protected":false},"excerpt":{"rendered":"<p>Apresentando o GV104G, uma sinfonia em ouro s\u00f3lido 14k com um brilho de pedras CZ. Esta j\u00f3ia corporal rosqueada internamente possui um pino rosqueado de a\u00e7o para durabilidade, coroado com uma parte superior rosqueada que irradia sofistica\u00e7\u00e3o. \u00c9 uma pe\u00e7a atemporal que oferece estilo e subst\u00e2ncia.<\/p>","protected":false},"featured_media":5811,"comment_status":"open","ping_status":"closed","template":"","meta":{"_acf_changed":false},"product_cat":[151,160,178,154,164,15,25],"product_tag":[175,179,176,180,181,182,183,184,131,177],"class_list":{"0":"post-5049","1":"product","2":"type-product","3":"status-publish","4":"has-post-thumbnail","6":"product_cat-ear-piercing","7":"product_cat-internally-threaded","8":"product_cat-labret-flat-back-stud","9":"product_cat-lip-piercing","10":"product_cat-threaded-ends","11":"product_cat-new-item","12":"product_cat-14k-solid-gold","13":"product_tag-conch-stud","14":"product_tag-forward-helix-stud","15":"product_tag-helix-cartilage-stud","16":"product_tag-labret-flat-back-stud","17":"product_tag-lip-stud","18":"product_tag-lobe-stud","19":"product_tag-medusa-piercing-stud","20":"product_tag-monroe-piercing-stud","21":"product_tag-threadless-ends","22":"product_tag-tragus-stud","24":"first","25":"instock","26":"shipping-taxable","27":"purchasable","28":"product-type-variable"},"acf":[],"_links":{"self":[{"href":"https:\/\/www.goldpiercingfactory.com\/pt\/wp-json\/wp\/v2\/product\/5049","targetHints":{"allow":["GET"]}}],"collection":[{"href":"https:\/\/www.goldpiercingfactory.com\/pt\/wp-json\/wp\/v2\/product"}],"about":[{"href":"https:\/\/www.goldpiercingfactory.com\/pt\/wp-json\/wp\/v2\/types\/product"}],"replies":[{"embeddable":true,"href":"https:\/\/www.goldpiercingfactory.com\/pt\/wp-json\/wp\/v2\/comments?post=5049"}],"wp:featuredmedia":[{"embeddable":true,"href":"https:\/\/www.goldpiercingfactory.com\/pt\/wp-json\/wp\/v2\/media\/5811"}],"wp:attachment":[{"href":"https:\/\/www.goldpiercingfactory.com\/pt\/wp-json\/wp\/v2\/media?parent=5049"}],"wp:term":[{"taxonomy":"product_cat","embeddable":true,"href":"https:\/\/www.goldpiercingfactory.com\/pt\/wp-json\/wp\/v2\/product_cat?post=5049"},{"taxonomy":"product_tag","embeddable":true,"href":"https:\/\/www.goldpiercingfactory.com\/pt\/wp-json\/wp\/v2\/product_tag?post=5049"}],"curies":[{"name":"wp","href":"https:\/\/api.w.org\/{rel}","templated":true}]}}