{"id":5488,"date":"2024-04-09T10:10:19","date_gmt":"2024-04-09T02:10:19","guid":{"rendered":"https:\/\/www.goldpiercingfactory.com\/?post_type=product&#038;p=5488"},"modified":"2024-06-06T16:09:03","modified_gmt":"2024-06-06T08:09:03","slug":"14k-solid-gold-glamour-internally-threaded-navel-ring-with-cubic-zirconia-highlight","status":"publish","type":"product","link":"https:\/\/www.goldpiercingfactory.com\/pt\/produto\/14k-solid-gold-glamour-internally-threaded-navel-ring-with-cubic-zirconia-highlight\/","title":{"rendered":"Anel de umbigo rosqueado de ouro s\u00f3lido de 14k com destaque c\u00fabico de zirc\u00f4nia c\u00fabica"},"content":{"rendered":"<p>GW20G-1410, a 14K yellow gold internally threaded navel ring, is a vision of opulence with its dazzling cubic zircon. This exquisite piece brings a radiant sophistication to your collection.<\/p>","protected":false},"excerpt":{"rendered":"<p>GW20G-1410, a 14K yellow gold internally threaded navel ring, is a vision of opulence with its dazzling cubic zircon. This exquisite piece brings a radiant sophistication to your collection.<\/p>","protected":false},"featured_media":5490,"comment_status":"open","ping_status":"closed","template":"","meta":{"_acf_changed":false},"product_cat":[160,156,15,25],"product_tag":[],"class_list":{"0":"post-5488","1":"product","2":"type-product","3":"status-publish","4":"has-post-thumbnail","6":"product_cat-internally-threaded","7":"product_cat-navel-belly-piercing","8":"product_cat-new-item","9":"product_cat-14k-solid-gold","11":"first","12":"instock","13":"shipping-taxable","14":"purchasable","15":"product-type-variable","16":"has-default-attributes"},"acf":[],"_links":{"self":[{"href":"https:\/\/www.goldpiercingfactory.com\/pt\/wp-json\/wp\/v2\/product\/5488","targetHints":{"allow":["GET"]}}],"collection":[{"href":"https:\/\/www.goldpiercingfactory.com\/pt\/wp-json\/wp\/v2\/product"}],"about":[{"href":"https:\/\/www.goldpiercingfactory.com\/pt\/wp-json\/wp\/v2\/types\/product"}],"replies":[{"embeddable":true,"href":"https:\/\/www.goldpiercingfactory.com\/pt\/wp-json\/wp\/v2\/comments?post=5488"}],"wp:featuredmedia":[{"embeddable":true,"href":"https:\/\/www.goldpiercingfactory.com\/pt\/wp-json\/wp\/v2\/media\/5490"}],"wp:attachment":[{"href":"https:\/\/www.goldpiercingfactory.com\/pt\/wp-json\/wp\/v2\/media?parent=5488"}],"wp:term":[{"taxonomy":"product_cat","embeddable":true,"href":"https:\/\/www.goldpiercingfactory.com\/pt\/wp-json\/wp\/v2\/product_cat?post=5488"},{"taxonomy":"product_tag","embeddable":true,"href":"https:\/\/www.goldpiercingfactory.com\/pt\/wp-json\/wp\/v2\/product_tag?post=5488"}],"curies":[{"name":"wp","href":"https:\/\/api.w.org\/{rel}","templated":true}]}}