{"id":5514,"date":"2024-04-10T09:58:36","date_gmt":"2024-04-10T01:58:36","guid":{"rendered":"https:\/\/www.goldpiercingfactory.com\/?post_type=product&#038;p=5514"},"modified":"2024-06-06T16:09:14","modified_gmt":"2024-06-06T08:09:14","slug":"14k-solid-gold-threadless-paw-shape-nipple-barbell","status":"publish","type":"product","link":"https:\/\/www.goldpiercingfactory.com\/pt\/produto\/14k-solid-gold-threadless-paw-shape-nipple-barbell\/","title":{"rendered":"14K Sold Gold Gold sem rosca da forma de barra"},"content":{"rendered":"<p>O GXH30409G \u00e9 um luxuoso anel de mamilo sem rosca de ouro 14k, adornado com pedras CZ transparentes e um pino de a\u00e7o dur\u00e1vel. Seu design de pata acrescenta um toque divertido e opulento ao seu adorno corpo.<\/p>","protected":false},"excerpt":{"rendered":"<p>O GXH30409G \u00e9 um luxuoso anel de mamilo sem rosca de ouro 14k, adornado com pedras CZ transparentes e um pino de a\u00e7o dur\u00e1vel. Seu design de pata acrescenta um toque divertido e opulento ao seu adorno corpo.<\/p>","protected":false},"featured_media":5516,"comment_status":"open","ping_status":"closed","template":"","meta":{"_acf_changed":false},"product_cat":[155,162,15,25],"product_tag":[],"class_list":{"0":"post-5514","1":"product","2":"type-product","3":"status-publish","4":"has-post-thumbnail","6":"product_cat-nipple-piercing","7":"product_cat-threadless-ends","8":"product_cat-new-item","9":"product_cat-14k-solid-gold","11":"first","12":"instock","13":"shipping-taxable","14":"purchasable","15":"product-type-variable","16":"has-default-attributes"},"acf":[],"_links":{"self":[{"href":"https:\/\/www.goldpiercingfactory.com\/pt\/wp-json\/wp\/v2\/product\/5514","targetHints":{"allow":["GET"]}}],"collection":[{"href":"https:\/\/www.goldpiercingfactory.com\/pt\/wp-json\/wp\/v2\/product"}],"about":[{"href":"https:\/\/www.goldpiercingfactory.com\/pt\/wp-json\/wp\/v2\/types\/product"}],"replies":[{"embeddable":true,"href":"https:\/\/www.goldpiercingfactory.com\/pt\/wp-json\/wp\/v2\/comments?post=5514"}],"wp:featuredmedia":[{"embeddable":true,"href":"https:\/\/www.goldpiercingfactory.com\/pt\/wp-json\/wp\/v2\/media\/5516"}],"wp:attachment":[{"href":"https:\/\/www.goldpiercingfactory.com\/pt\/wp-json\/wp\/v2\/media?parent=5514"}],"wp:term":[{"taxonomy":"product_cat","embeddable":true,"href":"https:\/\/www.goldpiercingfactory.com\/pt\/wp-json\/wp\/v2\/product_cat?post=5514"},{"taxonomy":"product_tag","embeddable":true,"href":"https:\/\/www.goldpiercingfactory.com\/pt\/wp-json\/wp\/v2\/product_tag?post=5514"}],"curies":[{"name":"wp","href":"https:\/\/api.w.org\/{rel}","templated":true}]}}