{"id":5575,"date":"2024-04-13T10:00:06","date_gmt":"2024-04-13T02:00:06","guid":{"rendered":"https:\/\/www.goldpiercingfactory.com\/?post_type=product&#038;p=5575"},"modified":"2024-06-06T16:09:15","modified_gmt":"2024-06-06T08:09:15","slug":"14k-solid-gold-sunburst-hinged-segment-ring-with-cubic-zirconia","status":"publish","type":"product","link":"https:\/\/www.goldpiercingfactory.com\/pt\/produto\/14k-solid-gold-sunburst-hinged-segment-ring-with-cubic-zirconia\/","title":{"rendered":"Anel de segmento de Burst Sunburst de Gold Soldado de 14k com zirc\u00f4nia c\u00fabica"},"content":{"rendered":"<p>Veja o GZ84G-1608, um deslumbrante anel de segmento de ouro maci\u00e7o de 14k de 14k iluminado pelo brilho do zirc\u00e3o c\u00fabico. Seu design celestial traz um toque de charme celestial \u00e0s joias do seu corpo, perfeito para fazer uma declara\u00e7\u00e3o luminosa. 1,2*8mm \uff1b rd: 1.1*15 \uff1b Sq: 2,0*10<\/p>","protected":false},"excerpt":{"rendered":"<p>Veja o GZ84G-1608, um deslumbrante anel de segmento de ouro maci\u00e7o de 14k de 14k iluminado pelo brilho do zirc\u00e3o c\u00fabico. Seu design celestial traz um toque de charme celestial \u00e0s joias do seu corpo, perfeito para fazer uma declara\u00e7\u00e3o luminosa. 1,2*8mm \uff1b rd: 1.1*15 \uff1b Sq: 2,0*10<\/p>","protected":false},"featured_media":5754,"comment_status":"open","ping_status":"closed","template":"","meta":{"_acf_changed":false},"product_cat":[151,158,154,152,15,25],"product_tag":[],"class_list":{"0":"post-5575","1":"product","2":"type-product","3":"status-publish","4":"has-post-thumbnail","6":"product_cat-ear-piercing","7":"product_cat-hinged-segment-ring","8":"product_cat-lip-piercing","9":"product_cat-nose-piercing","10":"product_cat-new-item","11":"product_cat-14k-solid-gold","13":"first","14":"instock","15":"shipping-taxable","16":"purchasable","17":"product-type-variable","18":"has-default-attributes"},"acf":[],"_links":{"self":[{"href":"https:\/\/www.goldpiercingfactory.com\/pt\/wp-json\/wp\/v2\/product\/5575","targetHints":{"allow":["GET"]}}],"collection":[{"href":"https:\/\/www.goldpiercingfactory.com\/pt\/wp-json\/wp\/v2\/product"}],"about":[{"href":"https:\/\/www.goldpiercingfactory.com\/pt\/wp-json\/wp\/v2\/types\/product"}],"replies":[{"embeddable":true,"href":"https:\/\/www.goldpiercingfactory.com\/pt\/wp-json\/wp\/v2\/comments?post=5575"}],"wp:featuredmedia":[{"embeddable":true,"href":"https:\/\/www.goldpiercingfactory.com\/pt\/wp-json\/wp\/v2\/media\/5754"}],"wp:attachment":[{"href":"https:\/\/www.goldpiercingfactory.com\/pt\/wp-json\/wp\/v2\/media?parent=5575"}],"wp:term":[{"taxonomy":"product_cat","embeddable":true,"href":"https:\/\/www.goldpiercingfactory.com\/pt\/wp-json\/wp\/v2\/product_cat?post=5575"},{"taxonomy":"product_tag","embeddable":true,"href":"https:\/\/www.goldpiercingfactory.com\/pt\/wp-json\/wp\/v2\/product_tag?post=5575"}],"curies":[{"name":"wp","href":"https:\/\/api.w.org\/{rel}","templated":true}]}}