{"id":7144,"date":"2024-07-02T10:00:52","date_gmt":"2024-07-02T02:00:52","guid":{"rendered":"https:\/\/www.goldpiercingfactory.com\/?post_type=product&#038;p=7144"},"modified":"2024-08-22T14:24:06","modified_gmt":"2024-08-22T06:24:06","slug":"14k-yellow-gold-classic-elegance-navel-ring-with-pearl-and-cz-stone","status":"publish","type":"product","link":"https:\/\/www.goldpiercingfactory.com\/pt\/produto\/14k-yellow-gold-classic-elegance-navel-ring-with-pearl-and-cz-stone\/","title":{"rendered":"Anel de umbigo de eleg\u00e2ncia cl\u00e1ssico de ouro amarelo de 14k com p\u00e9rola e pedra cz"},"content":{"rendered":"<p>Discover GW26G: A 14K yellow gold navel ring, featuring a lustrous pearl and sparkling CZ in a gracefully curved design.1.6*10mm<\/p>","protected":false},"excerpt":{"rendered":"<p>Discover GW26G: A 14K yellow gold navel ring, featuring a lustrous pearl and sparkling CZ in a gracefully curved design.1.6*10mm<\/p>","protected":false},"featured_media":7146,"comment_status":"open","ping_status":"closed","template":"","meta":{"_acf_changed":false},"product_cat":[160,156,15,25],"product_tag":[],"class_list":{"0":"post-7144","1":"product","2":"type-product","3":"status-publish","4":"has-post-thumbnail","6":"product_cat-internally-threaded","7":"product_cat-navel-belly-piercing","8":"product_cat-new-item","9":"product_cat-14k-solid-gold","11":"first","12":"instock","13":"shipping-taxable","14":"purchasable","15":"product-type-variable"},"acf":[],"_links":{"self":[{"href":"https:\/\/www.goldpiercingfactory.com\/pt\/wp-json\/wp\/v2\/product\/7144","targetHints":{"allow":["GET"]}}],"collection":[{"href":"https:\/\/www.goldpiercingfactory.com\/pt\/wp-json\/wp\/v2\/product"}],"about":[{"href":"https:\/\/www.goldpiercingfactory.com\/pt\/wp-json\/wp\/v2\/types\/product"}],"replies":[{"embeddable":true,"href":"https:\/\/www.goldpiercingfactory.com\/pt\/wp-json\/wp\/v2\/comments?post=7144"}],"wp:featuredmedia":[{"embeddable":true,"href":"https:\/\/www.goldpiercingfactory.com\/pt\/wp-json\/wp\/v2\/media\/7146"}],"wp:attachment":[{"href":"https:\/\/www.goldpiercingfactory.com\/pt\/wp-json\/wp\/v2\/media?parent=7144"}],"wp:term":[{"taxonomy":"product_cat","embeddable":true,"href":"https:\/\/www.goldpiercingfactory.com\/pt\/wp-json\/wp\/v2\/product_cat?post=7144"},{"taxonomy":"product_tag","embeddable":true,"href":"https:\/\/www.goldpiercingfactory.com\/pt\/wp-json\/wp\/v2\/product_tag?post=7144"}],"curies":[{"name":"wp","href":"https:\/\/api.w.org\/{rel}","templated":true}]}}