{"id":7220,"date":"2024-07-08T10:57:36","date_gmt":"2024-07-08T02:57:36","guid":{"rendered":"https:\/\/www.goldpiercingfactory.com\/?post_type=product&#038;p=7220"},"modified":"2024-08-21T15:44:41","modified_gmt":"2024-08-21T07:44:41","slug":"14k-solid-gold-seamless-ring-with-dangling-cz-stone-charms","status":"publish","type":"product","link":"https:\/\/www.goldpiercingfactory.com\/pt\/produto\/14k-solid-gold-seamless-ring-with-dangling-cz-stone-charms\/","title":{"rendered":"Anel de 14k em ouro maci\u00e7o, com encantos de pedra CZ pendurados"},"content":{"rendered":"<p>Descubra a eleg\u00e2ncia caprichosa do GY21G, um anel sem costura de ouro s\u00f3lido de 14k adornado com encantos de pedra cz bem trabalhados. Esta pe\u00e7a \u00fanica combina sofistica\u00e7\u00e3o cl\u00e1ssica com charme divertido, perfeito para melhorar qualquer conjunto com um toque de brilho. 1,2*8mm \/1.0*8mm<\/p>","protected":false},"excerpt":{"rendered":"<p>Descubra a eleg\u00e2ncia caprichosa do GY21G, um anel sem costura de ouro s\u00f3lido de 14k adornado com encantos de pedra cz bem trabalhados. Esta pe\u00e7a \u00fanica combina sofistica\u00e7\u00e3o cl\u00e1ssica com charme divertido, perfeito para melhorar qualquer conjunto com um toque de brilho. 1,2*8mm \/1.0*8mm<\/p>","protected":false},"featured_media":7222,"comment_status":"open","ping_status":"closed","template":"","meta":{"_acf_changed":false},"product_cat":[151,154,152,159,15,25],"product_tag":[],"class_list":{"0":"post-7220","1":"product","2":"type-product","3":"status-publish","4":"has-post-thumbnail","6":"product_cat-ear-piercing","7":"product_cat-lip-piercing","8":"product_cat-nose-piercing","9":"product_cat-seamless-ring","10":"product_cat-new-item","11":"product_cat-14k-solid-gold","13":"first","14":"instock","15":"shipping-taxable","16":"purchasable","17":"product-type-variable"},"acf":[],"_links":{"self":[{"href":"https:\/\/www.goldpiercingfactory.com\/pt\/wp-json\/wp\/v2\/product\/7220","targetHints":{"allow":["GET"]}}],"collection":[{"href":"https:\/\/www.goldpiercingfactory.com\/pt\/wp-json\/wp\/v2\/product"}],"about":[{"href":"https:\/\/www.goldpiercingfactory.com\/pt\/wp-json\/wp\/v2\/types\/product"}],"replies":[{"embeddable":true,"href":"https:\/\/www.goldpiercingfactory.com\/pt\/wp-json\/wp\/v2\/comments?post=7220"}],"wp:featuredmedia":[{"embeddable":true,"href":"https:\/\/www.goldpiercingfactory.com\/pt\/wp-json\/wp\/v2\/media\/7222"}],"wp:attachment":[{"href":"https:\/\/www.goldpiercingfactory.com\/pt\/wp-json\/wp\/v2\/media?parent=7220"}],"wp:term":[{"taxonomy":"product_cat","embeddable":true,"href":"https:\/\/www.goldpiercingfactory.com\/pt\/wp-json\/wp\/v2\/product_cat?post=7220"},{"taxonomy":"product_tag","embeddable":true,"href":"https:\/\/www.goldpiercingfactory.com\/pt\/wp-json\/wp\/v2\/product_tag?post=7220"}],"curies":[{"name":"wp","href":"https:\/\/api.w.org\/{rel}","templated":true}]}}