{"id":7288,"date":"2024-07-12T10:00:23","date_gmt":"2024-07-12T02:00:23","guid":{"rendered":"https:\/\/www.goldpiercingfactory.com\/?post_type=product&#038;p=7288"},"modified":"2024-07-11T10:58:54","modified_gmt":"2024-07-11T02:58:54","slug":"14k-solid-gold-hinged-segment-ring-with-cz-cascading-design","status":"publish","type":"product","link":"https:\/\/www.goldpiercingfactory.com\/pt\/produto\/14k-solid-gold-hinged-segment-ring-with-cz-cascading-design\/","title":{"rendered":"Anel de segmento com articula\u00e7\u00e3o de ouro maci\u00e7o 14K com design de cascata CZ"},"content":{"rendered":"<p>Step into luxury with the &#8220;GZ11G&#8221; 14K solid gold hinged segment ring, featuring a cascading CZ stone design. This piece combines glamour and elegance effortlessly. 1.2*8mm<\/p>","protected":false},"excerpt":{"rendered":"<p>Step into luxury with the &#8220;GZ11G&#8221; 14K solid gold hinged segment ring, featuring a cascading CZ stone design. This piece combines glamour and elegance effortlessly. 1.2*8mm<\/p>","protected":false},"featured_media":7291,"comment_status":"open","ping_status":"closed","template":"","meta":{"_acf_changed":false},"product_cat":[151,158,154,152,15,25],"product_tag":[],"class_list":{"0":"post-7288","1":"product","2":"type-product","3":"status-publish","4":"has-post-thumbnail","6":"product_cat-ear-piercing","7":"product_cat-hinged-segment-ring","8":"product_cat-lip-piercing","9":"product_cat-nose-piercing","10":"product_cat-new-item","11":"product_cat-14k-solid-gold","13":"first","14":"instock","15":"shipping-taxable","16":"purchasable","17":"product-type-variable"},"acf":[],"_links":{"self":[{"href":"https:\/\/www.goldpiercingfactory.com\/pt\/wp-json\/wp\/v2\/product\/7288","targetHints":{"allow":["GET"]}}],"collection":[{"href":"https:\/\/www.goldpiercingfactory.com\/pt\/wp-json\/wp\/v2\/product"}],"about":[{"href":"https:\/\/www.goldpiercingfactory.com\/pt\/wp-json\/wp\/v2\/types\/product"}],"replies":[{"embeddable":true,"href":"https:\/\/www.goldpiercingfactory.com\/pt\/wp-json\/wp\/v2\/comments?post=7288"}],"wp:featuredmedia":[{"embeddable":true,"href":"https:\/\/www.goldpiercingfactory.com\/pt\/wp-json\/wp\/v2\/media\/7291"}],"wp:attachment":[{"href":"https:\/\/www.goldpiercingfactory.com\/pt\/wp-json\/wp\/v2\/media?parent=7288"}],"wp:term":[{"taxonomy":"product_cat","embeddable":true,"href":"https:\/\/www.goldpiercingfactory.com\/pt\/wp-json\/wp\/v2\/product_cat?post=7288"},{"taxonomy":"product_tag","embeddable":true,"href":"https:\/\/www.goldpiercingfactory.com\/pt\/wp-json\/wp\/v2\/product_tag?post=7288"}],"curies":[{"name":"wp","href":"https:\/\/api.w.org\/{rel}","templated":true}]}}