{"id":7746,"date":"2024-08-22T10:00:07","date_gmt":"2024-08-22T02:00:07","guid":{"rendered":"https:\/\/www.goldpiercingfactory.com\/?post_type=product&#038;p=7746"},"modified":"2024-08-21T10:23:48","modified_gmt":"2024-08-21T02:23:48","slug":"14k-solid-gold-heart-seamless-ring-with-cz-stone-flower-accent","status":"publish","type":"product","link":"https:\/\/www.goldpiercingfactory.com\/pt\/produto\/14k-solid-gold-heart-seamless-ring-with-cz-stone-flower-accent\/","title":{"rendered":"Anel sem costura de cora\u00e7\u00e3o de ouro maci\u00e7o de 14k com sotaque de flor de pedra CZ"},"content":{"rendered":"<p>Introducing GY40G, a 14K solid gold heart-shaped seamless ring featuring a delicate CZ stone flower accent. This charming piece combines romance and elegance, perfect for adding a touch of sparkle to your body jewelry collection.<\/p>","protected":false},"excerpt":{"rendered":"<p>Introducing GY40G, a 14K solid gold heart-shaped seamless ring featuring a delicate CZ stone flower accent. This charming piece combines romance and elegance, perfect for adding a touch of sparkle to your body jewelry collection.<\/p>","protected":false},"featured_media":7749,"comment_status":"open","ping_status":"closed","template":"","meta":{"_acf_changed":false},"product_cat":[151,178,154,152,159,15,25],"product_tag":[],"class_list":{"0":"post-7746","1":"product","2":"type-product","3":"status-publish","4":"has-post-thumbnail","6":"product_cat-ear-piercing","7":"product_cat-labret-flat-back-stud","8":"product_cat-lip-piercing","9":"product_cat-nose-piercing","10":"product_cat-seamless-ring","11":"product_cat-new-item","12":"product_cat-14k-solid-gold","14":"first","15":"instock","16":"shipping-taxable","17":"purchasable","18":"product-type-variable","19":"has-default-attributes"},"acf":[],"_links":{"self":[{"href":"https:\/\/www.goldpiercingfactory.com\/pt\/wp-json\/wp\/v2\/product\/7746","targetHints":{"allow":["GET"]}}],"collection":[{"href":"https:\/\/www.goldpiercingfactory.com\/pt\/wp-json\/wp\/v2\/product"}],"about":[{"href":"https:\/\/www.goldpiercingfactory.com\/pt\/wp-json\/wp\/v2\/types\/product"}],"replies":[{"embeddable":true,"href":"https:\/\/www.goldpiercingfactory.com\/pt\/wp-json\/wp\/v2\/comments?post=7746"}],"wp:featuredmedia":[{"embeddable":true,"href":"https:\/\/www.goldpiercingfactory.com\/pt\/wp-json\/wp\/v2\/media\/7749"}],"wp:attachment":[{"href":"https:\/\/www.goldpiercingfactory.com\/pt\/wp-json\/wp\/v2\/media?parent=7746"}],"wp:term":[{"taxonomy":"product_cat","embeddable":true,"href":"https:\/\/www.goldpiercingfactory.com\/pt\/wp-json\/wp\/v2\/product_cat?post=7746"},{"taxonomy":"product_tag","embeddable":true,"href":"https:\/\/www.goldpiercingfactory.com\/pt\/wp-json\/wp\/v2\/product_tag?post=7746"}],"curies":[{"name":"wp","href":"https:\/\/api.w.org\/{rel}","templated":true}]}}