{"id":7892,"date":"2024-09-07T10:00:58","date_gmt":"2024-09-07T02:00:58","guid":{"rendered":"https:\/\/www.goldpiercingfactory.com\/?post_type=product&#038;p=7892"},"modified":"2024-09-07T10:18:06","modified_gmt":"2024-09-07T02:18:06","slug":"14k-solid-gold-externally-threaded-belly-ring-with-heart-shaped-cz-stone","status":"publish","type":"product","link":"https:\/\/www.goldpiercingfactory.com\/pt\/produto\/14k-solid-gold-externally-threaded-belly-ring-with-heart-shaped-cz-stone\/","title":{"rendered":"14K Gold Solid Gold Ring Belly Ring com pedra CZ em forma de cora\u00e7\u00e3o"},"content":{"rendered":"<p>Apresentando o GWV01G, um anel de barriga rosqueado de ouro s\u00f3lido de 14k com uma impressionante pedra CZ em forma de cora\u00e7\u00e3o. Esta pe\u00e7a elegante adiciona um toque de romance e sofistica\u00e7\u00e3o \u00e0 cole\u00e7\u00e3o de j\u00f3ias do corpo, perfeita para qualquer ocasi\u00e3o.<\/p>","protected":false},"excerpt":{"rendered":"<p>Apresentando o GWV01G, um anel de barriga rosqueado de ouro s\u00f3lido de 14k com uma impressionante pedra CZ em forma de cora\u00e7\u00e3o. Esta pe\u00e7a elegante adiciona um toque de romance e sofistica\u00e7\u00e3o \u00e0 cole\u00e7\u00e3o de j\u00f3ias do corpo, perfeita para qualquer ocasi\u00e3o.<\/p>","protected":false},"featured_media":7894,"comment_status":"open","ping_status":"closed","template":"","meta":{"_acf_changed":false},"product_cat":[161,156,15,25],"product_tag":[],"class_list":{"0":"post-7892","1":"product","2":"type-product","3":"status-publish","4":"has-post-thumbnail","6":"product_cat-externally-threaded","7":"product_cat-navel-belly-piercing","8":"product_cat-new-item","9":"product_cat-14k-solid-gold","11":"first","12":"instock","13":"shipping-taxable","14":"purchasable","15":"product-type-variable"},"acf":[],"_links":{"self":[{"href":"https:\/\/www.goldpiercingfactory.com\/pt\/wp-json\/wp\/v2\/product\/7892","targetHints":{"allow":["GET"]}}],"collection":[{"href":"https:\/\/www.goldpiercingfactory.com\/pt\/wp-json\/wp\/v2\/product"}],"about":[{"href":"https:\/\/www.goldpiercingfactory.com\/pt\/wp-json\/wp\/v2\/types\/product"}],"replies":[{"embeddable":true,"href":"https:\/\/www.goldpiercingfactory.com\/pt\/wp-json\/wp\/v2\/comments?post=7892"}],"wp:featuredmedia":[{"embeddable":true,"href":"https:\/\/www.goldpiercingfactory.com\/pt\/wp-json\/wp\/v2\/media\/7894"}],"wp:attachment":[{"href":"https:\/\/www.goldpiercingfactory.com\/pt\/wp-json\/wp\/v2\/media?parent=7892"}],"wp:term":[{"taxonomy":"product_cat","embeddable":true,"href":"https:\/\/www.goldpiercingfactory.com\/pt\/wp-json\/wp\/v2\/product_cat?post=7892"},{"taxonomy":"product_tag","embeddable":true,"href":"https:\/\/www.goldpiercingfactory.com\/pt\/wp-json\/wp\/v2\/product_tag?post=7892"}],"curies":[{"name":"wp","href":"https:\/\/api.w.org\/{rel}","templated":true}]}}