{"id":8105,"date":"2024-10-04T10:00:56","date_gmt":"2024-10-04T02:00:56","guid":{"rendered":"https:\/\/www.goldpiercingfactory.com\/?post_type=product&#038;p=8105"},"modified":"2024-09-30T13:35:41","modified_gmt":"2024-09-30T05:35:41","slug":"14k-solid-gold-hinged-segment-ring-with-multiple-cz-stones","status":"publish","type":"product","link":"https:\/\/www.goldpiercingfactory.com\/pt\/produto\/14k-solid-gold-hinged-segment-ring-with-multiple-cz-stones\/","title":{"rendered":"Anel de segmento de arco de ouro maci\u00e7o 14K com v\u00e1rias pedras CZ"},"content":{"rendered":"<p>Apresentando GZE22G: um anel de segmento de ouro maci\u00e7o de 14k com v\u00e1rias pedras CZ espumantes. Esta pe\u00e7a elegante e segura \u00e9 perfeita para qualquer entusiasta de piercing corporal que busque um visual sofisticado e deslumbrante.<\/p>","protected":false},"excerpt":{"rendered":"<p>Apresentando GZE22G: um anel de segmento de ouro maci\u00e7o de 14k com v\u00e1rias pedras CZ espumantes. Esta pe\u00e7a elegante e segura \u00e9 perfeita para qualquer entusiasta de piercing corporal que busque um visual sofisticado e deslumbrante.<\/p>","protected":false},"featured_media":8108,"comment_status":"open","ping_status":"closed","template":"","meta":{"_acf_changed":false},"product_cat":[151,158,178,154,152,15,25],"product_tag":[],"class_list":{"0":"post-8105","1":"product","2":"type-product","3":"status-publish","4":"has-post-thumbnail","6":"product_cat-ear-piercing","7":"product_cat-hinged-segment-ring","8":"product_cat-labret-flat-back-stud","9":"product_cat-lip-piercing","10":"product_cat-nose-piercing","11":"product_cat-new-item","12":"product_cat-14k-solid-gold","14":"first","15":"instock","16":"shipping-taxable","17":"purchasable","18":"product-type-variable"},"acf":[],"_links":{"self":[{"href":"https:\/\/www.goldpiercingfactory.com\/pt\/wp-json\/wp\/v2\/product\/8105","targetHints":{"allow":["GET"]}}],"collection":[{"href":"https:\/\/www.goldpiercingfactory.com\/pt\/wp-json\/wp\/v2\/product"}],"about":[{"href":"https:\/\/www.goldpiercingfactory.com\/pt\/wp-json\/wp\/v2\/types\/product"}],"replies":[{"embeddable":true,"href":"https:\/\/www.goldpiercingfactory.com\/pt\/wp-json\/wp\/v2\/comments?post=8105"}],"wp:featuredmedia":[{"embeddable":true,"href":"https:\/\/www.goldpiercingfactory.com\/pt\/wp-json\/wp\/v2\/media\/8108"}],"wp:attachment":[{"href":"https:\/\/www.goldpiercingfactory.com\/pt\/wp-json\/wp\/v2\/media?parent=8105"}],"wp:term":[{"taxonomy":"product_cat","embeddable":true,"href":"https:\/\/www.goldpiercingfactory.com\/pt\/wp-json\/wp\/v2\/product_cat?post=8105"},{"taxonomy":"product_tag","embeddable":true,"href":"https:\/\/www.goldpiercingfactory.com\/pt\/wp-json\/wp\/v2\/product_tag?post=8105"}],"curies":[{"name":"wp","href":"https:\/\/api.w.org\/{rel}","templated":true}]}}