{"id":8252,"date":"2024-10-24T10:00:52","date_gmt":"2024-10-24T02:00:52","guid":{"rendered":"https:\/\/www.goldpiercingfactory.com\/?post_type=product&#038;p=8252"},"modified":"2024-10-23T11:34:24","modified_gmt":"2024-10-23T03:34:24","slug":"14k-solid-gold-wing-shaped-threadless-labret-stud-with-three-cz-stones","status":"publish","type":"product","link":"https:\/\/www.goldpiercingfactory.com\/pt\/produto\/14k-solid-gold-wing-shaped-threadless-labret-stud-with-three-cz-stones\/","title":{"rendered":"14K Solid Gold Gold Wings Labret Stud sem Three Cz Stones"},"content":{"rendered":"<p>Apresentando o GUE40198G, um impressionante Stud Labret de Goldless, de 14k, com um design elegante de asa acentuado com tr\u00eas pedras CZ espumantes. Esta pe\u00e7a requintada de j\u00f3ias corporais combina as imagens graciosas de uma asa com o brilho da zirc\u00f4nia c\u00fabica, criando um acess\u00f3rio sofisticado e atraente que adiciona um toque de charme celestial a qualquer piercing.<\/p>","protected":false},"excerpt":{"rendered":"<p>Apresentando o GUE40198G, um impressionante Stud Labret de Goldless, de 14k, com um design elegante de asa acentuado com tr\u00eas pedras CZ espumantes. Esta pe\u00e7a requintada de j\u00f3ias corporais combina as imagens graciosas de uma asa com o brilho da zirc\u00f4nia c\u00fabica, criando um acess\u00f3rio sofisticado e atraente que adiciona um toque de charme celestial a qualquer piercing.<\/p>","protected":false},"featured_media":8256,"comment_status":"open","ping_status":"closed","template":"","meta":{"_acf_changed":false},"product_cat":[151,178,154,152,162,15,25],"product_tag":[],"class_list":{"0":"post-8252","1":"product","2":"type-product","3":"status-publish","4":"has-post-thumbnail","6":"product_cat-ear-piercing","7":"product_cat-labret-flat-back-stud","8":"product_cat-lip-piercing","9":"product_cat-nose-piercing","10":"product_cat-threadless-ends","11":"product_cat-new-item","12":"product_cat-14k-solid-gold","14":"first","15":"instock","16":"shipping-taxable","17":"purchasable","18":"product-type-variable"},"acf":[],"_links":{"self":[{"href":"https:\/\/www.goldpiercingfactory.com\/pt\/wp-json\/wp\/v2\/product\/8252","targetHints":{"allow":["GET"]}}],"collection":[{"href":"https:\/\/www.goldpiercingfactory.com\/pt\/wp-json\/wp\/v2\/product"}],"about":[{"href":"https:\/\/www.goldpiercingfactory.com\/pt\/wp-json\/wp\/v2\/types\/product"}],"replies":[{"embeddable":true,"href":"https:\/\/www.goldpiercingfactory.com\/pt\/wp-json\/wp\/v2\/comments?post=8252"}],"wp:featuredmedia":[{"embeddable":true,"href":"https:\/\/www.goldpiercingfactory.com\/pt\/wp-json\/wp\/v2\/media\/8256"}],"wp:attachment":[{"href":"https:\/\/www.goldpiercingfactory.com\/pt\/wp-json\/wp\/v2\/media?parent=8252"}],"wp:term":[{"taxonomy":"product_cat","embeddable":true,"href":"https:\/\/www.goldpiercingfactory.com\/pt\/wp-json\/wp\/v2\/product_cat?post=8252"},{"taxonomy":"product_tag","embeddable":true,"href":"https:\/\/www.goldpiercingfactory.com\/pt\/wp-json\/wp\/v2\/product_tag?post=8252"}],"curies":[{"name":"wp","href":"https:\/\/api.w.org\/{rel}","templated":true}]}}